{"id":1030,"date":"2021-02-22T12:10:34","date_gmt":"2021-02-22T12:10:34","guid":{"rendered":"http:\/\/mallorca-anwalt.com\/mn-quienes-somos\/"},"modified":"2023-02-06T09:23:25","modified_gmt":"2023-02-06T09:23:25","slug":"mn-quienes-somos","status":"publish","type":"page","link":"https:\/\/mallorca-anwalt.com\/de\/mn-quienes-somos\/","title":{"rendered":"\u00dcBER UNS"},"content":{"rendered":"[vc_row type=&#8220;in_container&#8220; full_screen_row_position=&#8220;middle&#8220; column_margin=&#8220;default&#8220; column_direction=&#8220;default&#8220; column_direction_tablet=&#8220;default&#8220; column_direction_phone=&#8220;default&#8220; scene_position=&#8220;center&#8220; top_padding=&#8220;4%&#8220; bottom_padding=&#8220;4%&#8220; text_color=&#8220;dark&#8220; text_align=&#8220;left&#8220; row_border_radius=&#8220;none&#8220; row_border_radius_applies=&#8220;bg&#8220; overlay_strength=&#8220;0.3&#8243; gradient_direction=&#8220;left_to_right&#8220; shape_divider_position=&#8220;bottom&#8220; bg_image_animation=&#8220;none&#8220; shape_type=&#8220;&#8220;][vc_column column_padding=&#8220;no-extra-padding&#8220; column_padding_tablet=&#8220;inherit&#8220; column_padding_phone=&#8220;inherit&#8220; column_padding_position=&#8220;all&#8220; column_element_spacing=&#8220;default&#8220; background_color_opacity=&#8220;1&#8243; background_hover_color_opacity=&#8220;1&#8243; column_shadow=&#8220;none&#8220; column_border_radius=&#8220;none&#8220; column_link_target=&#8220;_self&#8220; gradient_direction=&#8220;left_to_right&#8220; overlay_strength=&#8220;0.3&#8243; width=&#8220;1\/2&#8243; tablet_width_inherit=&#8220;default&#8220; tablet_text_alignment=&#8220;default&#8220; phone_text_alignment=&#8220;default&#8220; bg_image_animation=&#8220;none&#8220; border_type=&#8220;simple&#8220; column_border_width=&#8220;none&#8220; column_border_style=&#8220;solid&#8220;][image_with_animation image_url=&#8220;1022&#8243; animation=&#8220;Fade In&#8220; hover_animation=&#8220;none&#8220; alignment=&#8220;&#8220; border_radius=&#8220;none&#8220; box_shadow=&#8220;none&#8220; image_loading=&#8220;default&#8220; max_width=&#8220;100%&#8220; max_width_mobile=&#8220;default&#8220;][\/vc_column][vc_column column_padding=&#8220;no-extra-padding&#8220; column_padding_tablet=&#8220;inherit&#8220; column_padding_phone=&#8220;inherit&#8220; column_padding_position=&#8220;all&#8220; column_element_spacing=&#8220;default&#8220; background_color_opacity=&#8220;1&#8243; background_hover_color_opacity=&#8220;1&#8243; column_shadow=&#8220;none&#8220; column_border_radius=&#8220;none&#8220; column_link_target=&#8220;_self&#8220; gradient_direction=&#8220;left_to_right&#8220; overlay_strength=&#8220;0.3&#8243; width=&#8220;1\/2&#8243; tablet_width_inherit=&#8220;default&#8220; tablet_text_alignment=&#8220;default&#8220; phone_text_alignment=&#8220;default&#8220; bg_image_animation=&#8220;none&#8220; border_type=&#8220;simple&#8220; column_border_width=&#8220;none&#8220; column_border_style=&#8220;solid&#8220;][vc_column_text]\n<p style=\"text-align: left;\">Die Kanzlei Gerboth &amp; Partner wurde von erfahrenen deutschen und spanischen Rechtsanw\u00e4lten in Palma gegr\u00fcndet. Rechtsanwalt Gerboth ist seit mehr als 15 Jahren auf den Balearen als spanischer Anwalt zugelassen (Abogado) und ist seither als Rechtsanwalt auf Mallorca t\u00e4tig. Er hat zahlreiche Artikel \u00fcber spanisches Recht ver\u00f6ffentlicht und an einem Handbuch und Kommentar f\u00fcr spanisches Erbrecht mitgewirkt. Weiter ist er spezialisiert im spanischen Immobilienrecht, SL Gr\u00fcndungen, und Betreuung von spanischen GmbHs, sowie im Baurecht, wobei er auf viele Jahre Erfahrung als Rechtsanwalt in Mallorca zur\u00fcckgreifen kann.Frau Rechtsanw\u00e4ltin Seidel ist seit einigen Jahren als Rechtsanwalt in Palma t\u00e4tig und ebenfalls spezialisiert im spanischen Immobilienrecht und Erbrecht.<\/p>\n<p>Beim Immobilienerwerb begleiten wir Sie vom Anfangscheck, Optionsvertrag, \u00fcber den Notarvertrag bis zur kompletten Eintragung im spanischen Grundbuch. Spanische GmbHs k\u00f6nnen wir f\u00fcr Sie gr\u00fcnden, betreuen, sowie auch innerhalb von 48 h eine Schnellgr\u00fcndung durchf\u00fchren.<\/p>\n[\/vc_column_text][\/vc_column][\/vc_row][vc_row type=&#8220;in_container&#8220; full_screen_row_position=&#8220;middle&#8220; column_margin=&#8220;default&#8220; column_direction=&#8220;default&#8220; column_direction_tablet=&#8220;default&#8220; column_direction_phone=&#8220;default&#8220; scene_position=&#8220;center&#8220; top_padding=&#8220;4%&#8220; constrain_group_1=&#8220;yes&#8220; bottom_padding=&#8220;4%&#8220; text_color=&#8220;dark&#8220; text_align=&#8220;left&#8220; row_border_radius=&#8220;none&#8220; row_border_radius_applies=&#8220;bg&#8220; overlay_strength=&#8220;0.3&#8243; gradient_direction=&#8220;left_to_right&#8220; shape_divider_position=&#8220;bottom&#8220; bg_image_animation=&#8220;none&#8220; shape_type=&#8220;&#8220;][vc_column column_padding=&#8220;no-extra-padding&#8220; column_padding_tablet=&#8220;inherit&#8220; column_padding_phone=&#8220;inherit&#8220; column_padding_position=&#8220;all&#8220; column_element_spacing=&#8220;default&#8220; background_color_opacity=&#8220;1&#8243; background_hover_color_opacity=&#8220;1&#8243; column_shadow=&#8220;none&#8220; column_border_radius=&#8220;none&#8220; column_link_target=&#8220;_self&#8220; gradient_direction=&#8220;left_to_right&#8220; overlay_strength=&#8220;0.3&#8243; width=&#8220;1\/1&#8243; tablet_width_inherit=&#8220;default&#8220; tablet_text_alignment=&#8220;default&#8220; phone_text_alignment=&#8220;default&#8220; bg_image_animation=&#8220;none&#8220; border_type=&#8220;simple&#8220; column_border_width=&#8220;none&#8220; column_border_style=&#8220;solid&#8220;][vc_row_inner column_margin=&#8220;default&#8220; column_direction=&#8220;default&#8220; column_direction_tablet=&#8220;default&#8220; column_direction_phone=&#8220;default&#8220; bottom_padding=&#8220;60&#8243; text_align=&#8220;left&#8220;][vc_column_inner column_padding=&#8220;no-extra-padding&#8220; column_padding_tablet=&#8220;inherit&#8220; column_padding_phone=&#8220;inherit&#8220; column_padding_position=&#8220;all&#8220; column_element_spacing=&#8220;default&#8220; centered_text=&#8220;true&#8220; background_color_opacity=&#8220;1&#8243; background_hover_color_opacity=&#8220;1&#8243; column_shadow=&#8220;none&#8220; column_border_radius=&#8220;none&#8220; column_link_target=&#8220;_self&#8220; gradient_direction=&#8220;left_to_right&#8220; overlay_strength=&#8220;0.3&#8243; width=&#8220;1\/1&#8243; tablet_width_inherit=&#8220;default&#8220; bg_image_animation=&#8220;none&#8220; border_type=&#8220;simple&#8220; column_border_width=&#8220;none&#8220; column_border_style=&#8220;solid&#8220;][vc_custom_heading text=&#8220;Unser Team&#8220; font_container=&#8220;tag:h3|text_align:center&#8220; use_theme_fonts=&#8220;yes&#8220;][divider line_type=&#8220;Small Line&#8220; line_alignment=&#8220;default&#8220; line_thickness=&#8220;2&#8243; divider_color=&#8220;accent-color&#8220; animate=&#8220;yes&#8220; custom_height=&#8220;40&#8243; custom_line_width=&#8220;40&#8243;][\/vc_column_inner][\/vc_row_inner][vc_row_inner column_margin=&#8220;default&#8220; column_direction=&#8220;default&#8220; column_direction_tablet=&#8220;default&#8220; column_direction_phone=&#8220;default&#8220; text_align=&#8220;left&#8220;][vc_column_inner column_padding=&#8220;no-extra-padding&#8220; column_padding_tablet=&#8220;inherit&#8220; column_padding_phone=&#8220;inherit&#8220; column_padding_position=&#8220;all&#8220; column_element_spacing=&#8220;default&#8220; background_color_opacity=&#8220;1&#8243; background_hover_color_opacity=&#8220;1&#8243; column_shadow=&#8220;none&#8220; column_border_radius=&#8220;none&#8220; column_link_target=&#8220;_self&#8220; gradient_direction=&#8220;left_to_right&#8220; overlay_strength=&#8220;0.3&#8243; width=&#8220;1\/3&#8243; tablet_width_inherit=&#8220;default&#8220; bg_image_animation=&#8220;none&#8220; enable_animation=&#8220;true&#8220; animation=&#8220;grow-in&#8220; border_type=&#8220;simple&#8220; column_border_width=&#8220;none&#8220; column_border_style=&#8220;solid&#8220;][team_member image_url=&#8220;791&#8243; bio_image_url=&#8220;790&#8243; team_memeber_style=&#8220;bio_fullscreen&#8220; image_loading=&#8220;default&#8220; team_member_bio_full_html=&#8220;simple&#8220; name=&#8220;Christian Gerboth&#8220; job_position=&#8220;Rechtsanwalt &amp; Abogado&#8220; team_member_bio=&#8220;Rechtsanwalt &amp; Abogado<br \/>\nMaster of European Studies (Barcelona)<br \/>\nZulassung in Spanien und Deutschland<br \/>\nLicence en Droit<\/p>\n<p>Spezialisiert im Immobilien, Erb- und Gesellschaftsrecht, sowie auf Immobilienk\u00e4ufe und Verk\u00e4ufe, und die komplette Betreuung von Gesellschaften. Seit 1999 t\u00e4tig in Spanien, Gr\u00fcndungssozius der Kanzlei ETL Mallorca seit 2000.<\/p>\n<p>President der Europ\u00e4ischen Unternehmervereinigung &#8211; AEEM, Mitglied im deutsch-spanischen Juristenverband. Sowie Autor zahlreicher Fachartikel im spanischen Recht und Co-Autor des Handbuchs f\u00fcr Privatverm\u00f6gen im Stollfuss Verlag, zust\u00e4ndig f\u00fcr den Spanienteil.<\/p>\n<p>Sprachen: Deutsch, Spanisch, Englisch und Franz\u00f6sisch<br \/>\nMail: Info@Gerboth-Partner.com&#8220;][\/team_member][\/vc_column_inner][vc_column_inner column_padding=&#8220;no-extra-padding&#8220; column_padding_tablet=&#8220;inherit&#8220; column_padding_phone=&#8220;inherit&#8220; column_padding_position=&#8220;all&#8220; column_element_spacing=&#8220;default&#8220; background_color_opacity=&#8220;1&#8243; background_hover_color_opacity=&#8220;1&#8243; column_shadow=&#8220;none&#8220; column_border_radius=&#8220;none&#8220; column_link_target=&#8220;_self&#8220; gradient_direction=&#8220;left_to_right&#8220; overlay_strength=&#8220;0.3&#8243; width=&#8220;1\/3&#8243; tablet_width_inherit=&#8220;default&#8220; bg_image_animation=&#8220;none&#8220; enable_animation=&#8220;true&#8220; animation=&#8220;grow-in&#8220; border_type=&#8220;simple&#8220; column_border_width=&#8220;none&#8220; column_border_style=&#8220;solid&#8220;][team_member image_url=&#8220;794&#8243; bio_image_url=&#8220;790&#8243; team_memeber_style=&#8220;bio_fullscreen&#8220; image_loading=&#8220;default&#8220; team_member_bio_full_html=&#8220;simple&#8220; name=&#8220;Carina Seidel&#8220; job_position=&#8220;Rechtsanw\u00e4ltin &amp; Abogada inscrita&#8220; team_member_bio=&#8220;Rechtsanw\u00e4ltin &amp; Abogada inscrita<br \/>\nDeutsche und spanische Zulassung<\/p>\n<p>Spezialisiert im Immobilien, Miet-, Erb- und Gesellschaftsrecht<\/p>\n<p>Sprachen:Deutsch, Spanisch, Englisch<\/p>\n<p>F\u00fcr Sie in Mallorca und Ibiza<\/p>\n<p>Info@Gerboth-Partner.com&#8220;][\/team_member][\/vc_column_inner][vc_column_inner column_padding=&#8220;no-extra-padding&#8220; column_padding_tablet=&#8220;inherit&#8220; column_padding_phone=&#8220;inherit&#8220; column_padding_position=&#8220;all&#8220; column_element_spacing=&#8220;default&#8220; background_color_opacity=&#8220;1&#8243; background_hover_color_opacity=&#8220;1&#8243; column_shadow=&#8220;none&#8220; column_border_radius=&#8220;none&#8220; column_link_target=&#8220;_self&#8220; gradient_direction=&#8220;left_to_right&#8220; overlay_strength=&#8220;0.3&#8243; width=&#8220;1\/3&#8243; tablet_width_inherit=&#8220;default&#8220; bg_image_animation=&#8220;none&#8220; enable_animation=&#8220;true&#8220; animation=&#8220;grow-in&#8220; border_type=&#8220;simple&#8220; column_border_width=&#8220;none&#8220; column_border_style=&#8220;solid&#8220;][team_member image_url=&#8220;1380&#8243; bio_image_url=&#8220;790&#8243; team_memeber_style=&#8220;bio_fullscreen&#8220; image_loading=&#8220;default&#8220; team_member_bio_full_html=&#8220;simple&#8220; name=&#8220;Florian Daubitz&#8220; job_position=&#8220;Abogado &amp; LL.B.&#8220; team_member_bio=&#8220;Abogado (spanischer Anwalt) &amp; Bachelor of Laws (LL.B.).<br \/>\nM\u00e1ster de Acceso a la Abogac\u00eda (Universidad de Granada)<br \/>\nDeutsch-Spanischer Bachelorstudiengang Rechtswissenschaft (Universit\u00e4t Bayreuth\/ Universidad Pablo de Olavide, Sevilla)<br \/>\nSpezialisiert auf Immobilien-, und Erbrecht.<br \/>\nSprachen: Deutsch, Spanisch, Englisch.&#8220;][\/team_member][\/vc_column_inner][\/vc_row_inner][\/vc_column][\/vc_row]\n","protected":false},"excerpt":{"rendered":"<p>[vc_row type=&#8220;in_container&#8220; full_screen_row_position=&#8220;middle&#8220; column_margin=&#8220;default&#8220; column_direction=&#8220;default&#8220; column_direction_tablet=&#8220;default&#8220; column_direction_phone=&#8220;default&#8220; scene_position=&#8220;center&#8220; top_padding=&#8220;4%&#8220; bottom_padding=&#8220;4%&#8220; text_color=&#8220;dark&#8220; text_align=&#8220;left&#8220; row_border_radius=&#8220;none&#8220; row_border_radius_applies=&#8220;bg&#8220; overlay_strength=&#8220;0.3&#8243; gradient_direction=&#8220;left_to_right&#8220; shape_divider_position=&#8220;bottom&#8220; bg_image_animation=&#8220;none&#8220; shape_type=&#8220;&#8220;][vc_column column_padding=&#8220;no-extra-padding&#8220; column_padding_tablet=&#8220;inherit&#8220; column_padding_phone=&#8220;inherit&#8220; column_padding_position=&#8220;all&#8220; column_element_spacing=&#8220;default&#8220; background_color_opacity=&#8220;1&#8243; background_hover_color_opacity=&#8220;1&#8243; column_shadow=&#8220;none&#8220; column_border_radius=&#8220;none&#8220; column_link_target=&#8220;_self&#8220; gradient_direction=&#8220;left_to_right&#8220;&#8230;<\/p>\n","protected":false},"author":1,"featured_media":0,"parent":0,"menu_order":0,"comment_status":"closed","ping_status":"closed","template":"","meta":[],"yoast_head":"<!-- This site is optimized with the Yoast SEO plugin v19.4 - https:\/\/yoast.com\/wordpress\/plugins\/seo\/ -->\n<title>\u00dcBER UNS - Mallorca Anwalt<\/title>\n<meta name=\"robots\" content=\"index, follow, max-snippet:-1, max-image-preview:large, max-video-preview:-1\" \/>\n<link rel=\"canonical\" href=\"https:\/\/mallorca-anwalt.com\/de\/mn-quienes-somos\/\" \/>\n<meta property=\"og:locale\" content=\"de_DE\" \/>\n<meta property=\"og:type\" content=\"article\" \/>\n<meta property=\"og:title\" content=\"\u00dcBER UNS - Mallorca Anwalt\" \/>\n<meta property=\"og:description\" content=\"[vc_row type=&#8220;in_container&#8220; full_screen_row_position=&#8220;middle&#8220; column_margin=&#8220;default&#8220; column_direction=&#8220;default&#8220; column_direction_tablet=&#8220;default&#8220; column_direction_phone=&#8220;default&#8220; scene_position=&#8220;center&#8220; top_padding=&#8220;4%&#8220; bottom_padding=&#8220;4%&#8220; text_color=&#8220;dark&#8220; text_align=&#8220;left&#8220; row_border_radius=&#8220;none&#8220; row_border_radius_applies=&#8220;bg&#8220; overlay_strength=&#8220;0.3&#8243; gradient_direction=&#8220;left_to_right&#8220; shape_divider_position=&#8220;bottom&#8220; bg_image_animation=&#8220;none&#8220; shape_type=&#8220;&#8220;][vc_column column_padding=&#8220;no-extra-padding&#8220; column_padding_tablet=&#8220;inherit&#8220; column_padding_phone=&#8220;inherit&#8220; column_padding_position=&#8220;all&#8220; column_element_spacing=&#8220;default&#8220; background_color_opacity=&#8220;1&#8243; background_hover_color_opacity=&#8220;1&#8243; column_shadow=&#8220;none&#8220; column_border_radius=&#8220;none&#8220; column_link_target=&#8220;_self&#8220; gradient_direction=&#8220;left_to_right&#8220;...\" \/>\n<meta property=\"og:url\" content=\"https:\/\/mallorca-anwalt.com\/de\/mn-quienes-somos\/\" \/>\n<meta property=\"og:site_name\" content=\"Mallorca Anwalt\" \/>\n<meta property=\"article:modified_time\" content=\"2023-02-06T09:23:25+00:00\" \/>\n<meta name=\"twitter:card\" content=\"summary_large_image\" \/>\n<meta name=\"twitter:label1\" content=\"Gesch\u00e4tzte Lesezeit\" \/>\n\t<meta name=\"twitter:data1\" content=\"3\u00a0Minuten\" \/>\n<script type=\"application\/ld+json\" class=\"yoast-schema-graph\">{\"@context\":\"https:\/\/schema.org\",\"@graph\":[{\"@type\":\"WebSite\",\"@id\":\"https:\/\/mallorca-anwalt.com\/#website\",\"url\":\"https:\/\/mallorca-anwalt.com\/\",\"name\":\"Mallorca Anwalt\",\"description\":\"Rechtsanwalt Mallorca &amp; Ibiza , Gerboth &amp; Partner\",\"potentialAction\":[{\"@type\":\"SearchAction\",\"target\":{\"@type\":\"EntryPoint\",\"urlTemplate\":\"https:\/\/mallorca-anwalt.com\/?s={search_term_string}\"},\"query-input\":\"required name=search_term_string\"}],\"inLanguage\":\"de\"},{\"@type\":\"WebPage\",\"@id\":\"https:\/\/mallorca-anwalt.com\/de\/mn-quienes-somos\/\",\"url\":\"https:\/\/mallorca-anwalt.com\/de\/mn-quienes-somos\/\",\"name\":\"\u00dcBER UNS - Mallorca Anwalt\",\"isPartOf\":{\"@id\":\"https:\/\/mallorca-anwalt.com\/#website\"},\"datePublished\":\"2021-02-22T12:10:34+00:00\",\"dateModified\":\"2023-02-06T09:23:25+00:00\",\"breadcrumb\":{\"@id\":\"https:\/\/mallorca-anwalt.com\/de\/mn-quienes-somos\/#breadcrumb\"},\"inLanguage\":\"de\",\"potentialAction\":[{\"@type\":\"ReadAction\",\"target\":[\"https:\/\/mallorca-anwalt.com\/de\/mn-quienes-somos\/\"]}]},{\"@type\":\"BreadcrumbList\",\"@id\":\"https:\/\/mallorca-anwalt.com\/de\/mn-quienes-somos\/#breadcrumb\",\"itemListElement\":[{\"@type\":\"ListItem\",\"position\":1,\"name\":\"Portada\",\"item\":\"https:\/\/mallorca-anwalt.com\/de\/\"},{\"@type\":\"ListItem\",\"position\":2,\"name\":\"\u00dcBER UNS\"}]}]}<\/script>\n<!-- \/ Yoast SEO plugin. -->","yoast_head_json":{"title":"\u00dcBER UNS - Mallorca Anwalt","robots":{"index":"index","follow":"follow","max-snippet":"max-snippet:-1","max-image-preview":"max-image-preview:large","max-video-preview":"max-video-preview:-1"},"canonical":"https:\/\/mallorca-anwalt.com\/de\/mn-quienes-somos\/","og_locale":"de_DE","og_type":"article","og_title":"\u00dcBER UNS - Mallorca Anwalt","og_description":"[vc_row type=&#8220;in_container&#8220; full_screen_row_position=&#8220;middle&#8220; column_margin=&#8220;default&#8220; column_direction=&#8220;default&#8220; column_direction_tablet=&#8220;default&#8220; column_direction_phone=&#8220;default&#8220; scene_position=&#8220;center&#8220; top_padding=&#8220;4%&#8220; bottom_padding=&#8220;4%&#8220; text_color=&#8220;dark&#8220; text_align=&#8220;left&#8220; row_border_radius=&#8220;none&#8220; row_border_radius_applies=&#8220;bg&#8220; overlay_strength=&#8220;0.3&#8243; gradient_direction=&#8220;left_to_right&#8220; shape_divider_position=&#8220;bottom&#8220; bg_image_animation=&#8220;none&#8220; shape_type=&#8220;&#8220;][vc_column column_padding=&#8220;no-extra-padding&#8220; column_padding_tablet=&#8220;inherit&#8220; column_padding_phone=&#8220;inherit&#8220; column_padding_position=&#8220;all&#8220; column_element_spacing=&#8220;default&#8220; background_color_opacity=&#8220;1&#8243; background_hover_color_opacity=&#8220;1&#8243; column_shadow=&#8220;none&#8220; column_border_radius=&#8220;none&#8220; column_link_target=&#8220;_self&#8220; gradient_direction=&#8220;left_to_right&#8220;...","og_url":"https:\/\/mallorca-anwalt.com\/de\/mn-quienes-somos\/","og_site_name":"Mallorca Anwalt","article_modified_time":"2023-02-06T09:23:25+00:00","twitter_card":"summary_large_image","twitter_misc":{"Gesch\u00e4tzte Lesezeit":"3\u00a0Minuten"},"schema":{"@context":"https:\/\/schema.org","@graph":[{"@type":"WebSite","@id":"https:\/\/mallorca-anwalt.com\/#website","url":"https:\/\/mallorca-anwalt.com\/","name":"Mallorca Anwalt","description":"Rechtsanwalt Mallorca &amp; Ibiza , Gerboth &amp; Partner","potentialAction":[{"@type":"SearchAction","target":{"@type":"EntryPoint","urlTemplate":"https:\/\/mallorca-anwalt.com\/?s={search_term_string}"},"query-input":"required name=search_term_string"}],"inLanguage":"de"},{"@type":"WebPage","@id":"https:\/\/mallorca-anwalt.com\/de\/mn-quienes-somos\/","url":"https:\/\/mallorca-anwalt.com\/de\/mn-quienes-somos\/","name":"\u00dcBER UNS - Mallorca Anwalt","isPartOf":{"@id":"https:\/\/mallorca-anwalt.com\/#website"},"datePublished":"2021-02-22T12:10:34+00:00","dateModified":"2023-02-06T09:23:25+00:00","breadcrumb":{"@id":"https:\/\/mallorca-anwalt.com\/de\/mn-quienes-somos\/#breadcrumb"},"inLanguage":"de","potentialAction":[{"@type":"ReadAction","target":["https:\/\/mallorca-anwalt.com\/de\/mn-quienes-somos\/"]}]},{"@type":"BreadcrumbList","@id":"https:\/\/mallorca-anwalt.com\/de\/mn-quienes-somos\/#breadcrumb","itemListElement":[{"@type":"ListItem","position":1,"name":"Portada","item":"https:\/\/mallorca-anwalt.com\/de\/"},{"@type":"ListItem","position":2,"name":"\u00dcBER UNS"}]}]}},"_links":{"self":[{"href":"https:\/\/mallorca-anwalt.com\/de\/wp-json\/wp\/v2\/pages\/1030"}],"collection":[{"href":"https:\/\/mallorca-anwalt.com\/de\/wp-json\/wp\/v2\/pages"}],"about":[{"href":"https:\/\/mallorca-anwalt.com\/de\/wp-json\/wp\/v2\/types\/page"}],"author":[{"embeddable":true,"href":"https:\/\/mallorca-anwalt.com\/de\/wp-json\/wp\/v2\/users\/1"}],"replies":[{"embeddable":true,"href":"https:\/\/mallorca-anwalt.com\/de\/wp-json\/wp\/v2\/comments?post=1030"}],"version-history":[{"count":5,"href":"https:\/\/mallorca-anwalt.com\/de\/wp-json\/wp\/v2\/pages\/1030\/revisions"}],"predecessor-version":[{"id":1402,"href":"https:\/\/mallorca-anwalt.com\/de\/wp-json\/wp\/v2\/pages\/1030\/revisions\/1402"}],"wp:attachment":[{"href":"https:\/\/mallorca-anwalt.com\/de\/wp-json\/wp\/v2\/media?parent=1030"}],"curies":[{"name":"wp","href":"https:\/\/api.w.org\/{rel}","templated":true}]}}