{"id":1041,"date":"2021-11-22T11:48:44","date_gmt":"2021-11-22T11:48:44","guid":{"rendered":"http:\/\/mallorca-anwalt.com\/mn-consultoria\/"},"modified":"2021-12-14T11:16:44","modified_gmt":"2021-12-14T11:16:44","slug":"mn-consultoria","status":"publish","type":"page","link":"https:\/\/mallorca-anwalt.com\/de\/mn-consultoria\/","title":{"rendered":"BERATUNG"},"content":{"rendered":"[vc_row type=&#8220;in_container&#8220; full_screen_row_position=&#8220;middle&#8220; column_margin=&#8220;default&#8220; column_direction=&#8220;default&#8220; column_direction_tablet=&#8220;default&#8220; column_direction_phone=&#8220;default&#8220; scene_position=&#8220;center&#8220; top_padding=&#8220;4%&#8220; bottom_padding=&#8220;4%&#8220; text_color=&#8220;dark&#8220; text_align=&#8220;left&#8220; row_border_radius=&#8220;none&#8220; row_border_radius_applies=&#8220;bg&#8220; overlay_strength=&#8220;0.3&#8243; gradient_direction=&#8220;left_to_right&#8220; shape_divider_position=&#8220;bottom&#8220; bg_image_animation=&#8220;none&#8220; shape_type=&#8220;&#8220;][vc_column column_padding=&#8220;no-extra-padding&#8220; column_padding_tablet=&#8220;inherit&#8220; column_padding_phone=&#8220;inherit&#8220; column_padding_position=&#8220;all&#8220; column_element_spacing=&#8220;default&#8220; background_color_opacity=&#8220;1&#8243; background_hover_color_opacity=&#8220;1&#8243; column_shadow=&#8220;none&#8220; column_border_radius=&#8220;none&#8220; column_link_target=&#8220;_self&#8220; gradient_direction=&#8220;left_to_right&#8220; overlay_strength=&#8220;0.3&#8243; width=&#8220;1\/2&#8243; tablet_width_inherit=&#8220;default&#8220; tablet_text_alignment=&#8220;default&#8220; phone_text_alignment=&#8220;default&#8220; bg_image_animation=&#8220;none&#8220; border_type=&#8220;simple&#8220; column_border_width=&#8220;none&#8220; column_border_style=&#8220;solid&#8220;][image_with_animation image_url=&#8220;805&#8243; animation=&#8220;Fade In&#8220; hover_animation=&#8220;none&#8220; alignment=&#8220;&#8220; border_radius=&#8220;none&#8220; box_shadow=&#8220;none&#8220; image_loading=&#8220;default&#8220; max_width=&#8220;100%&#8220; max_width_mobile=&#8220;default&#8220;][\/vc_column][vc_column column_padding=&#8220;no-extra-padding&#8220; column_padding_tablet=&#8220;inherit&#8220; column_padding_phone=&#8220;inherit&#8220; column_padding_position=&#8220;all&#8220; column_element_spacing=&#8220;default&#8220; background_color_opacity=&#8220;1&#8243; background_hover_color_opacity=&#8220;1&#8243; column_shadow=&#8220;none&#8220; column_border_radius=&#8220;none&#8220; column_link_target=&#8220;_self&#8220; gradient_direction=&#8220;left_to_right&#8220; overlay_strength=&#8220;0.3&#8243; width=&#8220;1\/2&#8243; tablet_width_inherit=&#8220;default&#8220; tablet_text_alignment=&#8220;default&#8220; phone_text_alignment=&#8220;default&#8220; bg_image_animation=&#8220;none&#8220; border_type=&#8220;simple&#8220; column_border_width=&#8220;none&#8220; column_border_style=&#8220;solid&#8220;][vc_column_text]Unser Expertenteam an deutschen und spanischen Anw\u00e4lten ber\u00e4t Sie in allen Angelegenheiten zwischen Spanien und Deutschland. Herr Gerboth RA &amp; Abogado ist spezialisiert im Immobilienrecht und ber\u00e4t Sie sowohl rechtlich als auch \u00fcber steuerliche Belange beim Erwerb einer neuen Immobilie auf Mallorca, sowohl als inflationsgesch\u00fctztes Investment als auch als Zweitwohnsitz oder Eigenheim.<\/p>\n<p>Wir begleiten Sie im kompletten Prozess des Immobilienerwerbes: vom Optionsvertrag, \u00fcber den Notarvertrag bis zur Eintragung im Grundbuch und zwar in ganz Spanien.<\/p>\n<p>Ebenfalls ber\u00fccksichtigen wir beim Kauf den Aufbau einer korrekten Struktur um die Familie vor zu hohen sp\u00e4teren Erbschaftssteuerlichen Belastungen zu verschonen, denn die Erbschaftssteuer f\u00fcr Nichtresidente hat nur einen maximalen Freibetrag von ca. 15.000 Euro und lag im Durchschnitt bei 33 % was momentan jedoch f\u00fcr die Balearen auf 1 % reduziert ist jedoch wieder erh\u00f6ht werden soll, weshalb eine Erbschaftsplanung immer notwendig ist . Seit vielen Jahren ist Herr RA Gerboth im Immobilien- und Erbrecht spezialisiert und t\u00e4tig.<\/p>\n<p>Herr Gerboth ist Co Autor eines gr\u00f6sseren juristischen Sammelwerkes im Stollfuss Verlag \u201eHandbuch f\u00fcr Privatverm\u00f6gen\u201c, wobei Herr Gerboth mit der Hilfe von Frau RAin Seidel den kompletten Spanienteil erstellt hat, in welchem vor allem in erb- und immobilienrechtliche Fragen behandelt werden.<\/p>\n<p>Wir beraten Sie umfassenden bei dem Aufbau einer neuen gesch\u00e4ftlichen Existenz \u00fcber alle rechtlichen und steuerlichen Aspekte. Wir helfen Ihnen bei der Gr\u00fcndung einer neuen Gesellschaft, sowie deren Eintragung im Handelsregister und der gewerblichen Anmeldung.<\/p>\n<p>Frau Rechtsanw\u00e4ltin Seidel ist ebenfalls in allen Immobilien-, gesellschaftsrechtlichen und erbrechtlichen Angelegenheiten spezialisiert. Frau Seidel hilft Ihnen bei der Legalisierung der Immobilie zur touristischen Vermietung sowie in allen anderen immobilienrechtlichen Fragen.[\/vc_column_text][\/vc_column][\/vc_row][vc_row type=&#8220;in_container&#8220; full_screen_row_position=&#8220;middle&#8220; column_margin=&#8220;default&#8220; column_direction=&#8220;default&#8220; column_direction_tablet=&#8220;default&#8220; column_direction_phone=&#8220;default&#8220; scene_position=&#8220;center&#8220; top_padding=&#8220;4%&#8220; bottom_padding=&#8220;4%&#8220; text_color=&#8220;dark&#8220; text_align=&#8220;left&#8220; row_border_radius=&#8220;none&#8220; row_border_radius_applies=&#8220;bg&#8220; overlay_strength=&#8220;0.3&#8243; gradient_direction=&#8220;left_to_right&#8220; shape_divider_position=&#8220;bottom&#8220; bg_image_animation=&#8220;none&#8220; shape_type=&#8220;&#8220;][vc_column column_padding=&#8220;no-extra-padding&#8220; column_padding_tablet=&#8220;inherit&#8220; column_padding_phone=&#8220;inherit&#8220; column_padding_position=&#8220;all&#8220; column_element_spacing=&#8220;default&#8220; background_color_opacity=&#8220;1&#8243; background_hover_color_opacity=&#8220;1&#8243; column_shadow=&#8220;none&#8220; column_border_radius=&#8220;none&#8220; column_link_target=&#8220;_self&#8220; gradient_direction=&#8220;left_to_right&#8220; overlay_strength=&#8220;0.3&#8243; width=&#8220;1\/2&#8243; tablet_width_inherit=&#8220;default&#8220; tablet_text_alignment=&#8220;default&#8220; phone_text_alignment=&#8220;default&#8220; bg_image_animation=&#8220;none&#8220; border_type=&#8220;simple&#8220; column_border_width=&#8220;none&#8220; column_border_style=&#8220;solid&#8220;][vc_column_text]\n<h2>Consulting Services<\/h2>\n<p><strong>Sicherheit und Kontrolle<\/strong><\/p>\n<p>Wir garantieren unseren Mandanten einen sicheren Umgang betreffend ihrer pers\u00f6nlichen Daten und eine st\u00e4ndige Qualit\u00e4tskontrolle durch unsere Partner und Kollegen.<\/p>\n<p><strong>Improvement, Management und Entwicklung<\/strong><\/p>\n<p>Unsere Rechtsanw\u00e4lte bilden sich st\u00e4ndig weiter, um unter Anwendung der neusten Entwicklungen in der Gesetzgebung und Rechtsprechung optimale Ergebnisse f\u00fcr unsere Mandanten gew\u00e4hrleisten zu k\u00f6nnen.<\/p>\n<p>Durch ein effizientes Management und kurze Kommunikationswege gew\u00e4hrleisten wir eine effiziente Problembew\u00e4ltigung.[\/vc_column_text][\/vc_column][vc_column column_padding=&#8220;no-extra-padding&#8220; column_padding_tablet=&#8220;inherit&#8220; column_padding_phone=&#8220;inherit&#8220; column_padding_position=&#8220;all&#8220; column_element_spacing=&#8220;default&#8220; background_color_opacity=&#8220;1&#8243; background_hover_color_opacity=&#8220;1&#8243; column_shadow=&#8220;none&#8220; column_border_radius=&#8220;none&#8220; column_link_target=&#8220;_self&#8220; gradient_direction=&#8220;left_to_right&#8220; overlay_strength=&#8220;0.3&#8243; width=&#8220;1\/2&#8243; tablet_width_inherit=&#8220;default&#8220; tablet_text_alignment=&#8220;default&#8220; phone_text_alignment=&#8220;default&#8220; bg_image_animation=&#8220;none&#8220; border_type=&#8220;simple&#8220; column_border_width=&#8220;none&#8220; column_border_style=&#8220;solid&#8220;][image_with_animation image_url=&#8220;806&#8243; animation=&#8220;Fade In&#8220; hover_animation=&#8220;none&#8220; alignment=&#8220;&#8220; border_radius=&#8220;none&#8220; box_shadow=&#8220;none&#8220; image_loading=&#8220;default&#8220; max_width=&#8220;100%&#8220; max_width_mobile=&#8220;default&#8220;][\/vc_column][\/vc_row]\n","protected":false},"excerpt":{"rendered":"<p>[vc_row type=&#8220;in_container&#8220; full_screen_row_position=&#8220;middle&#8220; column_margin=&#8220;default&#8220; column_direction=&#8220;default&#8220; column_direction_tablet=&#8220;default&#8220; column_direction_phone=&#8220;default&#8220; scene_position=&#8220;center&#8220; top_padding=&#8220;4%&#8220; bottom_padding=&#8220;4%&#8220; text_color=&#8220;dark&#8220; text_align=&#8220;left&#8220; row_border_radius=&#8220;none&#8220; row_border_radius_applies=&#8220;bg&#8220; overlay_strength=&#8220;0.3&#8243; gradient_direction=&#8220;left_to_right&#8220; shape_divider_position=&#8220;bottom&#8220; bg_image_animation=&#8220;none&#8220; shape_type=&#8220;&#8220;][vc_column column_padding=&#8220;no-extra-padding&#8220; column_padding_tablet=&#8220;inherit&#8220; column_padding_phone=&#8220;inherit&#8220; column_padding_position=&#8220;all&#8220; column_element_spacing=&#8220;default&#8220; background_color_opacity=&#8220;1&#8243; background_hover_color_opacity=&#8220;1&#8243; column_shadow=&#8220;none&#8220; column_border_radius=&#8220;none&#8220; column_link_target=&#8220;_self&#8220; gradient_direction=&#8220;left_to_right&#8220;&#8230;<\/p>\n","protected":false},"author":1,"featured_media":0,"parent":0,"menu_order":0,"comment_status":"closed","ping_status":"closed","template":"","meta":[],"yoast_head":"<!-- This site is optimized with the Yoast SEO plugin v19.4 - https:\/\/yoast.com\/wordpress\/plugins\/seo\/ -->\n<title>BERATUNG - Mallorca Anwalt<\/title>\n<meta name=\"robots\" content=\"index, follow, max-snippet:-1, max-image-preview:large, max-video-preview:-1\" \/>\n<link rel=\"canonical\" href=\"https:\/\/mallorca-anwalt.com\/de\/mn-consultoria\/\" \/>\n<meta property=\"og:locale\" content=\"de_DE\" \/>\n<meta property=\"og:type\" content=\"article\" \/>\n<meta property=\"og:title\" content=\"BERATUNG - Mallorca Anwalt\" \/>\n<meta property=\"og:description\" content=\"[vc_row type=&#8220;in_container&#8220; full_screen_row_position=&#8220;middle&#8220; column_margin=&#8220;default&#8220; column_direction=&#8220;default&#8220; column_direction_tablet=&#8220;default&#8220; column_direction_phone=&#8220;default&#8220; scene_position=&#8220;center&#8220; top_padding=&#8220;4%&#8220; bottom_padding=&#8220;4%&#8220; text_color=&#8220;dark&#8220; text_align=&#8220;left&#8220; row_border_radius=&#8220;none&#8220; row_border_radius_applies=&#8220;bg&#8220; overlay_strength=&#8220;0.3&#8243; gradient_direction=&#8220;left_to_right&#8220; shape_divider_position=&#8220;bottom&#8220; bg_image_animation=&#8220;none&#8220; shape_type=&#8220;&#8220;][vc_column column_padding=&#8220;no-extra-padding&#8220; column_padding_tablet=&#8220;inherit&#8220; column_padding_phone=&#8220;inherit&#8220; column_padding_position=&#8220;all&#8220; column_element_spacing=&#8220;default&#8220; background_color_opacity=&#8220;1&#8243; background_hover_color_opacity=&#8220;1&#8243; column_shadow=&#8220;none&#8220; column_border_radius=&#8220;none&#8220; column_link_target=&#8220;_self&#8220; gradient_direction=&#8220;left_to_right&#8220;...\" \/>\n<meta property=\"og:url\" content=\"https:\/\/mallorca-anwalt.com\/de\/mn-consultoria\/\" \/>\n<meta property=\"og:site_name\" content=\"Mallorca Anwalt\" \/>\n<meta property=\"article:modified_time\" content=\"2021-12-14T11:16:44+00:00\" \/>\n<meta name=\"twitter:card\" content=\"summary_large_image\" \/>\n<meta name=\"twitter:label1\" content=\"Gesch\u00e4tzte Lesezeit\" \/>\n\t<meta name=\"twitter:data1\" content=\"2\u00a0Minuten\" \/>\n<script type=\"application\/ld+json\" class=\"yoast-schema-graph\">{\"@context\":\"https:\/\/schema.org\",\"@graph\":[{\"@type\":\"WebSite\",\"@id\":\"https:\/\/mallorca-anwalt.com\/#website\",\"url\":\"https:\/\/mallorca-anwalt.com\/\",\"name\":\"Mallorca Anwalt\",\"description\":\"Rechtsanwalt Mallorca &amp; Ibiza , Gerboth &amp; Partner\",\"potentialAction\":[{\"@type\":\"SearchAction\",\"target\":{\"@type\":\"EntryPoint\",\"urlTemplate\":\"https:\/\/mallorca-anwalt.com\/?s={search_term_string}\"},\"query-input\":\"required name=search_term_string\"}],\"inLanguage\":\"de\"},{\"@type\":\"WebPage\",\"@id\":\"https:\/\/mallorca-anwalt.com\/de\/mn-consultoria\/\",\"url\":\"https:\/\/mallorca-anwalt.com\/de\/mn-consultoria\/\",\"name\":\"BERATUNG - Mallorca Anwalt\",\"isPartOf\":{\"@id\":\"https:\/\/mallorca-anwalt.com\/#website\"},\"datePublished\":\"2021-11-22T11:48:44+00:00\",\"dateModified\":\"2021-12-14T11:16:44+00:00\",\"breadcrumb\":{\"@id\":\"https:\/\/mallorca-anwalt.com\/de\/mn-consultoria\/#breadcrumb\"},\"inLanguage\":\"de\",\"potentialAction\":[{\"@type\":\"ReadAction\",\"target\":[\"https:\/\/mallorca-anwalt.com\/de\/mn-consultoria\/\"]}]},{\"@type\":\"BreadcrumbList\",\"@id\":\"https:\/\/mallorca-anwalt.com\/de\/mn-consultoria\/#breadcrumb\",\"itemListElement\":[{\"@type\":\"ListItem\",\"position\":1,\"name\":\"Portada\",\"item\":\"https:\/\/mallorca-anwalt.com\/de\/\"},{\"@type\":\"ListItem\",\"position\":2,\"name\":\"BERATUNG\"}]}]}<\/script>\n<!-- \/ Yoast SEO plugin. -->","yoast_head_json":{"title":"BERATUNG - Mallorca Anwalt","robots":{"index":"index","follow":"follow","max-snippet":"max-snippet:-1","max-image-preview":"max-image-preview:large","max-video-preview":"max-video-preview:-1"},"canonical":"https:\/\/mallorca-anwalt.com\/de\/mn-consultoria\/","og_locale":"de_DE","og_type":"article","og_title":"BERATUNG - Mallorca Anwalt","og_description":"[vc_row type=&#8220;in_container&#8220; full_screen_row_position=&#8220;middle&#8220; column_margin=&#8220;default&#8220; column_direction=&#8220;default&#8220; column_direction_tablet=&#8220;default&#8220; column_direction_phone=&#8220;default&#8220; scene_position=&#8220;center&#8220; top_padding=&#8220;4%&#8220; bottom_padding=&#8220;4%&#8220; text_color=&#8220;dark&#8220; text_align=&#8220;left&#8220; row_border_radius=&#8220;none&#8220; row_border_radius_applies=&#8220;bg&#8220; overlay_strength=&#8220;0.3&#8243; gradient_direction=&#8220;left_to_right&#8220; shape_divider_position=&#8220;bottom&#8220; bg_image_animation=&#8220;none&#8220; shape_type=&#8220;&#8220;][vc_column column_padding=&#8220;no-extra-padding&#8220; column_padding_tablet=&#8220;inherit&#8220; column_padding_phone=&#8220;inherit&#8220; column_padding_position=&#8220;all&#8220; column_element_spacing=&#8220;default&#8220; background_color_opacity=&#8220;1&#8243; background_hover_color_opacity=&#8220;1&#8243; column_shadow=&#8220;none&#8220; column_border_radius=&#8220;none&#8220; column_link_target=&#8220;_self&#8220; gradient_direction=&#8220;left_to_right&#8220;...","og_url":"https:\/\/mallorca-anwalt.com\/de\/mn-consultoria\/","og_site_name":"Mallorca Anwalt","article_modified_time":"2021-12-14T11:16:44+00:00","twitter_card":"summary_large_image","twitter_misc":{"Gesch\u00e4tzte Lesezeit":"2\u00a0Minuten"},"schema":{"@context":"https:\/\/schema.org","@graph":[{"@type":"WebSite","@id":"https:\/\/mallorca-anwalt.com\/#website","url":"https:\/\/mallorca-anwalt.com\/","name":"Mallorca Anwalt","description":"Rechtsanwalt Mallorca &amp; Ibiza , Gerboth &amp; Partner","potentialAction":[{"@type":"SearchAction","target":{"@type":"EntryPoint","urlTemplate":"https:\/\/mallorca-anwalt.com\/?s={search_term_string}"},"query-input":"required name=search_term_string"}],"inLanguage":"de"},{"@type":"WebPage","@id":"https:\/\/mallorca-anwalt.com\/de\/mn-consultoria\/","url":"https:\/\/mallorca-anwalt.com\/de\/mn-consultoria\/","name":"BERATUNG - Mallorca Anwalt","isPartOf":{"@id":"https:\/\/mallorca-anwalt.com\/#website"},"datePublished":"2021-11-22T11:48:44+00:00","dateModified":"2021-12-14T11:16:44+00:00","breadcrumb":{"@id":"https:\/\/mallorca-anwalt.com\/de\/mn-consultoria\/#breadcrumb"},"inLanguage":"de","potentialAction":[{"@type":"ReadAction","target":["https:\/\/mallorca-anwalt.com\/de\/mn-consultoria\/"]}]},{"@type":"BreadcrumbList","@id":"https:\/\/mallorca-anwalt.com\/de\/mn-consultoria\/#breadcrumb","itemListElement":[{"@type":"ListItem","position":1,"name":"Portada","item":"https:\/\/mallorca-anwalt.com\/de\/"},{"@type":"ListItem","position":2,"name":"BERATUNG"}]}]}},"_links":{"self":[{"href":"https:\/\/mallorca-anwalt.com\/de\/wp-json\/wp\/v2\/pages\/1041"}],"collection":[{"href":"https:\/\/mallorca-anwalt.com\/de\/wp-json\/wp\/v2\/pages"}],"about":[{"href":"https:\/\/mallorca-anwalt.com\/de\/wp-json\/wp\/v2\/types\/page"}],"author":[{"embeddable":true,"href":"https:\/\/mallorca-anwalt.com\/de\/wp-json\/wp\/v2\/users\/1"}],"replies":[{"embeddable":true,"href":"https:\/\/mallorca-anwalt.com\/de\/wp-json\/wp\/v2\/comments?post=1041"}],"version-history":[{"count":2,"href":"https:\/\/mallorca-anwalt.com\/de\/wp-json\/wp\/v2\/pages\/1041\/revisions"}],"predecessor-version":[{"id":1108,"href":"https:\/\/mallorca-anwalt.com\/de\/wp-json\/wp\/v2\/pages\/1041\/revisions\/1108"}],"wp:attachment":[{"href":"https:\/\/mallorca-anwalt.com\/de\/wp-json\/wp\/v2\/media?parent=1041"}],"curies":[{"name":"wp","href":"https:\/\/api.w.org\/{rel}","templated":true}]}}