{"id":1086,"date":"2021-11-22T12:00:47","date_gmt":"2021-11-22T12:00:47","guid":{"rendered":"http:\/\/mallorca-anwalt.com\/resenas\/"},"modified":"2025-04-30T16:22:22","modified_gmt":"2025-04-30T16:22:22","slug":"bewertungen","status":"publish","type":"page","link":"https:\/\/mallorca-anwalt.com\/de\/bewertungen\/","title":{"rendered":"BEWERTUNGEN"},"content":{"rendered":"[vc_row type=&#8220;in_container&#8220; full_screen_row_position=&#8220;middle&#8220; column_margin=&#8220;default&#8220; column_direction=&#8220;default&#8220; column_direction_tablet=&#8220;default&#8220; column_direction_phone=&#8220;default&#8220; scene_position=&#8220;center&#8220; top_padding=&#8220;4%&#8220; bottom_padding=&#8220;4%&#8220; text_color=&#8220;dark&#8220; text_align=&#8220;left&#8220; row_border_radius=&#8220;none&#8220; row_border_radius_applies=&#8220;bg&#8220; overlay_strength=&#8220;0.3&#8243; gradient_direction=&#8220;left_to_right&#8220; shape_divider_position=&#8220;bottom&#8220; bg_image_animation=&#8220;none&#8220; shape_type=&#8220;&#8220;][vc_column column_padding=&#8220;no-extra-padding&#8220; column_padding_tablet=&#8220;inherit&#8220; column_padding_phone=&#8220;inherit&#8220; column_padding_position=&#8220;all&#8220; column_element_spacing=&#8220;default&#8220; background_color_opacity=&#8220;1&#8243; background_hover_color_opacity=&#8220;1&#8243; column_shadow=&#8220;none&#8220; column_border_radius=&#8220;none&#8220; column_link_target=&#8220;_self&#8220; gradient_direction=&#8220;left_to_right&#8220; overlay_strength=&#8220;0.3&#8243; width=&#8220;1\/2&#8243; tablet_width_inherit=&#8220;default&#8220; tablet_text_alignment=&#8220;default&#8220; phone_text_alignment=&#8220;default&#8220; bg_image_animation=&#8220;none&#8220; border_type=&#8220;simple&#8220; column_border_width=&#8220;none&#8220; column_border_style=&#8220;solid&#8220;][image_with_animation image_url=&#8220;816&#8243; animation=&#8220;Fade In&#8220; hover_animation=&#8220;none&#8220; alignment=&#8220;&#8220; border_radius=&#8220;none&#8220; box_shadow=&#8220;none&#8220; image_loading=&#8220;default&#8220; max_width=&#8220;100%&#8220; max_width_mobile=&#8220;default&#8220;][\/vc_column][vc_column column_padding=&#8220;no-extra-padding&#8220; column_padding_tablet=&#8220;inherit&#8220; column_padding_phone=&#8220;inherit&#8220; column_padding_position=&#8220;all&#8220; column_element_spacing=&#8220;default&#8220; background_color_opacity=&#8220;1&#8243; background_hover_color_opacity=&#8220;1&#8243; column_shadow=&#8220;none&#8220; column_border_radius=&#8220;none&#8220; column_link_target=&#8220;_self&#8220; gradient_direction=&#8220;left_to_right&#8220; overlay_strength=&#8220;0.3&#8243; width=&#8220;1\/2&#8243; tablet_width_inherit=&#8220;default&#8220; tablet_text_alignment=&#8220;default&#8220; phone_text_alignment=&#8220;default&#8220; bg_image_animation=&#8220;none&#8220; border_type=&#8220;simple&#8220; column_border_width=&#8220;none&#8220; column_border_style=&#8220;solid&#8220;][vc_column_text]\n<ul>\n<li><a href=\"http:\/\/mallorca-anwalt.com\/wp-content\/uploads\/2021\/11\/mz-19.08.2010-vertrge.pdf\" target=\"_blank\" rel=\"noopener\">Agosto de 2010<\/a><\/li>\n<li><a href=\"http:\/\/mallorca-anwalt.com\/wp-content\/uploads\/2021\/11\/aeem-300x153-1.jpg\" target=\"_blank\" rel=\"noopener\">Con el Sr. Jos\u00e9 Ram\u00f3n Bauz\u00e1<\/a><\/li>\n<li><a href=\"http:\/\/mallorca-anwalt.com\/wp-content\/uploads\/2021\/11\/elaviso-august-2010-immobilien-vererben3.pdf\" target=\"_blank\" rel=\"noopener\">El aviso \u2013 agosto de 2010<\/a><\/li>\n<li><a href=\"http:\/\/mallorca-anwalt.com\/wp-content\/uploads\/2021\/11\/elaviso_02_2011-jagd-nach-dem-schuldner1.pdf\" target=\"_blank\" rel=\"noopener\">El aviso \u2013 febrero de 2011<\/a><\/li>\n<li><a href=\"http:\/\/mallorca-anwalt.com\/wp-content\/uploads\/2021\/11\/elaviso-juli-2010-immobilienerwerb-wie-erwirbt-man-wohnungseigentum1.pdf\" target=\"_blank\" rel=\"noopener\">El aviso \u2013 julio de 2010<\/a><\/li>\n<li><a href=\"http:\/\/mallorca-anwalt.com\/wp-content\/uploads\/2021\/11\/elaviso-juni-2010-andratx.pdf\" target=\"_blank\" rel=\"noopener\">El aviso \u2013 junio de 2010<\/a><\/li>\n<li><a href=\"http:\/\/mallorca-anwalt.com\/wp-content\/uploads\/2021\/11\/el-aviso.com-mai-2010-1.pdf\" target=\"_blank\" rel=\"noopener\">El aviso \u2013 mayo de 2010<\/a><\/li>\n<li><a href=\"http:\/\/mallorca-anwalt.com\/wp-content\/uploads\/2021\/11\/elaviso09_2010_heike-mehr-rechte-fuer-ledige-papas1.pdf\" target=\"_blank\" rel=\"noopener\">El aviso \u2013 septiembre de 2010<\/a><\/li>\n<li><a href=\"http:\/\/mallorca-anwalt.com\/wp-content\/uploads\/2021\/11\/wenn-das-neue-inselhaus-nicht-fertig-wird-mz-270111.pdf\" target=\"_blank\" rel=\"noopener\">Enero de 2011<\/a><\/li>\n<li><a href=\"http:\/\/mallorca-anwalt.com\/wp-content\/uploads\/2021\/11\/mz-300611.pdf\" target=\"_blank\" rel=\"noopener\">Junio de 2011<\/a><\/li>\n<li><a href=\"http:\/\/mallorca-anwalt.com\/wp-content\/uploads\/2021\/11\/ABOGADO-DIC-14-V3-p1.jpg\" target=\"_blank\" rel=\"noopener\">Top Casa \u2013 12\/2014 \u2013 Su camino hacia la felicidad en la adquisici\u00f3n de su inmueble<\/a><\/li>\n<li><a href=\"http:\/\/mallorca-anwalt.com\/wp-content\/uploads\/2021\/11\/1-300x247-1.jpg\" target=\"_blank\" rel=\"noopener\">peri\u00f3dico<\/a><\/li>\n<li><a href=\"http:\/\/mallorca-anwalt.com\/wp-content\/uploads\/2021\/11\/GERBOTH-ABOGADOS-DIC-16.pdf\" target=\"_blank\" rel=\"noopener\">PATRIMONIO EN ESPA\u00d1A<\/a><\/li>\n<li><a href=\"https:\/\/mallorca-anwalt.com\/wp-content\/uploads\/2022\/03\/Blauaugig.pdf\">Blauaugig<\/a><\/li>\n<li><a href=\"https:\/\/mallorca-anwalt.com\/wp-content\/uploads\/2025\/04\/Articulo-Beckham-Law-para-paginas-web-16.04.25.pdf\">Auswandern nach Mallorca mit Hilfe des Teams von Gerboth &amp; Partner<\/a><\/li>\n<li><a href=\"https:\/\/mallorca-anwalt.com\/wp-content\/uploads\/2025\/04\/Artikel-Legalisierung-von-Bauwerken-auf-den-Balearen-CG.pdf\">Legalisierung von Bauwerken auf den Balearen noch ca. 30 Monate m\u00f6glich nach dem Gesetz 7\/2024<\/a><\/li>\n<li><a href=\"https:\/\/mallorca-anwalt.com\/wp-content\/uploads\/2025\/04\/3-Aufsatz-Unterschiede-zwischen-dem-Deutschen-und-dem-Spanischen-Erbrecht-FD-14.03.25.pdf\">Grundlegende Unterschiede zwischen dem Spanischen und dem Deutschen Erbrecht \u2013 Ein \u00dcberblick<\/a><\/li>\n<li><a href=\"https:\/\/mallorca-anwalt.com\/wp-content\/uploads\/2025\/04\/4-Aufsatz-Hausbesetzerszene-Mallorca-FD-14.03.25.pdf\">Hausbesetzer auf Mallorca: Was sollte ich wissen und was kann ich tun?<\/a><\/li>\n<\/ul>\n[\/vc_column_text][\/vc_column][\/vc_row]\n","protected":false},"excerpt":{"rendered":"<p>[vc_row type=&#8220;in_container&#8220; full_screen_row_position=&#8220;middle&#8220; column_margin=&#8220;default&#8220; column_direction=&#8220;default&#8220; column_direction_tablet=&#8220;default&#8220; column_direction_phone=&#8220;default&#8220; scene_position=&#8220;center&#8220; top_padding=&#8220;4%&#8220; bottom_padding=&#8220;4%&#8220; text_color=&#8220;dark&#8220; text_align=&#8220;left&#8220; row_border_radius=&#8220;none&#8220; row_border_radius_applies=&#8220;bg&#8220; overlay_strength=&#8220;0.3&#8243; gradient_direction=&#8220;left_to_right&#8220; shape_divider_position=&#8220;bottom&#8220; bg_image_animation=&#8220;none&#8220; shape_type=&#8220;&#8220;][vc_column column_padding=&#8220;no-extra-padding&#8220; column_padding_tablet=&#8220;inherit&#8220; column_padding_phone=&#8220;inherit&#8220; column_padding_position=&#8220;all&#8220; column_element_spacing=&#8220;default&#8220; background_color_opacity=&#8220;1&#8243; background_hover_color_opacity=&#8220;1&#8243; column_shadow=&#8220;none&#8220; column_border_radius=&#8220;none&#8220; column_link_target=&#8220;_self&#8220; gradient_direction=&#8220;left_to_right&#8220;&#8230;<\/p>\n","protected":false},"author":1,"featured_media":0,"parent":0,"menu_order":0,"comment_status":"closed","ping_status":"closed","template":"","meta":[],"yoast_head":"<!-- This site is optimized with the Yoast SEO plugin v19.4 - https:\/\/yoast.com\/wordpress\/plugins\/seo\/ -->\n<title>BEWERTUNGEN - Mallorca Anwalt<\/title>\n<meta name=\"robots\" content=\"index, follow, max-snippet:-1, max-image-preview:large, max-video-preview:-1\" \/>\n<link rel=\"canonical\" href=\"https:\/\/mallorca-anwalt.com\/de\/bewertungen\/\" \/>\n<meta property=\"og:locale\" content=\"de_DE\" \/>\n<meta property=\"og:type\" content=\"article\" \/>\n<meta property=\"og:title\" content=\"BEWERTUNGEN - Mallorca Anwalt\" \/>\n<meta property=\"og:description\" content=\"[vc_row type=&#8220;in_container&#8220; full_screen_row_position=&#8220;middle&#8220; column_margin=&#8220;default&#8220; column_direction=&#8220;default&#8220; column_direction_tablet=&#8220;default&#8220; column_direction_phone=&#8220;default&#8220; scene_position=&#8220;center&#8220; top_padding=&#8220;4%&#8220; bottom_padding=&#8220;4%&#8220; text_color=&#8220;dark&#8220; text_align=&#8220;left&#8220; row_border_radius=&#8220;none&#8220; row_border_radius_applies=&#8220;bg&#8220; overlay_strength=&#8220;0.3&#8243; gradient_direction=&#8220;left_to_right&#8220; shape_divider_position=&#8220;bottom&#8220; bg_image_animation=&#8220;none&#8220; shape_type=&#8220;&#8220;][vc_column column_padding=&#8220;no-extra-padding&#8220; column_padding_tablet=&#8220;inherit&#8220; column_padding_phone=&#8220;inherit&#8220; column_padding_position=&#8220;all&#8220; column_element_spacing=&#8220;default&#8220; background_color_opacity=&#8220;1&#8243; background_hover_color_opacity=&#8220;1&#8243; column_shadow=&#8220;none&#8220; column_border_radius=&#8220;none&#8220; column_link_target=&#8220;_self&#8220; gradient_direction=&#8220;left_to_right&#8220;...\" \/>\n<meta property=\"og:url\" content=\"https:\/\/mallorca-anwalt.com\/de\/bewertungen\/\" \/>\n<meta property=\"og:site_name\" content=\"Mallorca Anwalt\" \/>\n<meta property=\"article:modified_time\" content=\"2025-04-30T16:22:22+00:00\" \/>\n<meta name=\"twitter:card\" content=\"summary_large_image\" \/>\n<meta name=\"twitter:label1\" content=\"Gesch\u00e4tzte Lesezeit\" \/>\n\t<meta name=\"twitter:data1\" content=\"1\u00a0Minute\" \/>\n<script type=\"application\/ld+json\" class=\"yoast-schema-graph\">{\"@context\":\"https:\/\/schema.org\",\"@graph\":[{\"@type\":\"WebSite\",\"@id\":\"https:\/\/mallorca-anwalt.com\/#website\",\"url\":\"https:\/\/mallorca-anwalt.com\/\",\"name\":\"Mallorca Anwalt\",\"description\":\"Rechtsanwalt Mallorca &amp; Ibiza , Gerboth &amp; Partner\",\"potentialAction\":[{\"@type\":\"SearchAction\",\"target\":{\"@type\":\"EntryPoint\",\"urlTemplate\":\"https:\/\/mallorca-anwalt.com\/?s={search_term_string}\"},\"query-input\":\"required name=search_term_string\"}],\"inLanguage\":\"de\"},{\"@type\":\"WebPage\",\"@id\":\"https:\/\/mallorca-anwalt.com\/de\/bewertungen\/\",\"url\":\"https:\/\/mallorca-anwalt.com\/de\/bewertungen\/\",\"name\":\"BEWERTUNGEN - Mallorca Anwalt\",\"isPartOf\":{\"@id\":\"https:\/\/mallorca-anwalt.com\/#website\"},\"datePublished\":\"2021-11-22T12:00:47+00:00\",\"dateModified\":\"2025-04-30T16:22:22+00:00\",\"breadcrumb\":{\"@id\":\"https:\/\/mallorca-anwalt.com\/de\/bewertungen\/#breadcrumb\"},\"inLanguage\":\"de\",\"potentialAction\":[{\"@type\":\"ReadAction\",\"target\":[\"https:\/\/mallorca-anwalt.com\/de\/bewertungen\/\"]}]},{\"@type\":\"BreadcrumbList\",\"@id\":\"https:\/\/mallorca-anwalt.com\/de\/bewertungen\/#breadcrumb\",\"itemListElement\":[{\"@type\":\"ListItem\",\"position\":1,\"name\":\"Portada\",\"item\":\"https:\/\/mallorca-anwalt.com\/de\/\"},{\"@type\":\"ListItem\",\"position\":2,\"name\":\"BEWERTUNGEN\"}]}]}<\/script>\n<!-- \/ Yoast SEO plugin. -->","yoast_head_json":{"title":"BEWERTUNGEN - Mallorca Anwalt","robots":{"index":"index","follow":"follow","max-snippet":"max-snippet:-1","max-image-preview":"max-image-preview:large","max-video-preview":"max-video-preview:-1"},"canonical":"https:\/\/mallorca-anwalt.com\/de\/bewertungen\/","og_locale":"de_DE","og_type":"article","og_title":"BEWERTUNGEN - Mallorca Anwalt","og_description":"[vc_row type=&#8220;in_container&#8220; full_screen_row_position=&#8220;middle&#8220; column_margin=&#8220;default&#8220; column_direction=&#8220;default&#8220; column_direction_tablet=&#8220;default&#8220; column_direction_phone=&#8220;default&#8220; scene_position=&#8220;center&#8220; top_padding=&#8220;4%&#8220; bottom_padding=&#8220;4%&#8220; text_color=&#8220;dark&#8220; text_align=&#8220;left&#8220; row_border_radius=&#8220;none&#8220; row_border_radius_applies=&#8220;bg&#8220; overlay_strength=&#8220;0.3&#8243; gradient_direction=&#8220;left_to_right&#8220; shape_divider_position=&#8220;bottom&#8220; bg_image_animation=&#8220;none&#8220; shape_type=&#8220;&#8220;][vc_column column_padding=&#8220;no-extra-padding&#8220; column_padding_tablet=&#8220;inherit&#8220; column_padding_phone=&#8220;inherit&#8220; column_padding_position=&#8220;all&#8220; column_element_spacing=&#8220;default&#8220; background_color_opacity=&#8220;1&#8243; background_hover_color_opacity=&#8220;1&#8243; column_shadow=&#8220;none&#8220; column_border_radius=&#8220;none&#8220; column_link_target=&#8220;_self&#8220; gradient_direction=&#8220;left_to_right&#8220;...","og_url":"https:\/\/mallorca-anwalt.com\/de\/bewertungen\/","og_site_name":"Mallorca Anwalt","article_modified_time":"2025-04-30T16:22:22+00:00","twitter_card":"summary_large_image","twitter_misc":{"Gesch\u00e4tzte Lesezeit":"1\u00a0Minute"},"schema":{"@context":"https:\/\/schema.org","@graph":[{"@type":"WebSite","@id":"https:\/\/mallorca-anwalt.com\/#website","url":"https:\/\/mallorca-anwalt.com\/","name":"Mallorca Anwalt","description":"Rechtsanwalt Mallorca &amp; Ibiza , Gerboth &amp; Partner","potentialAction":[{"@type":"SearchAction","target":{"@type":"EntryPoint","urlTemplate":"https:\/\/mallorca-anwalt.com\/?s={search_term_string}"},"query-input":"required name=search_term_string"}],"inLanguage":"de"},{"@type":"WebPage","@id":"https:\/\/mallorca-anwalt.com\/de\/bewertungen\/","url":"https:\/\/mallorca-anwalt.com\/de\/bewertungen\/","name":"BEWERTUNGEN - Mallorca Anwalt","isPartOf":{"@id":"https:\/\/mallorca-anwalt.com\/#website"},"datePublished":"2021-11-22T12:00:47+00:00","dateModified":"2025-04-30T16:22:22+00:00","breadcrumb":{"@id":"https:\/\/mallorca-anwalt.com\/de\/bewertungen\/#breadcrumb"},"inLanguage":"de","potentialAction":[{"@type":"ReadAction","target":["https:\/\/mallorca-anwalt.com\/de\/bewertungen\/"]}]},{"@type":"BreadcrumbList","@id":"https:\/\/mallorca-anwalt.com\/de\/bewertungen\/#breadcrumb","itemListElement":[{"@type":"ListItem","position":1,"name":"Portada","item":"https:\/\/mallorca-anwalt.com\/de\/"},{"@type":"ListItem","position":2,"name":"BEWERTUNGEN"}]}]}},"_links":{"self":[{"href":"https:\/\/mallorca-anwalt.com\/de\/wp-json\/wp\/v2\/pages\/1086"}],"collection":[{"href":"https:\/\/mallorca-anwalt.com\/de\/wp-json\/wp\/v2\/pages"}],"about":[{"href":"https:\/\/mallorca-anwalt.com\/de\/wp-json\/wp\/v2\/types\/page"}],"author":[{"embeddable":true,"href":"https:\/\/mallorca-anwalt.com\/de\/wp-json\/wp\/v2\/users\/1"}],"replies":[{"embeddable":true,"href":"https:\/\/mallorca-anwalt.com\/de\/wp-json\/wp\/v2\/comments?post=1086"}],"version-history":[{"count":6,"href":"https:\/\/mallorca-anwalt.com\/de\/wp-json\/wp\/v2\/pages\/1086\/revisions"}],"predecessor-version":[{"id":1520,"href":"https:\/\/mallorca-anwalt.com\/de\/wp-json\/wp\/v2\/pages\/1086\/revisions\/1520"}],"wp:attachment":[{"href":"https:\/\/mallorca-anwalt.com\/de\/wp-json\/wp\/v2\/media?parent=1086"}],"curies":[{"name":"wp","href":"https:\/\/api.w.org\/{rel}","templated":true}]}}