{"id":968,"date":"2020-06-26T08:51:50","date_gmt":"2020-06-26T08:51:50","guid":{"rendered":"http:\/\/mallorca-anwalt.com\/aviso-legal\/"},"modified":"2022-03-16T12:35:27","modified_gmt":"2022-03-16T12:35:27","slug":"aviso-legal","status":"publish","type":"page","link":"https:\/\/mallorca-anwalt.com\/de\/aviso-legal\/","title":{"rendered":"Aviso Legal"},"content":{"rendered":"<p><strong><u>RECHTLICHE HINWEISE<\/u><\/strong><\/p>\n<p>Gem\u00e4\u00df den Bestimmungen der Artikel 10 und 11 im Gesetz 34\/2002 vom 11. Juli \u00fcber Dienstleistungen der Informationsgesellschaft und des elektronischen Gesch\u00e4ftsverkehrs werden hiermit den Benutzern und Besuchern die rechtlichen Hinweise bez\u00fcglich des Inhabers der Website mit der URL www.mallorca-anwalt.com zur Kenntnis gebracht.<\/p>\n<p>Inhaber der website<\/p>\n<p>Bezeichnung der Gesellschaft: EUROPEAN LAWYERS &amp; PARTNER, S.L.<\/p>\n<p>Steueridentnummer (CIF): B57776163<\/p>\n<p>Gesellschaftssitz: AVDA. JAIME III, N\u00ba 3, 4\u00ba 2\u00aa 07012 PALMA DE MALLORCA, BALEARES<\/p>\n<p>E-Mail-Adresse: info@mallorca-anwalt.com<\/p>\n<p>Telefon: 971722494<\/p>\n<p>Gesch\u00e4ftst\u00e4tigkeit: Rechts-, Buchhaltungs-, Steuer- und Arbeitsberatung<\/p>\n<p>Nutzungsbedingungen<\/p>\n<p>Um auf dieser Website als Besucher zu surfen oder um sich zu registrieren und auf die von www.mallorca-anwalt. com angebotenen Dienste zuzugreifen, m\u00fcssen Sie Ihre Zustimmung zu den folgenden Dienstleistungs- und Nutzungsbedingungen f\u00fcr erteilen:<\/p>\n<ol>\n<li>Der Benutzer erkennt die vorliegenden allgemeinen Nutzungs- und Servicebedingungen der Website www. mallorca-anwalt.com an.<\/li>\n<\/ol>\n<p>Wenn der Benutzer diese Bedingungen nicht akzeptiert, darf er die Dienste und Inhalte der Website www. mallorca-anwalt.com nicht nutzen.<\/p>\n<ol>\n<li>Die vorliegenden Nutzungsbedingungen regeln den Zugang und die Nutzung der Website www.mallorcaanwalt.com. Durch die Nutzung dieser Website werden Sie von dem Moment an, in dem Sie auf die Website zugreifen und sie durchsuchen, zu einem Benutzer. Ab dem Zeitpunkt des Zugriffs auf beliebige Inhalte akzeptiert der Benutzer ausdr\u00fccklich die vorliegenden allgemeinen Bedingungen. Der Benutzer akzeptiert die besonderen Bedingungen, die f\u00fcr die verschiedenen, vom Unternehmen auf der von ihm besuchten Website angebotenen<\/li>\n<\/ol>\n<p>Dienste gelten.<\/p>\n<ol>\n<li>Die Website www.mallorca-anwalt.com erm\u00f6glicht den Benutzern den Zugang zu und die Nutzung von verschiedenen Informationen und Dienstleistungen.<\/li>\n<li>Der Benutzer muss vollj\u00e4hrig sein, um die Dienste der Website www.mallorca-anwalt.com nutzen zu k\u00f6nnen. Minderj\u00e4hrige unter 18 Jahren d\u00fcrfen die Dienste der Website www.mallorca-anwalt.com nur unter der Aufsicht eines Elternteils oder Erziehungsberechtigten nutzen.<\/li>\n<li>Der Benutzer verpflichtet sich, die Inhalte und Dienste der Website www.mallorca-anwalt.com angemessen zu nutzen. Diese Nutzung muss in \u00dcbereinstimmung mit dem Gesetz, den guten Sitten, der \u00f6ffentlichen Ordnung und den Bestimmungen dieser allgemeinen Bedingungen erfolgen.<\/li>\n<li>Die Bereitstellung von Diensten und der Zugang zu Informationen auf der Website erfordern im Allgemeinen keine vorherige Anmeldung oder Registrierung durch den Benutzer. Allerdings macht EUROPEAN LAWYERS &amp; PARTNER, S.L. die Nutzung einiger der auf der Website angebotenen Dienste davon abh\u00e4ngig, dass der Benutzer zuvor das entsprechende Formular zur Registrierung oder Erfassung pers\u00f6nlicher Daten ausf\u00fcllt. Die vorgenannte Registrierung erfolgt auf die Art und Weise, die in dem Dienst selbst oder in den besonderen<\/li>\n<\/ol>\n<p>Bedingungen, die diesen gegebenenfalls regeln, ausdr\u00fccklich angegeben ist.<\/p>\n<ol>\n<li>Der Benutzer verpflichtet sich, keine Handlungen vorzunehmen, die den Inhalt, die Dienste und\/oder die normale Nutzung der Website www.mallorca-anwalt.com durch andere Benutzer besch\u00e4digen, unbrauchbar machen, unzug\u00e4nglich machen oder verschlechtern k\u00f6nnen. Der Benutzer verpflichtet sich insbesondere und beispielhaft, aber nicht ausschlie\u00dflich:<\/li>\n<\/ol>\n<p>keine Handlungen vorzunehmen, die personenbezogene Daten, Programme oder elektronische Dokumente auf der Website beeintr\u00e4chtigen, zerst\u00f6ren, ver\u00e4ndern, unbrauchbar machen oder besch\u00e4digen k\u00f6nnen.<\/p>\n<p>keine Computerprogramme, Daten, Viren oder Codes einzuf\u00fchren, zu speichern oder zu verbreiten, die der Website, einem der Dienste oder einem der Ger\u00e4te, Systeme oder Netzwerke des Unternehmens, eines anderen Benutzers und\/oder eines Lieferanten des Unternehmens Schaden zuf\u00fcgen k\u00f6nnen.<\/p>\n<p>\u00c4nderungen<\/p>\n<p>Das Unternehmen beh\u00e4lt sich das Recht vor, die vorliegenden Bedingungen jederzeit und ohne vorherige Ank\u00fcndigung einseitig zu \u00e4ndern. In solchen F\u00e4llen werden sie so weit wie m\u00f6glich im Voraus ver\u00f6ffentlicht und mitgeteilt. Ebenso beh\u00e4lt es sich das Recht vor, die Pr\u00e4sentation und Konfiguration der Website jederzeit und ohne vorherige Ank\u00fcndigung einseitig zu \u00e4ndern.<\/p>\n<p>Links zu drittanbietern<\/p>\n<p>Dieser rechtliche Hinweis bezieht sich nur auf die Website und gilt nicht f\u00fcr Links oder Websites Dritter, die \u00fcber die Website zug\u00e4nglich sind. Das Unternehmen ist weder f\u00fcr den Inhalt einer der Ziel-Websites eines Links noch f\u00fcr einen Link verantwortlich, der auf einer Website enthalten ist, die von der Website des Unternehmens aus erreicht wird.<\/p>\n<p>Geistiges und gewerbliches eigentum<\/p>\n<p>Der gesamte Inhalt der Website ist ausschlie\u00dfliches Eigentum des Unternehmens, einschlie\u00dflich, aber nicht beschr\u00e4nkt auf das grafische Design, den Quellcode, Logos, Texte, Grafiken, Illustrationen, Fotos und andere Elemente, die auf der Website erscheinen. Ebenso sind die auf der Website enthaltenen Handelsnamen, Marken oder Kennzeichen jeglicher Art durch das Recht des geistigen und gewerblichen Eigentums gesch\u00fctzt. Das Unternehmen hat das ausschlie\u00dfliche Recht, das oben genannte geistige Eigentum in jeder Form zu verwerten, insbesondere das Recht auf Vervielf\u00e4ltigung, Verbreitung und \u00f6ffentliche Wiedergabe.<\/p>\n<p>Dem Benutzer ist es untersagt, die Inhalte der Website, die das geistige oder gewerbliche Eigentum des Unternehmens an der Website und\/oder ihren Inhalten darstellen, ganz oder teilweise ohne Zustimmung zu nutzen.<\/p>\n<p>Das Unternehmen beh\u00e4lt sich das Recht vor, rechtliche Schritte jeglicher Art gegen jeden Benutzer zu unternehmen, der Handlungen unternimmt, die eine Vervielf\u00e4ltigung, Verbreitung, Vermarktung, Umwandlung und im Allgemeinen jede andere Form der gewerblichen Nutzung der Inhalte der Website, ganz oder teilweise, durch beliebige Verfahren darstellen, die gegen seine geistigen und\/oder gewerblichen Eigentumsrechte versto\u00dfen.<\/p>\n<p>Mitteilungen<\/p>\n<p>Im Sinne dieser Allgemeinen Bedingungen ist f\u00fcr alle Mitteilungen, die zwischen dem Unternehmen und dem Benutzer erforderlich werden, die E-Mail-Adresse info@mallorca-anwalt.com zu verwenden. Die Kommunikation zwischen dem Unternehmen und dem Benutzer erfolgt im Einklang mit den personenbezogenen Daten, die der Benutzer bei der Registrierung auf der Website www.mallorca-anwalt.com angegeben hat. Der Benutzer akzeptiert ausdr\u00fccklich f\u00fcr alle Mitteilungen im Zusammenhang mit der Nutzung der Website und\/oder der Inanspruchnahme der dort angebotenen Dienstleistungen die Verwendung von E-Mail als g\u00fcltiges Verfahren f\u00fcr den Versand solcher Mitteilungen.<\/p>\n<p>Anwendbare gesetzgebung und gerichtsstand<\/p>\n<p>Diese Bedingungen unterliegen dem spanischen Recht, das in allen Fragen der Auslegung, G\u00fcltigkeit und Ausf\u00fchrung, die in diesem Vertrag nicht vorgesehen sind, anwendbar ist. Die Parteien verzichten ausdr\u00fccklich auf einen ihnen m\u00f6glicherweise zustehenden Gerichtsstand und unterwerfen sich ausdr\u00fccklich den Gerichten von Palma de Mallorca, um Streitigkeiten zu l\u00f6sen, die sich aus der Auslegung oder Durchsetzung der vorliegenden Vertragsbedingungen ergeben.<\/p>\n<p>&nbsp;<\/p>\n<p><strong><u>DATENSCHUTZERKL\u00c4RUNG<\/u><\/strong><\/p>\n<p>Im Einklang mit den Bestimmungen der Datenschutz-Grundverordnung (DSGVO, (EG ) 679\/2016 und dem spanischen Staatsgrundgesetz 3\/2018, vom 5. Dezember \u00fcber Schutz personenbezogener Daten und<\/p>\n<p>Gew\u00e4hrleistung digitaler Rechte, stellen wir Ihnen die folgenden Informationen zur Verarbeitung Ihrer pers\u00f6nlichen Daten zur Verf\u00fcgung:<\/p>\n<p>Wer ist f\u00fcr Verarbeitung Ihrer personenbezogenen Daten verantwortlich?<\/p>\n<p>Verantwortlicher f\u00fcr Datenverarbeitung und Datenschutzbeauftragter<\/p>\n<p>Verantwortlich f\u00fcr die Verarbeitung Ihrer personenbezogenen Daten ist die Gesellschaft EUROPEAN LAWYERS &amp; PARTNER, S.L., mit Sitz in AVDA. JAIME III, N\u00ba 3, 4\u00ba 2\u00aa, 07012, PALMA DE MALLORCA. Sie k\u00f6nnen den Datenschutzbeauftragten unter der folgenden E-Mail-Adresse kontaktieren: info@mallorca-anwalt.com DATENSCHUTZBEAUFTRAGTER: KONTAKT: \/ http:\/\/www.protecmir.com \/ E-MAIL: protecmirlegal@protecmir. com .<\/p>\n<p>Welche Daten verarbeiten wir?<\/p>\n<p>Bei EUROPEAN LAWYERS &amp; PARTNER, S.L. verarbeiten wir die personenbezogenen Daten, die Sie uns durch das Ausf\u00fcllen der daf\u00fcr vorgesehenen Formulare auf dieser Website zur Verf\u00fcgung stellen, die personenbezogenen Daten, die sich aus der Erbringung oder dem Abschluss von Vertr\u00e4gen \u00fcber unsere Dienstleistungen oder Produkte ergeben und\/oder die personenbezogenen Daten, die sich aus der Gesch\u00e4ftsbeziehung ergeben, die Sie mit uns haben. Dar\u00fcber hinaus verarbeiten wir personenbezogene Daten, die im Rahmen Ihrer Aktivit\u00e4ten auf unserer Website generiert werden, wozu auch Ihre Browser-Daten geh\u00f6ren, die wir \u00fcber die Website erhalten.<\/p>\n<p>Es ist wichtig f\u00fcr uns, die Aufzeichnung Ihrer pers\u00f6nlichen Daten auf dem neuesten Stand zu halten. Sie sind verpflichtet, uns so schnellstm\u00f6glich \u00fcber \u00c4nderungen oder Fehler in Ihren pers\u00f6nlichen Daten zu informieren, indem Sie uns unter folgender E-Mail-Adresse kontaktieren: info@mallorca-anwalt.com.<\/p>\n<p>Zu welchem Zweck verarbeiten wir Ihre personenbezogenen Daten?<\/p>\n<p>Zweck: Ihre personenbezogenen Daten werden f\u00fcr die folgenden Zwecke verarbeitet:<\/p>\n<p>&nbsp;<\/p>\n<p>-Verwaltung und Pflege der \u00fcber die Website angebotenen Dienste.<\/p>\n<p>&nbsp;<\/p>\n<p>Wie lange werden wir Ihre personenbezogenen Daten aufbewahren?<\/p>\n<p>Wir bewahren Ihre personenbezogenen Daten so lange in unseren Systemen und Dateien auf, wie es f\u00fcr die Erf\u00fcllung der Zwecke der Verarbeitung und zur Einhaltung der geltenden Rechtsvorschriften erforderlich ist. Ihre personenbezogenen Daten werden so lange aufbewahrt, wie eine vertragliche und\/oder gesch\u00e4ftliche Beziehung zu Ihnen besteht, bzw. solange Sie nicht von Ihrem Recht auf L\u00f6schung und\/oder Einschr\u00e4nkung der Verarbeitung Ihrer Daten Gebrauch machen. Die Dauer der Aufbewahrung personenbezogener Daten h\u00e4ngt von den Zwecken der Verarbeitung ab und betr\u00e4gt im Allgemeinen:<\/p>\n<p>-Personenbezogene Daten, die Sie uns bei der Inanspruchnahme unserer Dienstleistungen oder Produkte zur Verf\u00fcgung stellen, werden w\u00e4hrend des Vertragsverh\u00e4ltnisses und nach Beendigung des Vertragsverh\u00e4ltnisses f\u00fcr die Dauer der Verj\u00e4hrung der sich daraus ergebenden Rechtsanspr\u00fcche gespeichert.<\/p>\n<p>&nbsp;<\/p>\n<p>Ihre personenbezogenen Daten werden so lange gespeichert, wie es f\u00fcr die genannten Zwecke dienlich ist, auf jeden Fall f\u00fcr die Dauer der gesetzlichen Fristen und f\u00fcr die erforderliche Zeit, um m\u00f6gliche Haftungsanspr\u00fcche aus der Verarbeitung zu ber\u00fccksichtigen.<\/p>\n<p>Sicherheit der Daten<\/p>\n<p>Wir verf\u00fcgen \u00fcber angemessene technische und organisatorische Sicherheitsma\u00dfnahmen, um Ihre personenbezogenen Daten gegen unbefugte oder unrechtm\u00e4\u00dfige Verarbeitung, versehentlichen Verlust, Zerst\u00f6rung oder Besch\u00e4digung zu sch\u00fctzen und die Integrit\u00e4t und Vertraulichkeit Ihrer personenbezogenen Daten zu gew\u00e4hrleisten. Die getroffenen technischen und organisatorischen Sicherheitsvorkehrungen erm\u00f6glichen es, die dauerhafte Vertraulichkeit, Integrit\u00e4t, Verf\u00fcgbarkeit und Belastbarkeit der Verarbeitungssysteme und -dienste zu gew\u00e4hrleisten, die Verf\u00fcgbarkeit und den Zugang zu personenbezogenen Daten im Falle eines physischen oder technischen Zwischenfalls unverz\u00fcglich wiederherzustellen und die Wirksamkeit der technischen und organisatorischen Ma\u00dfnahmen zur Gew\u00e4hrleistung der Sicherheit der Verarbeitung regelm\u00e4\u00dfig zu \u00fcberpr\u00fcfen, zu bewerten und zu beurteilen.<\/p>\n<p>Diese technischen und organisatorischen Sicherheitsma\u00dfnahmen wurden unter Ber\u00fccksichtigung unserer ITInfrastruktur, des Stands der Technik gem\u00e4\u00df den aktuellen Standards und Praktiken, der Kosten f\u00fcr die Umsetzung und der Art, des Umfangs, der Umst\u00e4nde und der Zwecke der Verarbeitung sowie der Risiken unterschiedlicher Wahrscheinlichkeit und Schwere der Verarbeitung Ihrer personenbezogenen Daten konzipiert.<\/p>\n<p>Wodurch ist die Verarbeitung Ihrer Daten legitimiert?<\/p>\n<p>Gesetzliche Berechtigung: Die Berechtigung zur Verarbeitung Ihrer personenbezogenen Daten beruht auf:<\/p>\n<p>-Die Durchf\u00fchrung und Aufrechterhaltung einer vertraglichen und gesch\u00e4ftlichen Beziehung mit Ihnen, wie zum Beispiel die Bestellung von Produkten und Dienstleistungen des Unternehmens, die Verwaltung und die Einholung von Angeboten f\u00fcr die Produkte und\/oder Dienstleistungen des Unternehmens, alles im Einklang mit den Bestimmungen in Artikel 6.1.B der DSGVO (EU) 679\/2016 und dem spanischen Staatsgrundgesetz 3\/2018 vom 5. Dezember (LOPDPGDD).<\/p>\n<p>-Ihre ausdr\u00fcckliche Zustimmung f\u00fcr einen oder mehrere Zwecke, wie z. B. die Zusendung von eigenen Werbemitteilungen oder Newslettern oder von Dritten, die Verwaltung von Bewerbungen, die Teilnahme an Aktivit\u00e4ten oder Wettbewerben, alles im Einklang mit den Bestimmungen in Artikel 6.1.A der DSGVO (EU) 679\/2016 und dem spanischen Staatsgrundgesetz 3\/2018 vom 5. Dezember (LOPDPGDDD).<\/p>\n<p>-Die Erf\u00fcllung verschiedener gesetzlicher Verpflichtungen, alle im Einklang mit den Bestimmungen in Artikel 6.1.C der DSGVO (EU) 679\/2016 und dem spanischen Staatsgrundgesetz 3\/2018 vom 5. Dezember (LOPDPGDD). -Die Befriedigung berechtigter Interessen des Verantwortlichen f\u00fcr Datenverarbeitung oder eines Dritten, z. B. aus Sicherheitsgr\u00fcnden, zur Verbesserung unserer Dienstleistungen oder zur Bearbeitung von Anfragen.<\/p>\n<p>Der Benutzer wird w\u00e4hrend des Datenerfassungsvorgangs und an jeder Stelle auf der Website, wo personenbezogene Daten erfragt werden, entweder \u00fcber einen Hyperlink oder durch entsprechende Erw\u00e4hnung im Formular selbst dar\u00fcber informiert, ob die erfragten personenbezogenen Daten Pflichtangaben sind oder nicht.<\/p>\n<p>Die in den Formularen auf der Website erfragten personenbezogenen Daten sind im Allgemeinen obligatorisch (ausgenommen bei anders lautenden Hinweisen im entsprechenden Feld), um die festgelegten Zwecke zu erf\u00fcllen. Wenn also die angeforderten personenbezogenen Daten nicht oder nicht korrekt angegeben werden, kann der Anfrage nicht entsprochen werden.<\/p>\n<p>Es besteht die Verpflichtung, Ihre pers\u00f6nlichen Daten im Falle einer Bestellung einer Dienstleistung oder eines Produkts und\/oder im Falle der Anforderung eines Kostenvoranschlags oder Angebots anzugeben.<\/p>\n<p>Die Zusendung von Werbemitteilungen, Newslettern oder Informationsbulletins \u00fcber unsere Produkte und Dienstleistungen erfolgt auf der Grundlage der von Ihnen erbetenen Zustimmung, und der Widerruf dieser<\/p>\n<p>Zustimmung beeintr\u00e4chtigt in keinem Fall die vertragliche oder gesch\u00e4ftliche Beziehung, die Sie mit uns haben.<\/p>\n<p>Wenn Sie uns die Erlaubnis erteilt haben, Ihnen Werbung f\u00fcr unsere Dienstleistungen und Produkte zu senden, k\u00f6nnen Ihre personenbezogenen Daten verwendet werden, um den Versand von Werbeangeboten und Newslettern auf elektronischem Wege zu verwalten. In diesen F\u00e4llen gelten die Bestimmungen der Artikel 20 und 21 im Gesetz 34\/2002 vom 11. Juli 2002 \u00fcber die Dienste der Informationsgesellschaft und den elektronischen Gesch\u00e4ftsverkehr f\u00fcr die Nutzung und Verarbeitung Ihrer pers\u00f6nlichen Daten zum Zwecke der Zusendung von Werbung auf elektronischem Wege.<\/p>\n<p>Wenn Sie die Option Erhalt von Werbung angekreuzt haben oder wenn Sie unseren Newsletter abonniert haben, k\u00f6nnen Sie diese Option jederzeit abbestellen.<\/p>\n<p>An welche Empf\u00e4nger werden Ihre Daten weitergegeben?<\/p>\n<p>Empf\u00e4nger: Im Allgemeinen werden Ihre personenbezogenen Daten nicht an Dritte au\u00dferhalb des Unternehmens weitergegeben, es sei denn, es besteht eine gesetzliche Verpflichtung. Wir setzen Sie jedoch dar\u00fcber in Kenntnis, dass Drittanbieter als Auftragsverarbeiter im Rahmen der Dienstleistungserbringung f\u00fcr die Verantwortliche Stelle f\u00fcr Datenverarbeitung Zugang zu Ihren personenbezogenen Daten haben k\u00f6nnen. Wir informieren Sie dar\u00fcber, dass Sie eine vollst\u00e4ndige Liste der Empf\u00e4nger anfordern k\u00f6nnen, die Ihre personenbezogenen Daten als Auftragsverarbeiter oder als Drittempf\u00e4nger durch \u00dcbermittlung unter folgender EMail-Adresse erhalten k\u00f6nnen: info@mallorca-anwalt.com. Dar\u00fcber hinaus kann das Unternehmen in den F\u00e4llen, in denen eine gesetzliche Verpflichtung besteht, personenbezogene Daten abtreten oder weitergeben, um seinen gesetzlichen Verpflichtungen gegen\u00fcber den \u00f6ffentlichen Verwaltungen nachzukommen.<\/p>\n<p>Es sind keine internationalen Daten\u00fcbermittlungen vorgesehen. Es gibt keine anwendbaren Angemessenheitsentscheidungen, Garantien, verbindliche Unternehmensregeln oder besondere Situationen.<\/p>\n<p>Welche Rechte haben Sie bei der Verarbeitung Ihrer personenbezogenen Daten?<\/p>\n<p>Ihre Rechte: Sie haben das Recht auf Zugang zu Ihren personenbezogenen Daten sowie die Berichtigung unrichtiger Daten oder gegebenenfalls deren L\u00f6schung zu verlangen, wenn die Daten unter anderem f\u00fcr die Zwecke, f\u00fcr die sie erhoben wurden, nicht mehr ben\u00f6tigt werden. Unter bestimmten Umst\u00e4nden k\u00f6nnen Sie die Einschr\u00e4nkung der Verarbeitung Ihrer Daten verlangen. In diesem Fall werden wir sie nur zur Geltendmachung oder Verteidigung von Anspr\u00fcchen aufbewahren. Sie k\u00f6nnen auch aus Gr\u00fcnden, die sich aus Ihrer besonderen Situation ergeben, der Verarbeitung Ihrer Daten widersprechen; in diesem Fall werden Ihre personenbezogenen Daten nicht mehr f\u00fcr die Zwecke verarbeitet, denen Sie widersprochen haben. Soweit technisch m\u00f6glich, k\u00f6nnen Sie die \u00dcbertragbarkeit Ihrer Daten auf einen anderen Verantwortlichen f\u00fcr Datenverarbeitung verlangen. Um diese Rechte gem\u00e4\u00df den geltenden Rechtsvorschriften auszu\u00fcben, k\u00f6nnen Sie ein Schreiben per Post mit einer Kopie eines Dokuments zum Nachweis Ihrer Identit\u00e4t (Personalausweis) an EUROPEAN LAWYERS &amp; PARTNER, S.L. in AVDA. JAIME III, N\u00ba 3, 4\u00ba 2\u00aa, PLZ: 07012, PALMA DE MALLORCA oder an die E-MailAdresse info@mallorca-anwalt.com senden. Sie haben das Recht, eine Beschwerde bei der Aufsichtsbeh\u00f6rde einzureichen: Spanische Datenschutzbeh\u00f6rde (Agencia Espa\u00f1ola de Protecci\u00f3n de Datos www.agpd.es). Herkunft der personenbezogenen Daten: die betroffene Person selbst.<\/p>\n<p>Sie erkl\u00e4ren sich ausdr\u00fccklich damit einverstanden, dass die beim Surfen auf der Website erhobenen und\/oder durch das Ausf\u00fcllen von Formularen \u00fcbermittelten personenbezogenen Daten sowie die Daten, die sich aus einer eventuellen Gesch\u00e4ftsbeziehung ergeben, in die automatisierten Personendateien des Unternehmens aufgenommen werden.<\/p>\n<p>Das Unternehmen garantiert die Vertraulichkeit der personenbezogenen Daten der Benutzer. Das Unternehmen wird jedoch die personenbezogenen Daten und alle anderen Informationen, die sich in ihrem Besitz befinden oder \u00fcber ihre Systeme zug\u00e4nglich sind, an die zust\u00e4ndigen Beh\u00f6rden weitergeben, sofern dies nach den geltenden Rechts- und Verwaltungsvorschriften erforderlich ist. Die personenbezogenen Daten k\u00f6nnen in den Dateien von EUROPEAN LAWYERS &amp; PARTNER, S.L. auch nach Beendigung der \u00fcber die Website des Unternehmens formalisierten Gesch\u00e4ftsbeziehungen ausschlie\u00dflich zu den oben genannten Zwecken und in jedem Fall w\u00e4hrend der gesetzlich festgelegten Fristen zur Verf\u00fcgung von Verwaltungs- oder Justizbeh\u00f6rden aufbewahrt werden.<\/p>\n","protected":false},"excerpt":{"rendered":"<p>RECHTLICHE HINWEISE Gem\u00e4\u00df den Bestimmungen der Artikel 10 und 11 im Gesetz 34\/2002 vom 11. Juli \u00fcber Dienstleistungen der Informationsgesellschaft und des elektronischen Gesch\u00e4ftsverkehrs werden hiermit den Benutzern und Besuchern&#8230;<\/p>\n","protected":false},"author":1,"featured_media":0,"parent":0,"menu_order":0,"comment_status":"closed","ping_status":"closed","template":"","meta":[],"yoast_head":"<!-- This site is optimized with the Yoast SEO plugin v19.4 - https:\/\/yoast.com\/wordpress\/plugins\/seo\/ -->\n<title>Aviso Legal - Mallorca Anwalt<\/title>\n<meta name=\"robots\" content=\"index, follow, max-snippet:-1, max-image-preview:large, max-video-preview:-1\" \/>\n<link rel=\"canonical\" href=\"https:\/\/mallorca-anwalt.com\/de\/aviso-legal\/\" \/>\n<meta property=\"og:locale\" content=\"de_DE\" \/>\n<meta property=\"og:type\" content=\"article\" \/>\n<meta property=\"og:title\" content=\"Aviso Legal - Mallorca Anwalt\" \/>\n<meta property=\"og:description\" content=\"RECHTLICHE HINWEISE Gem\u00e4\u00df den Bestimmungen der Artikel 10 und 11 im Gesetz 34\/2002 vom 11. Juli \u00fcber Dienstleistungen der Informationsgesellschaft und des elektronischen Gesch\u00e4ftsverkehrs werden hiermit den Benutzern und Besuchern...\" \/>\n<meta property=\"og:url\" content=\"https:\/\/mallorca-anwalt.com\/de\/aviso-legal\/\" \/>\n<meta property=\"og:site_name\" content=\"Mallorca Anwalt\" \/>\n<meta property=\"article:modified_time\" content=\"2022-03-16T12:35:27+00:00\" \/>\n<meta name=\"twitter:card\" content=\"summary_large_image\" \/>\n<meta name=\"twitter:label1\" content=\"Gesch\u00e4tzte Lesezeit\" \/>\n\t<meta name=\"twitter:data1\" content=\"5\u00a0Minuten\" \/>\n<script type=\"application\/ld+json\" class=\"yoast-schema-graph\">{\"@context\":\"https:\/\/schema.org\",\"@graph\":[{\"@type\":\"WebSite\",\"@id\":\"https:\/\/mallorca-anwalt.com\/#website\",\"url\":\"https:\/\/mallorca-anwalt.com\/\",\"name\":\"Mallorca Anwalt\",\"description\":\"Rechtsanwalt Mallorca &amp; Ibiza , Gerboth &amp; Partner\",\"potentialAction\":[{\"@type\":\"SearchAction\",\"target\":{\"@type\":\"EntryPoint\",\"urlTemplate\":\"https:\/\/mallorca-anwalt.com\/?s={search_term_string}\"},\"query-input\":\"required name=search_term_string\"}],\"inLanguage\":\"de\"},{\"@type\":\"WebPage\",\"@id\":\"https:\/\/mallorca-anwalt.com\/de\/aviso-legal\/\",\"url\":\"https:\/\/mallorca-anwalt.com\/de\/aviso-legal\/\",\"name\":\"Aviso Legal - Mallorca Anwalt\",\"isPartOf\":{\"@id\":\"https:\/\/mallorca-anwalt.com\/#website\"},\"datePublished\":\"2020-06-26T08:51:50+00:00\",\"dateModified\":\"2022-03-16T12:35:27+00:00\",\"breadcrumb\":{\"@id\":\"https:\/\/mallorca-anwalt.com\/de\/aviso-legal\/#breadcrumb\"},\"inLanguage\":\"de\",\"potentialAction\":[{\"@type\":\"ReadAction\",\"target\":[\"https:\/\/mallorca-anwalt.com\/de\/aviso-legal\/\"]}]},{\"@type\":\"BreadcrumbList\",\"@id\":\"https:\/\/mallorca-anwalt.com\/de\/aviso-legal\/#breadcrumb\",\"itemListElement\":[{\"@type\":\"ListItem\",\"position\":1,\"name\":\"Portada\",\"item\":\"https:\/\/mallorca-anwalt.com\/de\/\"},{\"@type\":\"ListItem\",\"position\":2,\"name\":\"Aviso Legal\"}]}]}<\/script>\n<!-- \/ Yoast SEO plugin. -->","yoast_head_json":{"title":"Aviso Legal - Mallorca Anwalt","robots":{"index":"index","follow":"follow","max-snippet":"max-snippet:-1","max-image-preview":"max-image-preview:large","max-video-preview":"max-video-preview:-1"},"canonical":"https:\/\/mallorca-anwalt.com\/de\/aviso-legal\/","og_locale":"de_DE","og_type":"article","og_title":"Aviso Legal - Mallorca Anwalt","og_description":"RECHTLICHE HINWEISE Gem\u00e4\u00df den Bestimmungen der Artikel 10 und 11 im Gesetz 34\/2002 vom 11. Juli \u00fcber Dienstleistungen der Informationsgesellschaft und des elektronischen Gesch\u00e4ftsverkehrs werden hiermit den Benutzern und Besuchern...","og_url":"https:\/\/mallorca-anwalt.com\/de\/aviso-legal\/","og_site_name":"Mallorca Anwalt","article_modified_time":"2022-03-16T12:35:27+00:00","twitter_card":"summary_large_image","twitter_misc":{"Gesch\u00e4tzte Lesezeit":"5\u00a0Minuten"},"schema":{"@context":"https:\/\/schema.org","@graph":[{"@type":"WebSite","@id":"https:\/\/mallorca-anwalt.com\/#website","url":"https:\/\/mallorca-anwalt.com\/","name":"Mallorca Anwalt","description":"Rechtsanwalt Mallorca &amp; Ibiza , Gerboth &amp; Partner","potentialAction":[{"@type":"SearchAction","target":{"@type":"EntryPoint","urlTemplate":"https:\/\/mallorca-anwalt.com\/?s={search_term_string}"},"query-input":"required name=search_term_string"}],"inLanguage":"de"},{"@type":"WebPage","@id":"https:\/\/mallorca-anwalt.com\/de\/aviso-legal\/","url":"https:\/\/mallorca-anwalt.com\/de\/aviso-legal\/","name":"Aviso Legal - Mallorca Anwalt","isPartOf":{"@id":"https:\/\/mallorca-anwalt.com\/#website"},"datePublished":"2020-06-26T08:51:50+00:00","dateModified":"2022-03-16T12:35:27+00:00","breadcrumb":{"@id":"https:\/\/mallorca-anwalt.com\/de\/aviso-legal\/#breadcrumb"},"inLanguage":"de","potentialAction":[{"@type":"ReadAction","target":["https:\/\/mallorca-anwalt.com\/de\/aviso-legal\/"]}]},{"@type":"BreadcrumbList","@id":"https:\/\/mallorca-anwalt.com\/de\/aviso-legal\/#breadcrumb","itemListElement":[{"@type":"ListItem","position":1,"name":"Portada","item":"https:\/\/mallorca-anwalt.com\/de\/"},{"@type":"ListItem","position":2,"name":"Aviso Legal"}]}]}},"_links":{"self":[{"href":"https:\/\/mallorca-anwalt.com\/de\/wp-json\/wp\/v2\/pages\/968"}],"collection":[{"href":"https:\/\/mallorca-anwalt.com\/de\/wp-json\/wp\/v2\/pages"}],"about":[{"href":"https:\/\/mallorca-anwalt.com\/de\/wp-json\/wp\/v2\/types\/page"}],"author":[{"embeddable":true,"href":"https:\/\/mallorca-anwalt.com\/de\/wp-json\/wp\/v2\/users\/1"}],"replies":[{"embeddable":true,"href":"https:\/\/mallorca-anwalt.com\/de\/wp-json\/wp\/v2\/comments?post=968"}],"version-history":[{"count":3,"href":"https:\/\/mallorca-anwalt.com\/de\/wp-json\/wp\/v2\/pages\/968\/revisions"}],"predecessor-version":[{"id":1346,"href":"https:\/\/mallorca-anwalt.com\/de\/wp-json\/wp\/v2\/pages\/968\/revisions\/1346"}],"wp:attachment":[{"href":"https:\/\/mallorca-anwalt.com\/de\/wp-json\/wp\/v2\/media?parent=968"}],"curies":[{"name":"wp","href":"https:\/\/api.w.org\/{rel}","templated":true}]}}