{"id":972,"date":"2020-06-26T08:53:43","date_gmt":"2020-06-26T08:53:43","guid":{"rendered":"http:\/\/mallorca-anwalt.com\/politica-de-cookies\/"},"modified":"2022-03-16T12:37:42","modified_gmt":"2022-03-16T12:37:42","slug":"politica-de-cookies","status":"publish","type":"page","link":"https:\/\/mallorca-anwalt.com\/de\/politica-de-cookies\/","title":{"rendered":"Pol\u00edtica de Cookies"},"content":{"rendered":"<p><strong><u>COOKIES-RICHTLINIE<\/u><\/strong><\/p>\n<p>Das Unternehmen EUROPEAN LAWYERS &amp; PARTNER, S.L. mit Steueridentnummer (NIF\/CIF): B57776163, Sitz in PALMA DE MALLORCA und E-Mail-Adresse: info@mallorca-anwalt.com sowie Website: www.mallorca-anwalt. com informiert den Nutzer hiermit ausdr\u00fccklich dar\u00fcber, dass gem\u00e4\u00df Art. 22.2 des Gesetzes 34\/2002 vom 11. Juli \u00fcber Dienste der Informationsgesellschaft und des elektronischen Gesch\u00e4ftsverkehrs (LSSI) diese Website verwendet Cookies, um einen besseren Service zu erbringen und Ihnen ein besseres Browsererlebnis zu bieten.<\/p>\n<p>In dieser Cookie-Richtlinie finden Sie die Beschreibung und den Zweck der einzelnen verwendeten Cookies sowie deren Namen, den sendenden Server, dessen Verfall und Informationen zur \u00dcberpr\u00fcfung, ob eine internationale Daten\u00fcbertragung erfolgt.<\/p>\n<p>Wir m\u00f6chten Sie klar und pr\u00e4zise \u00fcber die von uns verwendeten Cookies informieren. Was ist ein Cookie, wof\u00fcr ist es gedacht, welche Arten von Cookies verwenden wir, wozu dienen sie und wie k\u00f6nnen Sie sie konfigurieren oder deaktivieren, wenn Sie dies w\u00fcnschen.<\/p>\n<p>Was ist ein &#8218;Cookie&#8216;?<\/p>\n<p>Ein &#8218;Cookie&#8216; ist eine Datei, die auf Websites heruntergeladen wird. Sie wird von bestimmten Websites an den Browser gesendet und im Endger\u00e4t des Benutzers gespeichert. Dies kann ein PC, ein Mobiltelefon, ein Tablet usw. sein. Diese Dateien erm\u00f6glichen es der Website, sich Informationen \u00fcber Ihren Besuch zu merken, z. B. Sprache und bevorzugte Optionen. Dadurch kann die Website Informationen \u00fcber das Surfverhalten auf Ihrem Computer abrufen und so Ihren n\u00e4chsten Besuch vereinfachen und daf\u00fcr sorgen, dass die Website durch die<\/p>\n<p>Personalisierung ihrer Inhalte hilfreicher wird.<\/p>\n<p>Wie werden Cookies eingesetzt?<\/p>\n<p>Durch das Surfen auf dieser Website akzeptiert der Benutzer, dass &#8218;Cookies&#8216; in seinem Endger\u00e4t installiert und uns folgende Informationen \u00fcbermitteln k\u00f6nnen:<\/p>\n<p>Sie als Benutzer erkennen.<\/p>\n<p>Information erhalten \u00fcber Ihre Browsergewohnheiten.<\/p>\n<p>Die Art und Weise personalisieren, wie die Inhalte angezeigt werden. Statistische Informationen zur Nutzung der Website.<\/p>\n<p>-Das Login des Benutzers, um die Sitzung im Web aktiv zu halten.<\/p>\n<p>-Das bevorzugte Webseitenformat f\u00fcr den Zugriff von mobilen Ger\u00e4ten.<\/p>\n<p>-Die letzten durchgef\u00fchrten Suchanfragen in den Webdiensten und Personalisierungsdaten dieser Dienste.<\/p>\n<p>-Informationen zu den Werbeanzeigen, die dem Benutzer angezeigt werden.<\/p>\n<ul>\n<li>Informationen zu den Umfragen, an denen der Benutzer teilgenommen hat.<\/li>\n<li>Verbindungsdaten mit sozialen Netzwerken f\u00fcr Benutzer, die sich \u00fcber ihren Facebook- oder Twitter-Account anmelden.<\/li>\n<\/ul>\n<p>Im Folgenden finden Sie eine Klassifizierung der Cookies, die auf unserer Website vorhanden sind und verwendet werden k\u00f6nnen, wobei zu ber\u00fccksichtigen ist, dass dasselbe Cookie in mehr als einer Kategorie enthalten sein kann.<\/p>\n<p>Arten von Cookies:<\/p>\n<p>A.-Arten von Cookies nach dem Zeitraum, in dem sie aktiviert bleiben. Abh\u00e4ngig von der Zeitspanne, in der sie im Endger\u00e4t aktiviert bleiben, kann diese Website sowohl tempor\u00e4re Sitzungscookies als auch permanente Cookies verwenden.<\/p>\n<p>1.- Sitzungscookies: Sitzungscookies speichern Daten nur, w\u00e4hrend der Benutzer auf die Website zugreift. Sie werden normalerweise zum Speichern von Information verwendet, die nur f\u00fcr die Bereitstellung der vom Benutzer angeforderten, einmaligen Dienstleistung von Interesse sind, und verschwinden am Ende der Sitzung.<\/p>\n<p>2.- Dauerhafte \/ permanente &#8218;Cookies&#8216;: Permanente &#8218;Cookies&#8216; speichern die Daten im Terminal, sodass auf sie zugegriffen und sie in mehr als einer Sitzung verwendet werden k\u00f6nnen. Die Daten, die noch im Terminal gespeichert sind, k\u00f6nnen w\u00e4hrend eines von der f\u00fcr die Cookie verantwortlichen Person festgelegten Zeitraums zugegriffen und verarbeitet werden, dies kann einige Minuten bis mehrere Jahre dauern.<\/p>\n<p>B.-Arten von Cookies entsprechend ihrem Zweck. Je nach dem, zu welchem Zweck die anhand der Cookies erfassten Daten verarbeitet werden, kann die Website folgende Varianten verwenden:<\/p>\n<p>1.- Unbedingt notwendige Cookies: Unbedingt notwendige Cookies sind f\u00fcr die ordnungsgem\u00e4\u00dfe Funktion der Website unbedingt erforderlich. Diese Kategorie enth\u00e4lt nur Cookies, die grundlegende Funktionen und Sicherheitsmerkmale der Website garantieren. Diese Cookies speichern keine pers\u00f6nlichen Informationen.<\/p>\n<p>2.-Technische Cookies: Sie bieten dem Benutzer die M\u00f6glichkeit, \u00fcber eine Website, Plattform oder Anwendung zu navigieren und die verschiedenen dort angebotenen Optionen oder Dienste zu nutzen, z. B. die Zugriffe und die Datenkommunikation zu steuern, die Sitzung zu identifizieren und auf Bereiche mit Zugangsbeschr\u00e4nkung zuzugreifen, sich an die Bestandteile einer Bestellung zu erinnern, die Kaufabwicklung einer Bestellung durchzuf\u00fchren, die Anmeldung oder Teilnahme an einer Veranstaltung durchzuf\u00fchren, Sicherheitselemente w\u00e4hrend des Surfens zu nutzen, Inhalte f\u00fcr die Verbreitung von Videos oder Musik oder Inhalte \u00fcber soziale<\/p>\n<p>Netzwerke zu teilen.<\/p>\n<p>3.- Personalisierungs-Cookies: Diese Cookies erm\u00f6glichen dem Benutzer den Zugang zur Dienstleistung mit einigen vordefinierten allgemeinen Merkmalen, die auf verschiedenen Kriterien im Endger\u00e4t des Benutzers basieren, wie z. B. der Sprache, dem Browsertyp, mit dem der Benutzer auf den Dienst zugreift, der Einstellung der Region, aus der er auf den Dienst zugreift, die geografische Position des Endger\u00e4ts und die regionale<\/p>\n<p>Konfiguration.<\/p>\n<p>4.- Analytische Cookies: sind solche, die es uns erm\u00f6glichen, die Anzahl der Benutzer zu quantifizieren und so die statistische Messung und Analyse der Nutzung des angebotenen Dienstes durch den Benutzer durchzuf\u00fchren. Zu diesem Zweck wird Ihr Browsen auf unserer Website analysiert, um das Angebot an Produkten oder<\/p>\n<p>Dienstleistungen, die wir Ihnen anbieten, zu verbessern.<\/p>\n<p>5.-Cookies f\u00fcr verhaltensabh\u00e4ngige Werbung: Dies sind jene Cookies, welche die Verwaltung der Werbefl\u00e4chen, die der Redakteur gegebenenfalls in eine Website, Anwendung oder Plattform aufgenommen hat, von der aus der bestellte Dienst erbracht wird, auf m\u00f6glichst effiziente Weise erm\u00f6glichen. Diese Cookies speichern Informationen \u00fcber das Benutzerverhalten, die durch die st\u00e4ndige Beobachtung ihrer Surfgewohnheiten gesammelt werden. Dies erm\u00f6glicht die Entwicklung eines bestimmten Profils, um darauf basierende Werbung anzuzeigen.<\/p>\n<p>C.- Arten von Cookies entsprechend der Entit\u00e4t, die sie verwaltet. Abh\u00e4ngig davon, wer die Entit\u00e4t ist, die den Computer oder die Dom\u00e4ne verwaltet, von der Cookies gesendet werden, und die erhaltenen Daten behandelt, k\u00f6nnen wir unterscheiden:<\/p>\n<p>1.- Eigene Cookies: Jene Cookies, die von einem Computer oder einer Domain, die vom Web-Editor verwaltet wird und von welcher der vom Benutzer angeforderte Dienst bereitgestellt wird, an das Endger\u00e4t des Benutzers gesendet werden.<\/p>\n<p>2.-Drittanbieter-Cookies: Cookies, die nicht vom Server oder Domain des Website-Betreibers selbst an die Datenendeinrichtung des Nutzers gesendet werden, sondern von Drittanbietern verwaltet werden, welche die erfassten Informationen selbst bearbeiten. Bei manchen Websites k\u00f6nnen fremde Cookies von Drittanbietern gesetzt werden, die die Verwaltung und Verbesserung der angebotenen Dienstleistungen erm\u00f6glichen, wie z. B. statistische Dienste von Google Analytics und Comscore.<\/p>\n<p>&nbsp;<\/p>\n<p>Beim Surfen oder Verwenden unserer Dienste akzeptiert der Benutzer ausdr\u00fccklich die Verwendung von Cookies. Der Benutzer hat jedoch die M\u00f6glichkeit, die Erzeugung von Cookies zu verhindern, und deren Beseitigung, indem er die entsprechende Option in seinem Browser ausw\u00e4hlt. Wenn Sie die Verwendung von Cookies in Ihrem Browser blockieren, sind m\u00f6glicherweise einige Dienste oder Funktionen der Website nicht verf\u00fcgbar.<\/p>\n<p>Das Unternehmen verwendet die folgenden Cookies auf dieser Website f\u00fcr die unten aufgef\u00fchrten Zwecke:<\/p>\n<p>COOKIES EIGENE<\/p>\n<p>&nbsp;<\/p>\n<table width=\"100%\">\n<tbody>\n<tr>\n<td width=\"22%\">CookieID<br \/>\n(ID des Cookies und wie es im Browser-Cach\u00e9 erscheint)<\/td>\n<td width=\"13%\">Typ<br \/>\n(Eigenes oder von Dritten)<\/td>\n<td width=\"20%\">G\u00fcltigkeit<br \/>\n(Laufzeit des Cookies ab Installationsdatum)<\/td>\n<td width=\"21%\">Domain<br \/>\n(Mit welcher Domain das Cookie verkn\u00fcpft ist)<\/td>\n<td width=\"22%\">Beschreibung<br \/>\n(Funktionsweise und Zweck des Cookies)<\/td>\n<\/tr>\n<tr>\n<td width=\"22%\">CookieLawInfoConsent<\/td>\n<td width=\"13%\">Eigenes<\/p>\n<p>&nbsp;<\/td>\n<td width=\"20%\">Dauerhaftes cookie<\/p>\n<p>G\u00fcltigkeit\/Laufzeit: 1 Jahr<\/td>\n<td width=\"21%\">mallorca-anwalt.com<\/td>\n<td width=\"22%\">NOTWENDIG.<\/td>\n<\/tr>\n<tr>\n<td width=\"22%\">cookielawinfo-checkbox-others<\/td>\n<td width=\"13%\">Eigenes<\/td>\n<td width=\"20%\">Dauerhaftes cookie<\/p>\n<p>G\u00fcltigkeit\/Laufzeit: 1 Jahr<\/td>\n<td width=\"21%\">mallorca-anwalt.com<\/td>\n<td width=\"22%\">NOTWENDIG.<\/td>\n<\/tr>\n<tr>\n<td width=\"22%\">cookielawinfo-checkbox-advertisement<\/td>\n<td width=\"13%\">Eigenes<\/td>\n<td width=\"20%\">Dauerhaftes cookie<\/p>\n<p>G\u00fcltigkeit\/Laufzeit: 1 Jahr<\/td>\n<td width=\"21%\">mallorca-anwalt.com<\/td>\n<td width=\"22%\">NOTWENDIG.<\/td>\n<\/tr>\n<tr>\n<td width=\"22%\">cookielawinfo-checkbox-analytics<\/td>\n<td width=\"13%\">Eigenes<\/td>\n<td width=\"20%\">Dauerhaftes cookie<\/p>\n<p>G\u00fcltigkeit\/Laufzeit: 1 Jahr<\/td>\n<td width=\"21%\">mallorca-anwalt.com<\/td>\n<td width=\"22%\">NOTWENDIG.<\/td>\n<\/tr>\n<tr>\n<td width=\"22%\">viewed_cookie_policy<\/td>\n<td width=\"13%\">Eigenes<\/td>\n<td width=\"20%\">Dauerhaftes cookie<\/p>\n<p>G\u00fcltigkeit\/Laufzeit: 1 Jahr<\/td>\n<td width=\"21%\">mallorca-anwalt.com<\/td>\n<td width=\"22%\">NOTWENDIG.<\/td>\n<\/tr>\n<tr>\n<td width=\"22%\">cookielawinfo-checkbox-necessary<\/td>\n<td width=\"13%\">Eigenes<\/td>\n<td width=\"20%\">Dauerhaftes cookie<\/p>\n<p>G\u00fcltigkeit\/Laufzeit: 1 Jahr<\/td>\n<td width=\"21%\">mallorca-anwalt.com<\/td>\n<td width=\"22%\">NOTWENDIG.<\/td>\n<\/tr>\n<tr>\n<td width=\"22%\">cookielawinfo-checkbox-functional<\/td>\n<td width=\"13%\">Eigenes<\/td>\n<td width=\"20%\">Dauerhaftes cookie<\/p>\n<p>G\u00fcltigkeit\/Laufzeit: 1 Jahr<\/td>\n<td width=\"21%\">mallorca-anwalt.com<\/td>\n<td width=\"22%\">NOTWENDIG.<\/td>\n<\/tr>\n<tr>\n<td width=\"22%\">cookielawinfo-checkbox-performance<\/td>\n<td width=\"13%\">Eigenes<\/td>\n<td width=\"20%\">Dauerhaftes cookie<\/p>\n<p>G\u00fcltigkeit\/Laufzeit: 1 Jahr<\/td>\n<td width=\"21%\">mallorca-anwalt.com<\/td>\n<td width=\"22%\">NOTWENDIG.<\/td>\n<\/tr>\n<\/tbody>\n<\/table>\n<p>&nbsp;<\/p>\n<p>&nbsp;<\/p>\n<p>&#8218;Cookies&#8216; enthalten keine Informationen, die es allein erm\u00f6glichen, einen bestimmten Benutzer zu identifizieren. In Bezug auf uns k\u00f6nnen die erhaltenen Informationen nur einem bestimmten Benutzer zugeordnet werden, wenn dieser Benutzer in der Web identifiziert wird. Wenn es so ist, werden diese Daten in \u00dcbereinstimmung mit den Datenschutzrichtlinien des Web behandelt und entsprechen jederzeit den Anforderungen der geltenden Vorschriften zum Schutz personenbezogener Daten. Die betroffenen Benutzer k\u00f6nnen jederzeit von ihrem Recht Gebrauch machen, auf die Daten zuzugreifen, diese zu korrigieren und zu l\u00f6schen, sowie andere Rechte, wie in der oben genannten Datenschutzrichtlinie erl\u00e4utert. F\u00fcr weitere Informationen m\u00fcssen Sie auf unsere<\/p>\n<p>Datenschutzrichtlinie zugreifen.<\/p>\n<p>Cookies werden ausschlie\u00dflich f\u00fcr die Zeit verwendet, die erforderlich ist, um die in den einzelnen Cookies angegebenen Zwecke zu erf\u00fcllen. In Bezug auf Cookies von Drittanbietern k\u00f6nnen die Aufbewahrungsfristen in den Datenschutzrichtlinien und Cookie-Richtlinien von Drittanbietern eingesehen werden. Sobald das Cookie abgelaufen ist, kann es erneuert werden, wenn der Benutzer seine Verwendung erneut akzeptiert.<\/p>\n<p>Informationen zu \u00dcberweisungen in Drittl\u00e4nder, die gegebenenfalls von den in dieser Cookie-Richtlinie angegebenen Dritten vorgenommen werden, finden Sie in den entsprechenden Richtlinien.<\/p>\n<p>\u00bfWie wird das Unternehmen f\u00fcr die Verwendung von Cookies auf dieser Webseite autorisiert?<\/p>\n<p>In Bezug auf die Verwendung von Cookies auf dieser Webseite, die im vorherigen Abschnitt beschrieben wurde, erteilt der Benutzer die Genehmigung und seine Zustimmung f\u00fcr deren Verwendung wie folgt: Wenn der Benutzer irgendeine Seite des Webauftritts besucht, wird eine Meldung angezeigt, die darauf hinweist, dass auf der Webseite von EUROPEAN LAWYERS &amp; PARTNER, S.L. Cookies verwendet werden, und der Benutzer kann deren Verwendung durch entsprechende Konfiguration seines Browsers akzeptieren oder ablehnen. Wenn der Benutzer seinen Browser nicht so konfiguriert, dass Cookies nicht aktiviert werden, akzeptiert er mit dem Besuch der Webseite von EUROPEAN LAWYERS &amp; PARTNER, S.L. und der Nutzung seiner Dienste die Verwendung von Cookies.<\/p>\n<p>Wie kann man die Zustimmung zur Verwendung von Cookies auf dieser Webseite widerrufen?<\/p>\n<p>Der Benutzer hat die M\u00f6glichkeit, die Verwendung von Cookies jederzeit \u00fcber seinen Browser abzulehnen und die auf seinem Computer installierten Cookies zuzulassen, zu blockieren oder zu l\u00f6schen, indem er die Browseroptionen auf seinem Ger\u00e4t (Computer, Handy, Tablet) entsprechend konfiguriert. Sie k\u00f6nnen Cookies zulassen oder blockieren, sowie Ihre Browserdaten (einschlie\u00dflich Cookies) aus dem von Ihnen verwendeten Browser l\u00f6schen. Konsultieren Sie dazu die Optionen und Anweisungen Ihres Browsers. Beachten Sie, dass Sie Cookies von Drittanbietern aus der Browseroption l\u00f6schen m\u00fcssen, wenn Sie sie akzeptieren. Ohne die Aktivierung der in dieser Cookie-Richtlinie beschriebenen erforderlichen und technischen Cookies, ist es m\u00f6glich, dass einige Dienstleistungen oder Funktionen der Website nicht verf\u00fcgbar sind.<\/p>\n<p>Ohne die Aktivierung der in der vorherigen Tabelle beschriebenen Cookies werden die genannten Webdienste nicht bereitgestellt.<\/p>\n<p>Im Folgenden finden Sie die Links zu den Erl\u00e4uterungen, wie Sie diesen Vorgang bei den wichtigsten InternetBrowsern durchf\u00fchren:<\/p>\n<p>Chrome: https:\/\/support.google.com\/chrome\/answer\/95647?hl=es&amp;co=GENIE.Platform=Desktop<\/p>\n<p>Explorer:\u00a0\u00a0\u00a0\u00a0\u00a0\u00a0\u00a0\u00a0\u00a0 https:\/\/support.microsoft.com\/es-es\/topic\/c%C3%B3mo-eliminar-archivos-de-cookies-en-internetexplorer-bca9446f-d873-78de-77ba-d42645fa52fc.<\/p>\n<p>Firefox:https:\/\/support.mozilla.org\/es\/kb\/habilitar-y-deshabilitar-cookies-sitios-web-rastrear-preferencias? redirectslug=habilitar-y-deshabilitar-cookies-que-los-sitios-we&amp;redirectlocale=es.<\/p>\n<p>Safari: https:\/\/support.apple.com\/es-es\/guide\/safari\/sfri11471\/mac.<\/p>\n<p>Aktualisierung der Cookie-Richtlinie<\/p>\n<p>Das Unternehmen EUROPEAN LAWYERS &amp; PARTNER, S.L. wird diese Richtlinie bei Bedarf aktualisieren, entweder weil dies gesetzlich vorgeschrieben ist, oder um neue Cookies zu l\u00f6schen oder zu verwenden. Jede \u00c4nderung dieser Bedingungen wird auf dieser Website ver\u00f6ffentlicht.<\/p>\n<p>Ab dem Moment, in dem die neuen Bedingungen dem Benutzer durch die Ver\u00f6ffentlichung bekannt gemacht und zur Verf\u00fcgung gestellt werden, werden die neuen Cookie-Richtlinien automatisch angewendet und ersetzen die zuvor ver\u00f6ffentlichten Richtlinien.<\/p>\n<p>Falls Sie Fragen zu dieser Cookie-Richtlinie haben, k\u00f6nnen Sie das Unternehmen EUROPEAN LAWYERS &amp; PARTNER, S.L. \u00fcber folgende E-Mail-Adresse kontaktieren info@mallorca-anwalt.com.<\/p>\n<p>&nbsp;<\/p>\n","protected":false},"excerpt":{"rendered":"<p>COOKIES-RICHTLINIE Das Unternehmen EUROPEAN LAWYERS &amp; PARTNER, S.L. mit Steueridentnummer (NIF\/CIF): B57776163, Sitz in PALMA DE MALLORCA und E-Mail-Adresse: info@mallorca-anwalt.com sowie Website: www.mallorca-anwalt. com informiert den Nutzer hiermit ausdr\u00fccklich dar\u00fcber,&#8230;<\/p>\n","protected":false},"author":1,"featured_media":0,"parent":0,"menu_order":0,"comment_status":"closed","ping_status":"closed","template":"","meta":[],"yoast_head":"<!-- This site is optimized with the Yoast SEO plugin v19.4 - https:\/\/yoast.com\/wordpress\/plugins\/seo\/ -->\n<title>Pol\u00edtica de Cookies - Mallorca Anwalt<\/title>\n<meta name=\"robots\" content=\"index, follow, max-snippet:-1, max-image-preview:large, max-video-preview:-1\" \/>\n<link rel=\"canonical\" href=\"https:\/\/mallorca-anwalt.com\/de\/politica-de-cookies\/\" \/>\n<meta property=\"og:locale\" content=\"de_DE\" \/>\n<meta property=\"og:type\" content=\"article\" \/>\n<meta property=\"og:title\" content=\"Pol\u00edtica de Cookies - Mallorca Anwalt\" \/>\n<meta property=\"og:description\" content=\"COOKIES-RICHTLINIE Das Unternehmen EUROPEAN LAWYERS &amp; PARTNER, S.L. mit Steueridentnummer (NIF\/CIF): B57776163, Sitz in PALMA DE MALLORCA und E-Mail-Adresse: info@mallorca-anwalt.com sowie Website: www.mallorca-anwalt. com informiert den Nutzer hiermit ausdr\u00fccklich dar\u00fcber,...\" \/>\n<meta property=\"og:url\" content=\"https:\/\/mallorca-anwalt.com\/de\/politica-de-cookies\/\" \/>\n<meta property=\"og:site_name\" content=\"Mallorca Anwalt\" \/>\n<meta property=\"article:modified_time\" content=\"2022-03-16T12:37:42+00:00\" \/>\n<meta name=\"twitter:card\" content=\"summary_large_image\" \/>\n<meta name=\"twitter:label1\" content=\"Gesch\u00e4tzte Lesezeit\" \/>\n\t<meta name=\"twitter:data1\" content=\"7\u00a0Minuten\" \/>\n<script type=\"application\/ld+json\" class=\"yoast-schema-graph\">{\"@context\":\"https:\/\/schema.org\",\"@graph\":[{\"@type\":\"WebSite\",\"@id\":\"https:\/\/mallorca-anwalt.com\/#website\",\"url\":\"https:\/\/mallorca-anwalt.com\/\",\"name\":\"Mallorca Anwalt\",\"description\":\"Rechtsanwalt Mallorca &amp; Ibiza , Gerboth &amp; Partner\",\"potentialAction\":[{\"@type\":\"SearchAction\",\"target\":{\"@type\":\"EntryPoint\",\"urlTemplate\":\"https:\/\/mallorca-anwalt.com\/?s={search_term_string}\"},\"query-input\":\"required name=search_term_string\"}],\"inLanguage\":\"de\"},{\"@type\":\"WebPage\",\"@id\":\"https:\/\/mallorca-anwalt.com\/de\/politica-de-cookies\/\",\"url\":\"https:\/\/mallorca-anwalt.com\/de\/politica-de-cookies\/\",\"name\":\"Pol\u00edtica de Cookies - Mallorca Anwalt\",\"isPartOf\":{\"@id\":\"https:\/\/mallorca-anwalt.com\/#website\"},\"datePublished\":\"2020-06-26T08:53:43+00:00\",\"dateModified\":\"2022-03-16T12:37:42+00:00\",\"breadcrumb\":{\"@id\":\"https:\/\/mallorca-anwalt.com\/de\/politica-de-cookies\/#breadcrumb\"},\"inLanguage\":\"de\",\"potentialAction\":[{\"@type\":\"ReadAction\",\"target\":[\"https:\/\/mallorca-anwalt.com\/de\/politica-de-cookies\/\"]}]},{\"@type\":\"BreadcrumbList\",\"@id\":\"https:\/\/mallorca-anwalt.com\/de\/politica-de-cookies\/#breadcrumb\",\"itemListElement\":[{\"@type\":\"ListItem\",\"position\":1,\"name\":\"Portada\",\"item\":\"https:\/\/mallorca-anwalt.com\/de\/\"},{\"@type\":\"ListItem\",\"position\":2,\"name\":\"Pol\u00edtica de Cookies\"}]}]}<\/script>\n<!-- \/ Yoast SEO plugin. -->","yoast_head_json":{"title":"Pol\u00edtica de Cookies - Mallorca Anwalt","robots":{"index":"index","follow":"follow","max-snippet":"max-snippet:-1","max-image-preview":"max-image-preview:large","max-video-preview":"max-video-preview:-1"},"canonical":"https:\/\/mallorca-anwalt.com\/de\/politica-de-cookies\/","og_locale":"de_DE","og_type":"article","og_title":"Pol\u00edtica de Cookies - Mallorca Anwalt","og_description":"COOKIES-RICHTLINIE Das Unternehmen EUROPEAN LAWYERS &amp; PARTNER, S.L. mit Steueridentnummer (NIF\/CIF): B57776163, Sitz in PALMA DE MALLORCA und E-Mail-Adresse: info@mallorca-anwalt.com sowie Website: www.mallorca-anwalt. com informiert den Nutzer hiermit ausdr\u00fccklich dar\u00fcber,...","og_url":"https:\/\/mallorca-anwalt.com\/de\/politica-de-cookies\/","og_site_name":"Mallorca Anwalt","article_modified_time":"2022-03-16T12:37:42+00:00","twitter_card":"summary_large_image","twitter_misc":{"Gesch\u00e4tzte Lesezeit":"7\u00a0Minuten"},"schema":{"@context":"https:\/\/schema.org","@graph":[{"@type":"WebSite","@id":"https:\/\/mallorca-anwalt.com\/#website","url":"https:\/\/mallorca-anwalt.com\/","name":"Mallorca Anwalt","description":"Rechtsanwalt Mallorca &amp; Ibiza , Gerboth &amp; Partner","potentialAction":[{"@type":"SearchAction","target":{"@type":"EntryPoint","urlTemplate":"https:\/\/mallorca-anwalt.com\/?s={search_term_string}"},"query-input":"required name=search_term_string"}],"inLanguage":"de"},{"@type":"WebPage","@id":"https:\/\/mallorca-anwalt.com\/de\/politica-de-cookies\/","url":"https:\/\/mallorca-anwalt.com\/de\/politica-de-cookies\/","name":"Pol\u00edtica de Cookies - Mallorca Anwalt","isPartOf":{"@id":"https:\/\/mallorca-anwalt.com\/#website"},"datePublished":"2020-06-26T08:53:43+00:00","dateModified":"2022-03-16T12:37:42+00:00","breadcrumb":{"@id":"https:\/\/mallorca-anwalt.com\/de\/politica-de-cookies\/#breadcrumb"},"inLanguage":"de","potentialAction":[{"@type":"ReadAction","target":["https:\/\/mallorca-anwalt.com\/de\/politica-de-cookies\/"]}]},{"@type":"BreadcrumbList","@id":"https:\/\/mallorca-anwalt.com\/de\/politica-de-cookies\/#breadcrumb","itemListElement":[{"@type":"ListItem","position":1,"name":"Portada","item":"https:\/\/mallorca-anwalt.com\/de\/"},{"@type":"ListItem","position":2,"name":"Pol\u00edtica de Cookies"}]}]}},"_links":{"self":[{"href":"https:\/\/mallorca-anwalt.com\/de\/wp-json\/wp\/v2\/pages\/972"}],"collection":[{"href":"https:\/\/mallorca-anwalt.com\/de\/wp-json\/wp\/v2\/pages"}],"about":[{"href":"https:\/\/mallorca-anwalt.com\/de\/wp-json\/wp\/v2\/types\/page"}],"author":[{"embeddable":true,"href":"https:\/\/mallorca-anwalt.com\/de\/wp-json\/wp\/v2\/users\/1"}],"replies":[{"embeddable":true,"href":"https:\/\/mallorca-anwalt.com\/de\/wp-json\/wp\/v2\/comments?post=972"}],"version-history":[{"count":3,"href":"https:\/\/mallorca-anwalt.com\/de\/wp-json\/wp\/v2\/pages\/972\/revisions"}],"predecessor-version":[{"id":1358,"href":"https:\/\/mallorca-anwalt.com\/de\/wp-json\/wp\/v2\/pages\/972\/revisions\/1358"}],"wp:attachment":[{"href":"https:\/\/mallorca-anwalt.com\/de\/wp-json\/wp\/v2\/media?parent=972"}],"curies":[{"name":"wp","href":"https:\/\/api.w.org\/{rel}","templated":true}]}}