{"id":1085,"date":"2021-11-22T12:00:47","date_gmt":"2021-11-22T12:00:47","guid":{"rendered":"http:\/\/mallorca-anwalt.com\/resenas\/"},"modified":"2025-04-30T16:34:01","modified_gmt":"2025-04-30T16:34:01","slug":"commentaires","status":"publish","type":"page","link":"https:\/\/mallorca-anwalt.com\/fr\/commentaires\/","title":{"rendered":"COMMENTAIRES"},"content":{"rendered":"[vc_row type=\u00a0\u00bbin_container\u00a0\u00bb full_screen_row_position=\u00a0\u00bbmiddle\u00a0\u00bb column_margin=\u00a0\u00bbdefault\u00a0\u00bb column_direction=\u00a0\u00bbdefault\u00a0\u00bb column_direction_tablet=\u00a0\u00bbdefault\u00a0\u00bb column_direction_phone=\u00a0\u00bbdefault\u00a0\u00bb scene_position=\u00a0\u00bbcenter\u00a0\u00bb top_padding=\u00a0\u00bb4%\u00a0\u00bb bottom_padding=\u00a0\u00bb4%\u00a0\u00bb text_color=\u00a0\u00bbdark\u00a0\u00bb text_align=\u00a0\u00bbleft\u00a0\u00bb row_border_radius=\u00a0\u00bbnone\u00a0\u00bb row_border_radius_applies=\u00a0\u00bbbg\u00a0\u00bb overlay_strength=\u00a0\u00bb0.3&Prime; gradient_direction=\u00a0\u00bbleft_to_right\u00a0\u00bb shape_divider_position=\u00a0\u00bbbottom\u00a0\u00bb bg_image_animation=\u00a0\u00bbnone\u00a0\u00bb shape_type=\u00a0\u00bb\u00a0\u00bb][vc_column column_padding=\u00a0\u00bbno-extra-padding\u00a0\u00bb column_padding_tablet=\u00a0\u00bbinherit\u00a0\u00bb column_padding_phone=\u00a0\u00bbinherit\u00a0\u00bb column_padding_position=\u00a0\u00bball\u00a0\u00bb column_element_spacing=\u00a0\u00bbdefault\u00a0\u00bb background_color_opacity=\u00a0\u00bb1&Prime; background_hover_color_opacity=\u00a0\u00bb1&Prime; column_shadow=\u00a0\u00bbnone\u00a0\u00bb column_border_radius=\u00a0\u00bbnone\u00a0\u00bb column_link_target=\u00a0\u00bb_self\u00a0\u00bb gradient_direction=\u00a0\u00bbleft_to_right\u00a0\u00bb overlay_strength=\u00a0\u00bb0.3&Prime; width=\u00a0\u00bb1\/2&Prime; tablet_width_inherit=\u00a0\u00bbdefault\u00a0\u00bb tablet_text_alignment=\u00a0\u00bbdefault\u00a0\u00bb phone_text_alignment=\u00a0\u00bbdefault\u00a0\u00bb bg_image_animation=\u00a0\u00bbnone\u00a0\u00bb border_type=\u00a0\u00bbsimple\u00a0\u00bb column_border_width=\u00a0\u00bbnone\u00a0\u00bb column_border_style=\u00a0\u00bbsolid\u00a0\u00bb][image_with_animation image_url=\u00a0\u00bb816&Prime; animation=\u00a0\u00bbFade In\u00a0\u00bb hover_animation=\u00a0\u00bbnone\u00a0\u00bb alignment=\u00a0\u00bb\u00a0\u00bb border_radius=\u00a0\u00bbnone\u00a0\u00bb box_shadow=\u00a0\u00bbnone\u00a0\u00bb image_loading=\u00a0\u00bbdefault\u00a0\u00bb max_width=\u00a0\u00bb100%\u00a0\u00bb max_width_mobile=\u00a0\u00bbdefault\u00a0\u00bb][\/vc_column][vc_column column_padding=\u00a0\u00bbno-extra-padding\u00a0\u00bb column_padding_tablet=\u00a0\u00bbinherit\u00a0\u00bb column_padding_phone=\u00a0\u00bbinherit\u00a0\u00bb column_padding_position=\u00a0\u00bball\u00a0\u00bb column_element_spacing=\u00a0\u00bbdefault\u00a0\u00bb background_color_opacity=\u00a0\u00bb1&Prime; background_hover_color_opacity=\u00a0\u00bb1&Prime; column_shadow=\u00a0\u00bbnone\u00a0\u00bb column_border_radius=\u00a0\u00bbnone\u00a0\u00bb column_link_target=\u00a0\u00bb_self\u00a0\u00bb gradient_direction=\u00a0\u00bbleft_to_right\u00a0\u00bb overlay_strength=\u00a0\u00bb0.3&Prime; width=\u00a0\u00bb1\/2&Prime; tablet_width_inherit=\u00a0\u00bbdefault\u00a0\u00bb tablet_text_alignment=\u00a0\u00bbdefault\u00a0\u00bb phone_text_alignment=\u00a0\u00bbdefault\u00a0\u00bb bg_image_animation=\u00a0\u00bbnone\u00a0\u00bb border_type=\u00a0\u00bbsimple\u00a0\u00bb column_border_width=\u00a0\u00bbnone\u00a0\u00bb column_border_style=\u00a0\u00bbsolid\u00a0\u00bb][vc_column_text]\n<ul>\n<li><a href=\"http:\/\/mallorca-anwalt.com\/wp-content\/uploads\/2021\/11\/mz-19.08.2010-vertrge.pdf\" target=\"_blank\" rel=\"noopener\">Agosto de 2010<\/a><\/li>\n<li><a href=\"http:\/\/mallorca-anwalt.com\/wp-content\/uploads\/2021\/11\/aeem-300x153-1.jpg\" target=\"_blank\" rel=\"noopener\">Con el Sr. Jos\u00e9 Ram\u00f3n Bauz\u00e1<\/a><\/li>\n<li><a href=\"http:\/\/mallorca-anwalt.com\/wp-content\/uploads\/2021\/11\/elaviso-august-2010-immobilien-vererben3.pdf\" target=\"_blank\" rel=\"noopener\">El aviso \u2013 agosto de 2010<\/a><\/li>\n<li><a href=\"http:\/\/mallorca-anwalt.com\/wp-content\/uploads\/2021\/11\/elaviso_02_2011-jagd-nach-dem-schuldner1.pdf\" target=\"_blank\" rel=\"noopener\">El aviso \u2013 febrero de 2011<\/a><\/li>\n<li><a href=\"http:\/\/mallorca-anwalt.com\/wp-content\/uploads\/2021\/11\/elaviso-juli-2010-immobilienerwerb-wie-erwirbt-man-wohnungseigentum1.pdf\" target=\"_blank\" rel=\"noopener\">El aviso \u2013 julio de 2010<\/a><\/li>\n<li><a href=\"http:\/\/mallorca-anwalt.com\/wp-content\/uploads\/2021\/11\/elaviso-juni-2010-andratx.pdf\" target=\"_blank\" rel=\"noopener\">El aviso \u2013 junio de 2010<\/a><\/li>\n<li><a href=\"http:\/\/mallorca-anwalt.com\/wp-content\/uploads\/2021\/11\/el-aviso.com-mai-2010-1.pdf\" target=\"_blank\" rel=\"noopener\">El aviso \u2013 mayo de 2010<\/a><\/li>\n<li><a href=\"http:\/\/mallorca-anwalt.com\/wp-content\/uploads\/2021\/11\/elaviso09_2010_heike-mehr-rechte-fuer-ledige-papas1.pdf\" target=\"_blank\" rel=\"noopener\">El aviso \u2013 septiembre de 2010<\/a><\/li>\n<li><a href=\"http:\/\/mallorca-anwalt.com\/wp-content\/uploads\/2021\/11\/wenn-das-neue-inselhaus-nicht-fertig-wird-mz-270111.pdf\" target=\"_blank\" rel=\"noopener\">Enero de 2011<\/a><\/li>\n<li><a href=\"http:\/\/mallorca-anwalt.com\/wp-content\/uploads\/2021\/11\/mz-300611.pdf\" target=\"_blank\" rel=\"noopener\">Junio de 2011<\/a><\/li>\n<li><a href=\"http:\/\/mallorca-anwalt.com\/wp-content\/uploads\/2021\/11\/ABOGADO-DIC-14-V3-p1.jpg\" target=\"_blank\" rel=\"noopener\">Top Casa \u2013 12\/2014 \u2013 Su camino hacia la felicidad en la adquisici\u00f3n de su inmueble<\/a><\/li>\n<li><a href=\"http:\/\/mallorca-anwalt.com\/wp-content\/uploads\/2021\/11\/1-300x247-1.jpg\" target=\"_blank\" rel=\"noopener\">peri\u00f3dico<\/a><\/li>\n<li><a href=\"http:\/\/mallorca-anwalt.com\/wp-content\/uploads\/2021\/11\/GERBOTH-ABOGADOS-DIC-16.pdf\" target=\"_blank\" rel=\"noopener\">PATRIMONIO EN ESPA\u00d1A<\/a><\/li>\n<li><a href=\"https:\/\/mallorca-anwalt.com\/wp-content\/uploads\/2022\/03\/Blauaugig.pdf\">Blauaugig<\/a><\/li>\n<li><a href=\"https:\/\/mallorca-anwalt.com\/wp-content\/uploads\/2025\/04\/Sinstaller_Majorque_Gerboth_FR.pdf\">S\u2019installer \u00e0 Majorque avec l\u2019aide de l\u2019\u00e9quipe de Gerboth &amp; Partner<\/a><\/li>\n<li><a href=\"https:\/\/mallorca-anwalt.com\/wp-content\/uploads\/2025\/04\/Legalisation_Baleares_Loi_72024_FR.pdf\">L\u00e9galisation des constructions aux Bal\u00e9ares : encore possible pendant environ 30 mois selon la Loi 7\/2024<\/a><\/li>\n<li><a href=\"https:\/\/mallorca-anwalt.com\/wp-content\/uploads\/2025\/04\/Differences_Droit_Successoral_FR.pdf\">Diff\u00e9rences fondamentales entre le droit successoral espagnol et allemand &#8211; Aper\u00e7u g\u00e9n\u00e9ral<\/a><\/li>\n<li><a href=\"https:\/\/mallorca-anwalt.com\/wp-content\/uploads\/2025\/04\/Occupations_Majorque_FR.pdf\">Occupations ill\u00e9gales \u00e0 Majorque : Que faut-il savoir et que peut-on faire ?<\/a><\/li>\n<\/ul>\n[\/vc_column_text][\/vc_column][\/vc_row]\n","protected":false},"excerpt":{"rendered":"<p>[vc_row type=\u00a0\u00bbin_container\u00a0\u00bb full_screen_row_position=\u00a0\u00bbmiddle\u00a0\u00bb column_margin=\u00a0\u00bbdefault\u00a0\u00bb column_direction=\u00a0\u00bbdefault\u00a0\u00bb column_direction_tablet=\u00a0\u00bbdefault\u00a0\u00bb column_direction_phone=\u00a0\u00bbdefault\u00a0\u00bb scene_position=\u00a0\u00bbcenter\u00a0\u00bb top_padding=\u00a0\u00bb4%\u00a0\u00bb bottom_padding=\u00a0\u00bb4%\u00a0\u00bb text_color=\u00a0\u00bbdark\u00a0\u00bb text_align=\u00a0\u00bbleft\u00a0\u00bb row_border_radius=\u00a0\u00bbnone\u00a0\u00bb row_border_radius_applies=\u00a0\u00bbbg\u00a0\u00bb overlay_strength=\u00a0\u00bb0.3&Prime; gradient_direction=\u00a0\u00bbleft_to_right\u00a0\u00bb shape_divider_position=\u00a0\u00bbbottom\u00a0\u00bb bg_image_animation=\u00a0\u00bbnone\u00a0\u00bb shape_type=\u00a0\u00bb\u00a0\u00bb][vc_column column_padding=\u00a0\u00bbno-extra-padding\u00a0\u00bb column_padding_tablet=\u00a0\u00bbinherit\u00a0\u00bb column_padding_phone=\u00a0\u00bbinherit\u00a0\u00bb column_padding_position=\u00a0\u00bball\u00a0\u00bb column_element_spacing=\u00a0\u00bbdefault\u00a0\u00bb background_color_opacity=\u00a0\u00bb1&Prime; background_hover_color_opacity=\u00a0\u00bb1&Prime; column_shadow=\u00a0\u00bbnone\u00a0\u00bb column_border_radius=\u00a0\u00bbnone\u00a0\u00bb column_link_target=\u00a0\u00bb_self\u00a0\u00bb gradient_direction=\u00a0\u00bbleft_to_right\u00a0\u00bb&#8230;<\/p>\n","protected":false},"author":1,"featured_media":0,"parent":0,"menu_order":0,"comment_status":"closed","ping_status":"closed","template":"","meta":[],"yoast_head":"<!-- This site is optimized with the Yoast SEO plugin v19.4 - https:\/\/yoast.com\/wordpress\/plugins\/seo\/ -->\n<title>COMMENTAIRES - Mallorca Anwalt<\/title>\n<meta name=\"robots\" content=\"index, follow, max-snippet:-1, max-image-preview:large, max-video-preview:-1\" \/>\n<link rel=\"canonical\" href=\"https:\/\/mallorca-anwalt.com\/fr\/commentaires\/\" \/>\n<meta property=\"og:locale\" content=\"fr_FR\" \/>\n<meta property=\"og:type\" content=\"article\" \/>\n<meta property=\"og:title\" content=\"COMMENTAIRES - Mallorca Anwalt\" \/>\n<meta property=\"og:description\" content=\"[vc_row type=\u00a0\u00bbin_container\u00a0\u00bb full_screen_row_position=\u00a0\u00bbmiddle\u00a0\u00bb column_margin=\u00a0\u00bbdefault\u00a0\u00bb column_direction=\u00a0\u00bbdefault\u00a0\u00bb column_direction_tablet=\u00a0\u00bbdefault\u00a0\u00bb column_direction_phone=\u00a0\u00bbdefault\u00a0\u00bb scene_position=\u00a0\u00bbcenter\u00a0\u00bb top_padding=\u00a0\u00bb4%\u00a0\u00bb bottom_padding=\u00a0\u00bb4%\u00a0\u00bb text_color=\u00a0\u00bbdark\u00a0\u00bb text_align=\u00a0\u00bbleft\u00a0\u00bb row_border_radius=\u00a0\u00bbnone\u00a0\u00bb row_border_radius_applies=\u00a0\u00bbbg\u00a0\u00bb overlay_strength=\u00a0\u00bb0.3&Prime; gradient_direction=\u00a0\u00bbleft_to_right\u00a0\u00bb shape_divider_position=\u00a0\u00bbbottom\u00a0\u00bb bg_image_animation=\u00a0\u00bbnone\u00a0\u00bb shape_type=\u00a0\u00bb\u00a0\u00bb][vc_column column_padding=\u00a0\u00bbno-extra-padding\u00a0\u00bb column_padding_tablet=\u00a0\u00bbinherit\u00a0\u00bb column_padding_phone=\u00a0\u00bbinherit\u00a0\u00bb column_padding_position=\u00a0\u00bball\u00a0\u00bb column_element_spacing=\u00a0\u00bbdefault\u00a0\u00bb background_color_opacity=\u00a0\u00bb1&Prime; background_hover_color_opacity=\u00a0\u00bb1&Prime; column_shadow=\u00a0\u00bbnone\u00a0\u00bb column_border_radius=\u00a0\u00bbnone\u00a0\u00bb column_link_target=\u00a0\u00bb_self\u00a0\u00bb gradient_direction=\u00a0\u00bbleft_to_right\u00a0\u00bb...\" \/>\n<meta property=\"og:url\" content=\"https:\/\/mallorca-anwalt.com\/fr\/commentaires\/\" \/>\n<meta property=\"og:site_name\" content=\"Mallorca Anwalt\" \/>\n<meta property=\"article:modified_time\" content=\"2025-04-30T16:34:01+00:00\" \/>\n<meta name=\"twitter:card\" content=\"summary_large_image\" \/>\n<meta name=\"twitter:label1\" content=\"Dur\u00e9e de lecture estim\u00e9e\" \/>\n\t<meta name=\"twitter:data1\" content=\"1 minute\" \/>\n<script type=\"application\/ld+json\" class=\"yoast-schema-graph\">{\"@context\":\"https:\/\/schema.org\",\"@graph\":[{\"@type\":\"WebSite\",\"@id\":\"https:\/\/mallorca-anwalt.com\/#website\",\"url\":\"https:\/\/mallorca-anwalt.com\/\",\"name\":\"Mallorca Anwalt\",\"description\":\"Rechtsanwalt Mallorca &amp; Ibiza , Gerboth &amp; Partner\",\"potentialAction\":[{\"@type\":\"SearchAction\",\"target\":{\"@type\":\"EntryPoint\",\"urlTemplate\":\"https:\/\/mallorca-anwalt.com\/?s={search_term_string}\"},\"query-input\":\"required name=search_term_string\"}],\"inLanguage\":\"fr-FR\"},{\"@type\":\"WebPage\",\"@id\":\"https:\/\/mallorca-anwalt.com\/fr\/commentaires\/\",\"url\":\"https:\/\/mallorca-anwalt.com\/fr\/commentaires\/\",\"name\":\"COMMENTAIRES - Mallorca Anwalt\",\"isPartOf\":{\"@id\":\"https:\/\/mallorca-anwalt.com\/#website\"},\"datePublished\":\"2021-11-22T12:00:47+00:00\",\"dateModified\":\"2025-04-30T16:34:01+00:00\",\"breadcrumb\":{\"@id\":\"https:\/\/mallorca-anwalt.com\/fr\/commentaires\/#breadcrumb\"},\"inLanguage\":\"fr-FR\",\"potentialAction\":[{\"@type\":\"ReadAction\",\"target\":[\"https:\/\/mallorca-anwalt.com\/fr\/commentaires\/\"]}]},{\"@type\":\"BreadcrumbList\",\"@id\":\"https:\/\/mallorca-anwalt.com\/fr\/commentaires\/#breadcrumb\",\"itemListElement\":[{\"@type\":\"ListItem\",\"position\":1,\"name\":\"Portada\",\"item\":\"https:\/\/mallorca-anwalt.com\/fr\/\"},{\"@type\":\"ListItem\",\"position\":2,\"name\":\"COMMENTAIRES\"}]}]}<\/script>\n<!-- \/ Yoast SEO plugin. -->","yoast_head_json":{"title":"COMMENTAIRES - Mallorca Anwalt","robots":{"index":"index","follow":"follow","max-snippet":"max-snippet:-1","max-image-preview":"max-image-preview:large","max-video-preview":"max-video-preview:-1"},"canonical":"https:\/\/mallorca-anwalt.com\/fr\/commentaires\/","og_locale":"fr_FR","og_type":"article","og_title":"COMMENTAIRES - Mallorca Anwalt","og_description":"[vc_row type=\u00a0\u00bbin_container\u00a0\u00bb full_screen_row_position=\u00a0\u00bbmiddle\u00a0\u00bb column_margin=\u00a0\u00bbdefault\u00a0\u00bb column_direction=\u00a0\u00bbdefault\u00a0\u00bb column_direction_tablet=\u00a0\u00bbdefault\u00a0\u00bb column_direction_phone=\u00a0\u00bbdefault\u00a0\u00bb scene_position=\u00a0\u00bbcenter\u00a0\u00bb top_padding=\u00a0\u00bb4%\u00a0\u00bb bottom_padding=\u00a0\u00bb4%\u00a0\u00bb text_color=\u00a0\u00bbdark\u00a0\u00bb text_align=\u00a0\u00bbleft\u00a0\u00bb row_border_radius=\u00a0\u00bbnone\u00a0\u00bb row_border_radius_applies=\u00a0\u00bbbg\u00a0\u00bb overlay_strength=\u00a0\u00bb0.3&Prime; gradient_direction=\u00a0\u00bbleft_to_right\u00a0\u00bb shape_divider_position=\u00a0\u00bbbottom\u00a0\u00bb bg_image_animation=\u00a0\u00bbnone\u00a0\u00bb shape_type=\u00a0\u00bb\u00a0\u00bb][vc_column column_padding=\u00a0\u00bbno-extra-padding\u00a0\u00bb column_padding_tablet=\u00a0\u00bbinherit\u00a0\u00bb column_padding_phone=\u00a0\u00bbinherit\u00a0\u00bb column_padding_position=\u00a0\u00bball\u00a0\u00bb column_element_spacing=\u00a0\u00bbdefault\u00a0\u00bb background_color_opacity=\u00a0\u00bb1&Prime; background_hover_color_opacity=\u00a0\u00bb1&Prime; column_shadow=\u00a0\u00bbnone\u00a0\u00bb column_border_radius=\u00a0\u00bbnone\u00a0\u00bb column_link_target=\u00a0\u00bb_self\u00a0\u00bb gradient_direction=\u00a0\u00bbleft_to_right\u00a0\u00bb...","og_url":"https:\/\/mallorca-anwalt.com\/fr\/commentaires\/","og_site_name":"Mallorca Anwalt","article_modified_time":"2025-04-30T16:34:01+00:00","twitter_card":"summary_large_image","twitter_misc":{"Dur\u00e9e de lecture estim\u00e9e":"1 minute"},"schema":{"@context":"https:\/\/schema.org","@graph":[{"@type":"WebSite","@id":"https:\/\/mallorca-anwalt.com\/#website","url":"https:\/\/mallorca-anwalt.com\/","name":"Mallorca Anwalt","description":"Rechtsanwalt Mallorca &amp; Ibiza , Gerboth &amp; Partner","potentialAction":[{"@type":"SearchAction","target":{"@type":"EntryPoint","urlTemplate":"https:\/\/mallorca-anwalt.com\/?s={search_term_string}"},"query-input":"required name=search_term_string"}],"inLanguage":"fr-FR"},{"@type":"WebPage","@id":"https:\/\/mallorca-anwalt.com\/fr\/commentaires\/","url":"https:\/\/mallorca-anwalt.com\/fr\/commentaires\/","name":"COMMENTAIRES - Mallorca Anwalt","isPartOf":{"@id":"https:\/\/mallorca-anwalt.com\/#website"},"datePublished":"2021-11-22T12:00:47+00:00","dateModified":"2025-04-30T16:34:01+00:00","breadcrumb":{"@id":"https:\/\/mallorca-anwalt.com\/fr\/commentaires\/#breadcrumb"},"inLanguage":"fr-FR","potentialAction":[{"@type":"ReadAction","target":["https:\/\/mallorca-anwalt.com\/fr\/commentaires\/"]}]},{"@type":"BreadcrumbList","@id":"https:\/\/mallorca-anwalt.com\/fr\/commentaires\/#breadcrumb","itemListElement":[{"@type":"ListItem","position":1,"name":"Portada","item":"https:\/\/mallorca-anwalt.com\/fr\/"},{"@type":"ListItem","position":2,"name":"COMMENTAIRES"}]}]}},"_links":{"self":[{"href":"https:\/\/mallorca-anwalt.com\/fr\/wp-json\/wp\/v2\/pages\/1085"}],"collection":[{"href":"https:\/\/mallorca-anwalt.com\/fr\/wp-json\/wp\/v2\/pages"}],"about":[{"href":"https:\/\/mallorca-anwalt.com\/fr\/wp-json\/wp\/v2\/types\/page"}],"author":[{"embeddable":true,"href":"https:\/\/mallorca-anwalt.com\/fr\/wp-json\/wp\/v2\/users\/1"}],"replies":[{"embeddable":true,"href":"https:\/\/mallorca-anwalt.com\/fr\/wp-json\/wp\/v2\/comments?post=1085"}],"version-history":[{"count":7,"href":"https:\/\/mallorca-anwalt.com\/fr\/wp-json\/wp\/v2\/pages\/1085\/revisions"}],"predecessor-version":[{"id":1538,"href":"https:\/\/mallorca-anwalt.com\/fr\/wp-json\/wp\/v2\/pages\/1085\/revisions\/1538"}],"wp:attachment":[{"href":"https:\/\/mallorca-anwalt.com\/fr\/wp-json\/wp\/v2\/media?parent=1085"}],"curies":[{"name":"wp","href":"https:\/\/api.w.org\/{rel}","templated":true}]}}