{"id":971,"date":"2020-06-26T08:53:43","date_gmt":"2020-06-26T08:53:43","guid":{"rendered":"http:\/\/mallorca-anwalt.com\/politica-de-cookies\/"},"modified":"2022-03-16T12:36:51","modified_gmt":"2022-03-16T12:36:51","slug":"politica-de-cookies","status":"publish","type":"page","link":"https:\/\/mallorca-anwalt.com\/fr\/politica-de-cookies\/","title":{"rendered":"Pol\u00edtica de Cookies"},"content":{"rendered":"<p><strong><u>POL\u00cdTICA DE COOKIES<\/u><\/strong><\/p>\n<p>La entidad EUROPEAN LAWYERS &amp; PARTNER, S.L., con NIF\/CIF: B57776163, domicilio en la AVDA. JAIME III, N\u00ba 3, 4\u00ba 2\u00aa 07012 PALMA DE MALLORCA, BALEARES, direcci\u00f3n de correo electr\u00f3nico: info@mallorca-anwalt.com y web: www.mallorca-anwalt.com informa al usuario de manera expresa de que, de conformidad con el art.<\/p>\n<p>22.2 de la Ley 34\/2002, de 11 de julio, de servicios de la sociedad de la informaci\u00f3n y de comercio electr\u00f3nico (LSSI), esta web utiliza cookies con el objetivo de prestar un mejor servicio y proporcionarle una mejor experiencia de navegaci\u00f3n.<\/p>\n<p>En la presente Pol\u00edtica de Cookies encontrar\u00e1 la descripci\u00f3n y finalidad de cada una de las cookies utilizadas, as\u00ed como su nombre, el servidor de env\u00edo, su caducidad e informaci\u00f3n de c\u00f3mo verificar si existe transferencia internacional de datos.<\/p>\n<p>Queremos informarle de manera clara y precisa sobre las cookies que utilizamos, detallando a continuaci\u00f3n: qu\u00e9 es una cookie, para qu\u00e9 sirve, qu\u00e9 tipos de cookies utilizamos, cu\u00e1l es su finalidad y c\u00f3mo puede configurarlas o deshabilitarlas si as\u00ed lo desea.<\/p>\n<p>\u00bfQu\u00e9 es una &lsquo;cookie&rsquo;?<\/p>\n<p>Una &lsquo;cookie&rsquo; es un fichero que se descarga en los sitios web y que determinadas p\u00e1ginas web env\u00edan al navegador, y que se almacenan en el terminal del usuario, el cual puede ser un ordenador personal, un tel\u00e9fono m\u00f3vil, una tableta, etc. Estos archivos permiten que el sitio web recuerde informaci\u00f3n sobre su visita, como el idioma y las opciones preferidas, lo que le permite recuperar informaci\u00f3n sobre la navegaci\u00f3n que se efect\u00faa desde su equipo. De esta manera se pretende facilitar su pr\u00f3xima visita y hacer que el sitio, al personalizar su contenido, resulte m\u00e1s \u00fatil.<\/p>\n<p>&nbsp;<\/p>\n<p>\u00bfC\u00f3mo se utilizan las &lsquo;cookies&rsquo;?<\/p>\n<p>Al navegar por esta p\u00e1gina web, el usuario est\u00e1 aceptando que se puedan instalar &lsquo;cookies&rsquo; en su terminal, las cuales nos permiten conocer la siguiente informaci\u00f3n:<\/p>\n<p>Reconocerle como usuario.<\/p>\n<p>Obtener informaci\u00f3n sobre tus h\u00e1bitos de navegaci\u00f3n.<\/p>\n<p>Personalizar la forma en que se muestra el contenido.<\/p>\n<p>Informaci\u00f3n estad\u00edstica del uso de la web.<\/p>\n<ul>\n<li>El login del usuario para mantener la sesi\u00f3n activa en la web.<\/li>\n<li>El formato de la web preferente en el acceso desde dispositivos m\u00f3viles.<\/li>\n<li>Las \u00faltimas b\u00fasquedas realizadas en los servicios de la web y datos de personalizaci\u00f3n de estos servicios.<\/li>\n<li>Informaci\u00f3n sobre los anuncios que se muestran al usuario.<\/li>\n<li>Informaci\u00f3n de las encuestas en las que ha participado el usuario.<\/li>\n<li>Datos de la conexi\u00f3n con las redes sociales para los usuarios que acceden con su usuario de Facebook o Twitter.<\/li>\n<\/ul>\n<p>&nbsp;<\/p>\n<p>A continuaci\u00f3n, podr\u00e1 encontrar una clasificaci\u00f3n de las cookies que existen y pueden llegar a ser utilizadas en nuestra web, teniendo en cuenta que una misma cookie puede estar incluida en m\u00e1s de una categor\u00eda.<\/p>\n<p>Tipos de Cookies:<\/p>\n<p>A.-Tipos de cookies seg\u00fan el plazo de tiempo que permanecen activadas. Seg\u00fan el plazo de tiempo que permanecen activadas en el equipo terminal, esta web puede utilizar tanto &lsquo;cookies&rsquo; temporales de sesi\u00f3n como &lsquo;cookies&rsquo; permanentes.<\/p>\n<p>1.- &lsquo;Cookies&rsquo; de sesi\u00f3n: las &lsquo;cookies&rsquo; de sesi\u00f3n almacenan datos \u00fanicamente mientras el usuario accede a la web. Se suelen emplear para almacenar informaci\u00f3n que s\u00f3lo interesa conservar para la prestaci\u00f3n del servicio solicitado por el usuario en una sola ocasi\u00f3n\u00a0 y desaparecen al terminar la sesi\u00f3n.<\/p>\n<p>2.- &lsquo;Cookies&rsquo; persistentes\/permanentes: las &lsquo;cookies&rsquo; persistentes\/permanentes almacenan los datos en el terminal para que sean accedidos y utilizados en m\u00e1s de una sesi\u00f3n. Los datos que siguen almacenados en el terminal pueden ser accedidos y tratados durante un periodo definido por el responsable de la cookie, y que puede ir de unos minutos a varios a\u00f1os.<\/p>\n<p>B.-Tipos de cookies seg\u00fan su finalidad. Seg\u00fan la finalidad para la que se traten los datos obtenidos a trav\u00e9s de las &lsquo;cookies&rsquo;, la web puede utilizar:<\/p>\n<p>1.&rsquo;Cookies&rsquo; estrictamente necesarias: las cookies estrictamente necesarias son absolutamente esenciales para que el sitio web funcione correctamente. Esta categor\u00eda solo incluye cookies que garantizan funcionalidades b\u00e1sicas y caracter\u00edsticas de seguridad del sitio web. Estas cookies no almacenan ninguna informaci\u00f3n personal. 2.-&lsquo;Cookies&rsquo; t\u00e9cnicas: son aquellas que permiten al usuario la navegaci\u00f3n a trav\u00e9s de una p\u00e1gina web, plataforma o aplicaci\u00f3n, y la utilizaci\u00f3n de las diferentes opciones o servicios que en ella existan como, por ejemplo, controlar el tr\u00e1fico y la comunicaci\u00f3n de datos, identificar la sesi\u00f3n, acceder a partes de acceso restringido, recordar los elementos que integran un pedido, realizar el proceso de compra de un pedido, realizar la solicitud de inscripci\u00f3n o participaci\u00f3n en un evento, utilizar elementos de seguridad durante la navegaci\u00f3n, almacenar contenidos para la difusi\u00f3n de videos o sonido o compartir contenidos a trav\u00e9s de redes sociales.<\/p>\n<p>3.-&lsquo;Cookies&rsquo; de personalizaci\u00f3n: son aquellas que permiten al usuario acceder al servicio con algunas caracter\u00edsticas de car\u00e1cter general predefinidas en funci\u00f3n de una serie de criterios en el terminal del usuario como, por ejemplo, ser\u00edan el idioma, el tipo de navegador a trav\u00e9s del cual accede al servicio, la configuraci\u00f3n regional desde donde accede al servicio, la geolocalizaci\u00f3n del terminal y la configuraci\u00f3n regional desde donde se accede al servicio.<\/p>\n<p>4.-&lsquo;Cookies&rsquo; anal\u00edticas: son aquellas que, tratadas por nosotros o por terceros, nos permiten cuantificar el n\u00famero de usuarios, y as\u00ed realizar la medici\u00f3n y an\u00e1lisis estad\u00edstico de la utilizaci\u00f3n que hacen los usuarios del servicio ofertado. Para ello se analiza su navegaci\u00f3n en nuestra p\u00e1gina web con el fin de mejorar la oferta de productos o servicios disponibles.<\/p>\n<ol start=\"5\">\n<li>&lsquo;Cookies&rsquo; de publicidad comportamental: son aquellas que permiten la gesti\u00f3n, de la forma m\u00e1s eficaz posible, de los espacios publicitarios que, en su caso, el editor haya incluido en una p\u00e1gina web, aplicaci\u00f3n o plataforma desde la que presta el servicio solicitado. Estas cookies almacenan informaci\u00f3n del comportamiento de los usuarios obtenida a trav\u00e9s de la observaci\u00f3n continuada de sus h\u00e1bitos de navegaci\u00f3n, lo que permite desarrollar un perfil espec\u00edfico para mostrar publicidad en funci\u00f3n del mismo.<\/li>\n<\/ol>\n<p>C.-Tipos de cookies seg\u00fan la entidad que las gestione. Seg\u00fan qui\u00e9n sea la entidad que gestione el equipo o dominio desde donde se env\u00edan las cookies y trate los datos que se obtengan, podemos distinguir:<\/p>\n<p>1.- &lsquo;Cookies&rsquo; propias: son aquellas que se env\u00edan al equipo terminal del usuario desde un equipo o dominio gestionado por el propio editor, y desde el que se presta el servicio solicitado por el usuario.<\/p>\n<p>2.- &lsquo;Cookies&rsquo;de terceros: son aquellas que se env\u00edan al equipo terminal del usuario desde un equipo o dominio que no es gestionado por el editor, sino por otra entidad que trata los datos obtenidos trav\u00e9s de las cookies. En algunas p\u00e1ginas web se pueden instalar &lsquo;cookies&rsquo; de terceros que permiten gestionar y mejorar los servicios ofrecidos. Por ejemplo, servicios estad\u00edsticos de Google Analytics y Comscore.<\/p>\n<p>Al navegar o utilizar nuestros servicios, el usuario acepta de manera expresa el uso que hacemos de las &lsquo;cookies&rsquo;. Sin embargo, el usuario tiene la opci\u00f3n de impedir la generaci\u00f3n de &lsquo;cookies&rsquo; y la eliminaci\u00f3n de las mismas mediante la selecci\u00f3n de la correspondiente opci\u00f3n en su navegador. En caso de bloquear el uso de &lsquo;cookies&rsquo; en su navegador, es posible que algunos servicios o funcionalidades de la p\u00e1gina web no est\u00e9n disponibles.<\/p>\n<p>La Entidad utiliza en este sitio web las siguientes cookies para las finalidades que a continuaci\u00f3n se exponen:<\/p>\n<p>&nbsp;<\/p>\n<p><strong>COOKIES PROPIAS<\/strong><\/p>\n<table width=\"100%\">\n<tbody>\n<tr>\n<td width=\"23%\"><strong>CookieID<\/strong><br \/>\n(ID de la cookie y como aparece en la cach\u00e9 del navegador)<\/td>\n<td width=\"13%\"><strong>Tipo<\/strong><br \/>\n(Propia o de terceros)<\/td>\n<td width=\"20%\"><strong>Expiraci\u00f3n\/Duraci\u00f3n<\/strong><br \/>\n(Fecha de caducidad\/Duraci\u00f3n\u00a0 de la cookie una vez instalada)<\/td>\n<td width=\"20%\"><strong>Dominio<\/strong><br \/>\n(Con qu\u00e9 dominio se asocia la cookie)<\/td>\n<td width=\"22%\"><strong>Descripci\u00f3n<\/strong><br \/>\n(Funcionamiento y finalidad de la cookie)<\/td>\n<\/tr>\n<tr>\n<td width=\"23%\">CookieLawInfoConsent<\/td>\n<td width=\"13%\">Propias<\/td>\n<td width=\"20%\">Persistente.<\/p>\n<p>Caducidad\/Duraci\u00f3n: 1 a\u00f1o<\/td>\n<td width=\"20%\">mallorca-anwalt.com<\/td>\n<td width=\"22%\">ESTRICTAMENTE NECESARIA.<\/td>\n<\/tr>\n<tr>\n<td width=\"23%\">cookielawinfo-checkbox-others<\/td>\n<td width=\"13%\">Propias<\/td>\n<td width=\"20%\">Persistente.<\/p>\n<p>Caducidad\/Duraci\u00f3n: 1 a\u00f1o<\/td>\n<td width=\"20%\">mallorca-anwalt.com<\/td>\n<td width=\"22%\">ESTRICTAMENTE NECESARIA.<\/td>\n<\/tr>\n<tr>\n<td width=\"23%\">cookielawinfo-checkbox-advertisement<\/td>\n<td width=\"13%\">Propias<\/td>\n<td width=\"20%\">Persistente.<\/p>\n<p>Caducidad\/Duraci\u00f3n: 1 a\u00f1o<\/td>\n<td width=\"20%\">mallorca-anwalt.com<\/td>\n<td width=\"22%\">ESTRICTAMENTE NECESARIA.<\/td>\n<\/tr>\n<tr>\n<td width=\"23%\">cookielawinfo-checkbox-analytics<\/td>\n<td width=\"13%\">Propias<\/td>\n<td width=\"20%\">Persistente.<\/p>\n<p>Caducidad\/Duraci\u00f3n: 1 a\u00f1o<\/td>\n<td width=\"20%\">mallorca-anwalt.com<\/td>\n<td width=\"22%\">ESTRICTAMENTE NECESARIA.<\/td>\n<\/tr>\n<tr>\n<td width=\"23%\">viewed_cookie_policy<\/td>\n<td width=\"13%\">Propias<\/td>\n<td width=\"20%\">Persistente.<\/p>\n<p>Caducidad\/Duraci\u00f3n: 1 a\u00f1o<\/td>\n<td width=\"20%\">mallorca-anwalt.com<\/td>\n<td width=\"22%\">ESTRICTAMENTE NECESARIA.<\/td>\n<\/tr>\n<tr>\n<td width=\"23%\">cookielawinfo-checkbox-necessary<\/td>\n<td width=\"13%\">Propias<\/td>\n<td width=\"20%\">Persistente.<\/p>\n<p>Caducidad\/Duraci\u00f3n: 1 a\u00f1o<\/td>\n<td width=\"20%\">mallorca-anwalt.com<\/td>\n<td width=\"22%\">ESTRICTAMENTE NECESARIA.<\/td>\n<\/tr>\n<tr>\n<td width=\"23%\">cookielawinfo-checkbox-functional<\/td>\n<td width=\"13%\">Propias<\/td>\n<td width=\"20%\">Persistente.<\/p>\n<p>Caducidad\/Duraci\u00f3n: 1 a\u00f1o<\/td>\n<td width=\"20%\">mallorca-anwalt.com<\/td>\n<td width=\"22%\">ESTRICTAMENTE NECESARIA.<\/td>\n<\/tr>\n<tr>\n<td width=\"23%\">cookielawinfo-checkbox-performance<\/td>\n<td width=\"13%\">Propias<\/td>\n<td width=\"20%\">Persistente.<\/p>\n<p>Caducidad\/Duraci\u00f3n: 1 a\u00f1o<\/td>\n<td width=\"20%\">mallorca-anwalt.com<\/td>\n<td width=\"22%\">ESTRICTAMENTE NECESARIA.<\/td>\n<\/tr>\n<\/tbody>\n<\/table>\n<p><strong>\u00a0<\/strong><\/p>\n<p>&nbsp;<\/p>\n<p>Las cookies no contienen informaci\u00f3n que permita por s\u00ed sola identificar a un usuario concreto. Respecto a nosotros, la informaci\u00f3n obtenida solo podr\u00e1 ser asociada a un usuario concreto en caso de que dicho usuario est\u00e9 identificado en la web. De ser as\u00ed, dichos datos ser\u00e1n tratados de conformidad la pol\u00edtica de privacidad de la web, cumpliendo en todo momento con las exigencias de la normativa vigente en materia de protecci\u00f3n de datos de car\u00e1cter personal. En cualquier momento los usuarios afectados podr\u00e1n ejercitar su derecho a acceder, rectificar y suprimir los datos, as\u00ed como otros derechos como se explica en la citada pol\u00edtica de privacidad. Para m\u00e1s informaci\u00f3n debe acceder a nuestra Pol\u00edtica de protecci\u00f3n de datos.<\/p>\n<p>Las cookies ser\u00e1n utilizadas \u00fanica y exclusivamente durante el tiempo necesario para cumplir con las finalidades indicadas en cada cookie. En relaci\u00f3n con las cookies de terceros, los plazos de conservaci\u00f3n podr\u00e1n ser consultados en las pol\u00edticas de privacidad y pol\u00edticas de cookies de los terceros. Una vez caducada la cookie, podr\u00e1 ser renovada si el usuario vuelve a aceptar su utilizaci\u00f3n.<\/p>\n<p>Puede informarse de las transferencias a terceros pa\u00edses que en su caso realizan los terceros identificados en esta pol\u00edtica de cookies en sus correspondientes pol\u00edticas.<\/p>\n<p>\u00bfC\u00f3mo administrar &lsquo;cookies&rsquo; en el navegador?<\/p>\n<p>El usuario tiene la opci\u00f3n de permitir, bloquear o eliminar las &lsquo;cookies&rsquo; instaladas en su equipo mediante la configuraci\u00f3n de las opciones del navegador instalado en su terminal.<\/p>\n<p>\u00bfC\u00f3mo se autoriza a la entidad para el uso de las cookies de este sitio web?<\/p>\n<p>En relaci\u00f3n con la utilizaci\u00f3n de cookies de este sitio web descritos en el apartado anterior, el usuario autoriza y consiente su uso de la siguiente forma: Cuando el usuario accede a cualquier p\u00e1gina de la web, ver\u00e1 un aviso donde se indica que la p\u00e1gina web de EUROPEAN LAWYERS &amp; PARTNER, S.L. utiliza cookies, pudiendo el usuario aceptar o rechazar el uso de las mismas a trav\u00e9s de la configuraci\u00f3n de su navegador. Si el usuario no configura su navegador para que las cookies no se activen, al navegar por el sitio web de EUROPEAN<\/p>\n<p>LAWYERS &amp; PARTNER, S.L. y utilizar sus servicios, el usuario acepta el uso que se hace de las cookies.<\/p>\n<p>\u00bfC\u00f3mo se retira el consentimiento para la utilizaci\u00f3n de las cookies de este sitio Web?<\/p>\n<p>El usuario tiene la opci\u00f3n de dejar de aceptar el uso de cookies en cualquier momento a trav\u00e9s de su navegador, pudiendo permitir, bloquear o eliminar las cookies instaladas en su equipo mediante la configuraci\u00f3n de las opciones del navegador que utiliza en su dispositivo (ordenador, m\u00f3vil, tablet). Puede permitir o bloquear las cookies, as\u00ed como borrar sus datos de navegaci\u00f3n (incluidas las cookies) desde el navegador que utiliza. Debe consultar las opciones e instrucciones que ofrece su navegador para ello. Debe tener en cuenta que, si acepta las cookies de terceros, deber\u00e1 eliminarlas desde la opci\u00f3n del navegador.<\/p>\n<p>Sin la habilitaci\u00f3n de las cookies necesarias y t\u00e9cnicas descritas en la presente pol\u00edticas de cookies es posible que algunos servicios o funcionalidades de la p\u00e1gina web no est\u00e9n disponibles.<\/p>\n<p>A continuaci\u00f3n se indican los enlaces donde se explica c\u00f3mo llevar a cabo este proceso en los principales navegadores de Internet:<\/p>\n<p>Chrome: https:\/\/support.google.com\/chrome\/answer\/95647?hl=es&amp;co=GENIE.Platform=Desktop<\/p>\n<p>Explorer:\u00a0\u00a0\u00a0\u00a0\u00a0\u00a0\u00a0\u00a0\u00a0 https:\/\/support.microsoft.com\/es-es\/topic\/c%C3%B3mo-eliminar-archivos-de-cookies-en-internetexplorer-bca9446f-d873-78de-77ba-d42645fa52fc.<\/p>\n<p>Firefox:https:\/\/support.mozilla.org\/es\/kb\/habilitar-y-deshabilitar-cookies-sitios-web-rastrear-preferencias? redirectslug=habilitar-y-deshabilitar-cookies-que-los-sitios-we&amp;redirectlocale=es.<\/p>\n<p>Safari: https:\/\/support.apple.com\/es-es\/guide\/safari\/sfri11471\/mac.<\/p>\n<p>Actualizaci\u00f3n de la Pol\u00edtica de Cookies<\/p>\n<p>La Entidad EUROPEAN LAWYERS &amp; PARTNER, S.L. actualizar\u00e1 la presente pol\u00edtica cuando sea necesario, ya sea porque lo exija una normativa o bien suprima o emplee nuevas cookies. Cualquier modificaci\u00f3n de estas condiciones ser\u00e1 publicada en este sitio web.<\/p>\n<p>A partir del momento en que se ponga en conocimiento y a disposici\u00f3n del usuario las nuevas condiciones mediante la publicaci\u00f3n ante dicha, las nuevas pol\u00edticas de cookies ser\u00e1n de aplicaci\u00f3n, sustituyendo de forma autom\u00e1tica a las anteriormente publicadas.<\/p>\n<p>Si tiene dudas acerca de esta pol\u00edtica de cookies, puede contactar con la entidad EUROPEAN LAWYERS &amp; PARTNER, S.L. a trav\u00e9s del siguiente correo electr\u00f3nico info@mallorca-anwalt.com.<\/p>\n","protected":false},"excerpt":{"rendered":"<p>POL\u00cdTICA DE COOKIES La entidad EUROPEAN LAWYERS &amp; PARTNER, S.L., con NIF\/CIF: B57776163, domicilio en la AVDA. JAIME III, N\u00ba 3, 4\u00ba 2\u00aa 07012 PALMA DE MALLORCA, BALEARES, direcci\u00f3n de&#8230;<\/p>\n","protected":false},"author":1,"featured_media":0,"parent":0,"menu_order":0,"comment_status":"closed","ping_status":"closed","template":"","meta":[],"yoast_head":"<!-- This site is optimized with the Yoast SEO plugin v19.4 - https:\/\/yoast.com\/wordpress\/plugins\/seo\/ -->\n<title>Pol\u00edtica de Cookies - Mallorca Anwalt<\/title>\n<meta name=\"robots\" content=\"index, follow, max-snippet:-1, max-image-preview:large, max-video-preview:-1\" \/>\n<link rel=\"canonical\" href=\"https:\/\/mallorca-anwalt.com\/fr\/politica-de-cookies\/\" \/>\n<meta property=\"og:locale\" content=\"fr_FR\" \/>\n<meta property=\"og:type\" content=\"article\" \/>\n<meta property=\"og:title\" content=\"Pol\u00edtica de Cookies - Mallorca Anwalt\" \/>\n<meta property=\"og:description\" content=\"POL\u00cdTICA DE COOKIES La entidad EUROPEAN LAWYERS &amp; PARTNER, S.L., con NIF\/CIF: B57776163, domicilio en la AVDA. JAIME III, N\u00ba 3, 4\u00ba 2\u00aa 07012 PALMA DE MALLORCA, BALEARES, direcci\u00f3n de...\" \/>\n<meta property=\"og:url\" content=\"https:\/\/mallorca-anwalt.com\/fr\/politica-de-cookies\/\" \/>\n<meta property=\"og:site_name\" content=\"Mallorca Anwalt\" \/>\n<meta property=\"article:modified_time\" content=\"2022-03-16T12:36:51+00:00\" \/>\n<meta name=\"twitter:card\" content=\"summary_large_image\" \/>\n<meta name=\"twitter:label1\" content=\"Dur\u00e9e de lecture estim\u00e9e\" \/>\n\t<meta name=\"twitter:data1\" content=\"7 minutes\" \/>\n<script type=\"application\/ld+json\" class=\"yoast-schema-graph\">{\"@context\":\"https:\/\/schema.org\",\"@graph\":[{\"@type\":\"WebSite\",\"@id\":\"https:\/\/mallorca-anwalt.com\/#website\",\"url\":\"https:\/\/mallorca-anwalt.com\/\",\"name\":\"Mallorca Anwalt\",\"description\":\"Rechtsanwalt Mallorca &amp; Ibiza , Gerboth &amp; Partner\",\"potentialAction\":[{\"@type\":\"SearchAction\",\"target\":{\"@type\":\"EntryPoint\",\"urlTemplate\":\"https:\/\/mallorca-anwalt.com\/?s={search_term_string}\"},\"query-input\":\"required name=search_term_string\"}],\"inLanguage\":\"fr-FR\"},{\"@type\":\"WebPage\",\"@id\":\"https:\/\/mallorca-anwalt.com\/fr\/politica-de-cookies\/\",\"url\":\"https:\/\/mallorca-anwalt.com\/fr\/politica-de-cookies\/\",\"name\":\"Pol\u00edtica de Cookies - Mallorca Anwalt\",\"isPartOf\":{\"@id\":\"https:\/\/mallorca-anwalt.com\/#website\"},\"datePublished\":\"2020-06-26T08:53:43+00:00\",\"dateModified\":\"2022-03-16T12:36:51+00:00\",\"breadcrumb\":{\"@id\":\"https:\/\/mallorca-anwalt.com\/fr\/politica-de-cookies\/#breadcrumb\"},\"inLanguage\":\"fr-FR\",\"potentialAction\":[{\"@type\":\"ReadAction\",\"target\":[\"https:\/\/mallorca-anwalt.com\/fr\/politica-de-cookies\/\"]}]},{\"@type\":\"BreadcrumbList\",\"@id\":\"https:\/\/mallorca-anwalt.com\/fr\/politica-de-cookies\/#breadcrumb\",\"itemListElement\":[{\"@type\":\"ListItem\",\"position\":1,\"name\":\"Portada\",\"item\":\"https:\/\/mallorca-anwalt.com\/fr\/\"},{\"@type\":\"ListItem\",\"position\":2,\"name\":\"Pol\u00edtica de Cookies\"}]}]}<\/script>\n<!-- \/ Yoast SEO plugin. -->","yoast_head_json":{"title":"Pol\u00edtica de Cookies - Mallorca Anwalt","robots":{"index":"index","follow":"follow","max-snippet":"max-snippet:-1","max-image-preview":"max-image-preview:large","max-video-preview":"max-video-preview:-1"},"canonical":"https:\/\/mallorca-anwalt.com\/fr\/politica-de-cookies\/","og_locale":"fr_FR","og_type":"article","og_title":"Pol\u00edtica de Cookies - Mallorca Anwalt","og_description":"POL\u00cdTICA DE COOKIES La entidad EUROPEAN LAWYERS &amp; PARTNER, S.L., con NIF\/CIF: B57776163, domicilio en la AVDA. JAIME III, N\u00ba 3, 4\u00ba 2\u00aa 07012 PALMA DE MALLORCA, BALEARES, direcci\u00f3n de...","og_url":"https:\/\/mallorca-anwalt.com\/fr\/politica-de-cookies\/","og_site_name":"Mallorca Anwalt","article_modified_time":"2022-03-16T12:36:51+00:00","twitter_card":"summary_large_image","twitter_misc":{"Dur\u00e9e de lecture estim\u00e9e":"7 minutes"},"schema":{"@context":"https:\/\/schema.org","@graph":[{"@type":"WebSite","@id":"https:\/\/mallorca-anwalt.com\/#website","url":"https:\/\/mallorca-anwalt.com\/","name":"Mallorca Anwalt","description":"Rechtsanwalt Mallorca &amp; Ibiza , Gerboth &amp; Partner","potentialAction":[{"@type":"SearchAction","target":{"@type":"EntryPoint","urlTemplate":"https:\/\/mallorca-anwalt.com\/?s={search_term_string}"},"query-input":"required name=search_term_string"}],"inLanguage":"fr-FR"},{"@type":"WebPage","@id":"https:\/\/mallorca-anwalt.com\/fr\/politica-de-cookies\/","url":"https:\/\/mallorca-anwalt.com\/fr\/politica-de-cookies\/","name":"Pol\u00edtica de Cookies - Mallorca Anwalt","isPartOf":{"@id":"https:\/\/mallorca-anwalt.com\/#website"},"datePublished":"2020-06-26T08:53:43+00:00","dateModified":"2022-03-16T12:36:51+00:00","breadcrumb":{"@id":"https:\/\/mallorca-anwalt.com\/fr\/politica-de-cookies\/#breadcrumb"},"inLanguage":"fr-FR","potentialAction":[{"@type":"ReadAction","target":["https:\/\/mallorca-anwalt.com\/fr\/politica-de-cookies\/"]}]},{"@type":"BreadcrumbList","@id":"https:\/\/mallorca-anwalt.com\/fr\/politica-de-cookies\/#breadcrumb","itemListElement":[{"@type":"ListItem","position":1,"name":"Portada","item":"https:\/\/mallorca-anwalt.com\/fr\/"},{"@type":"ListItem","position":2,"name":"Pol\u00edtica de Cookies"}]}]}},"_links":{"self":[{"href":"https:\/\/mallorca-anwalt.com\/fr\/wp-json\/wp\/v2\/pages\/971"}],"collection":[{"href":"https:\/\/mallorca-anwalt.com\/fr\/wp-json\/wp\/v2\/pages"}],"about":[{"href":"https:\/\/mallorca-anwalt.com\/fr\/wp-json\/wp\/v2\/types\/page"}],"author":[{"embeddable":true,"href":"https:\/\/mallorca-anwalt.com\/fr\/wp-json\/wp\/v2\/users\/1"}],"replies":[{"embeddable":true,"href":"https:\/\/mallorca-anwalt.com\/fr\/wp-json\/wp\/v2\/comments?post=971"}],"version-history":[{"count":2,"href":"https:\/\/mallorca-anwalt.com\/fr\/wp-json\/wp\/v2\/pages\/971\/revisions"}],"predecessor-version":[{"id":1354,"href":"https:\/\/mallorca-anwalt.com\/fr\/wp-json\/wp\/v2\/pages\/971\/revisions\/1354"}],"wp:attachment":[{"href":"https:\/\/mallorca-anwalt.com\/fr\/wp-json\/wp\/v2\/media?parent=971"}],"curies":[{"name":"wp","href":"https:\/\/api.w.org\/{rel}","templated":true}]}}