{"id":1043,"date":"2021-11-22T11:48:44","date_gmt":"2021-11-22T11:48:44","guid":{"rendered":"http:\/\/mallorca-anwalt.com\/mn-consultoria\/"},"modified":"2021-12-14T11:17:59","modified_gmt":"2021-12-14T11:17:59","slug":"mn-consultoria","status":"publish","type":"page","link":"https:\/\/mallorca-anwalt.com\/ru\/mn-consultoria\/","title":{"rendered":"\u043a\u043e\u043d\u0441\u0443\u043b\u044c\u0442\u0438\u0440\u043e\u0432\u0430\u043d\u0438\u0435"},"content":{"rendered":"[vc_row type=&#187;in_container&#187; full_screen_row_position=&#187;middle&#187; column_margin=&#187;default&#187; column_direction=&#187;default&#187; column_direction_tablet=&#187;default&#187; column_direction_phone=&#187;default&#187; scene_position=&#187;center&#187; top_padding=&#187;4%&#187; bottom_padding=&#187;4%&#187; text_color=&#187;dark&#187; text_align=&#187;left&#187; row_border_radius=&#187;none&#187; row_border_radius_applies=&#187;bg&#187; overlay_strength=&#187;0.3&#8243; gradient_direction=&#187;left_to_right&#187; shape_divider_position=&#187;bottom&#187; bg_image_animation=&#187;none&#187; shape_type=&#187;&#187;][vc_column column_padding=&#187;no-extra-padding&#187; column_padding_tablet=&#187;inherit&#187; column_padding_phone=&#187;inherit&#187; column_padding_position=&#187;all&#187; column_element_spacing=&#187;default&#187; background_color_opacity=&#187;1&#8243; background_hover_color_opacity=&#187;1&#8243; column_shadow=&#187;none&#187; column_border_radius=&#187;none&#187; column_link_target=&#187;_self&#187; gradient_direction=&#187;left_to_right&#187; overlay_strength=&#187;0.3&#8243; width=&#187;1\/2&#8243; tablet_width_inherit=&#187;default&#187; tablet_text_alignment=&#187;default&#187; phone_text_alignment=&#187;default&#187; bg_image_animation=&#187;none&#187; border_type=&#187;simple&#187; column_border_width=&#187;none&#187; column_border_style=&#187;solid&#187;][image_with_animation image_url=&#187;805&#8243; animation=&#187;Fade In&#187; hover_animation=&#187;none&#187; alignment=&#187;&#187; border_radius=&#187;none&#187; box_shadow=&#187;none&#187; image_loading=&#187;default&#187; max_width=&#187;100%&#187; max_width_mobile=&#187;default&#187;][\/vc_column][vc_column column_padding=&#187;no-extra-padding&#187; column_padding_tablet=&#187;inherit&#187; column_padding_phone=&#187;inherit&#187; column_padding_position=&#187;all&#187; column_element_spacing=&#187;default&#187; background_color_opacity=&#187;1&#8243; background_hover_color_opacity=&#187;1&#8243; column_shadow=&#187;none&#187; column_border_radius=&#187;none&#187; column_link_target=&#187;_self&#187; gradient_direction=&#187;left_to_right&#187; overlay_strength=&#187;0.3&#8243; width=&#187;1\/2&#8243; tablet_width_inherit=&#187;default&#187; tablet_text_alignment=&#187;default&#187; phone_text_alignment=&#187;default&#187; bg_image_animation=&#187;none&#187; border_type=&#187;simple&#187; column_border_width=&#187;none&#187; column_border_style=&#187;solid&#187;][vc_column_text]\u041d\u0430\u0448\u0430 \u044d\u043a\u0441\u043f\u0435\u0440\u0442\u043d\u0430\u044f \u0433\u0440\u0443\u043f\u043f\u0430 \u0438\u0437 \u043d\u0435\u043c\u0435\u0446\u043a\u0438\u0445 \u0438 \u0438\u0441\u043f\u0430\u043d\u0441\u043a\u0438\u0445 \u0430\u0434\u0432\u043e\u043a\u0430\u0442\u0430\u0432 \u043a\u043e\u043d\u0441\u0443\u043b\u044c\u0442\u0438\u0440\u0443\u0435\u0442 \u0412\u0430\u0441 \u0432\u043e \u0432\u0441\u0435\u0445 \u0434\u0435\u043b\u0430\u0445 \u043c\u0435\u0436\u0434\u0443 \u0418\u0441\u043f\u0430\u043d\u0438\u0435\u0439 \u0438 \u0413\u0435\u0440\u043c\u0430\u043d\u0438\u0435\u0439. Gerboth &amp; Partner \u0440\u0430\u0431\u043e\u0442\u0430\u044e\u0442 \u043f\u043e \u043f\u0440\u0430\u0432\u0430\u043c \u043d\u0435\u0434\u0432\u0438\u0436\u0438\u043c\u043e\u0441\u0442\u0438 \u0438 \u043a\u043e\u043d\u0441\u0443\u043b\u044c\u0442\u0438\u0440\u0443\u0435\u0442 \u0412\u0430\u0441 \u043e \u043d\u0430\u043b\u043e\u0433\u043e\u0432\u044b\u0445 \u0432\u044b\u043f\u043b\u0430\u0442\u0430\u0445 \u043f\u0440\u0438 \u043f\u0440\u0438\u043e\u0431\u0440\u0435\u0442\u0435\u043d\u0438\u0438 \u043d\u043e\u0432\u043e\u0439 \u043d\u0435\u0434\u0432\u0438\u0436\u0438\u043c\u043e\u0441\u0442\u0438 \u043d\u0430 \u041c\u0430\u0439\u043e\u0440\u043a\u0435, \u043a\u0430\u043a \u0437\u0430\u0449\u0438\u0449\u0435\u043d\u043d\u043e\u0435 \u0438\u043d\u0444\u043b\u044f\u0446\u0438\u0435\u0439 \u0432\u043b\u043e\u0436\u0435\u043d\u0438\u0435 \u0434\u0435\u043d\u0435\u0433 \u0442\u0430\u043a \u0438 \u043f\u0440\u0438 \u043f\u043e\u043a\u0443\u043f\u043a\u0435 \u0436\u0438\u043b\u044c\u044f, \u0430 \u0442\u0430\u043a \u0436\u0435 \u043a\u0430\u043a \u0432\u0442\u043e\u0440\u043e\u0435 \u043c\u0435\u0441\u0442\u043e \u0436\u0438\u0442\u0435\u043b\u044c\u0441\u0442\u0432a.<\/p>\n<p>\u041c\u044b \u0441\u043e\u043f\u0440\u043e\u0432\u043e\u0436\u0434\u0430\u0435\u043c \u0412\u0430\u0441 \u0432 \u043f\u043e\u043b\u043d\u043e\u043c \u043f\u0440\u043e\u0446\u0435\u0441\u0441\u0435 \u043f\u0440\u0438\u043e\u0431\u0440\u0435\u0442\u0435\u043d\u0438\u044f \u0438\u043c\u0443\u0449\u0435\u0441\u0442\u0432\u0430: \u043e\u0442 \u0434\u043e\u0433\u043e\u0432\u043e\u0440\u0430 \u043e\u043f\u0446\u0438\u0439, \u043e \u0434\u043e\u0433\u043e\u0432\u043e\u0440\u0435 \u043d\u043e\u0442\u0430\u0440\u0438\u0443\u0441\u0430 \u0432\u043f\u043b\u043e\u0442\u044c \u0434\u043e \u0440\u0435\u0433\u0438\u0441\u0442\u0440\u0430\u0446\u0438\u0438 \u0432 \u0437\u0435\u043c\u0435\u043b\u044c\u043d\u043e\u0439 \u043a\u043d\u0438\u0433\u0435 \u0432 \u0418\u0441\u043f\u0430\u043d\u0438\u0438.<\/p>\n<p>\u0422\u0430\u043a\u0436\u0435 \u043c\u044b \u0443\u0447\u0438\u0442\u044b\u0432\u0430\u0435\u043c \u043f\u0440\u0438 \u0437\u0430\u043a\u0443\u043f\u043a\u0435 \u0438\u043c\u0443\u0449\u0435\u0441\u0442\u0432\u0430 \u043f\u0440\u0430\u0432\u0438\u043b\u044c\u043d\u043e\u0439 \u0441\u0442\u0440\u0443\u043a\u0442\u0443\u0440\u044b \u0432\u043e\u043a\u0440\u0443\u0433 \u0441\u0435\u043c\u044c\u0438, \u043f\u0435\u0440\u0435\u0434 \u0441\u043b\u0438\u0448\u043a\u043e\u043c \u0432\u044b\u0441\u043e\u043a\u0438\u043c\u0438 \u041d\u0430\u0441\u043b\u0435\u0434\u0441\u0442\u0432\u043e-\u043d\u0430\u043b\u043e\u0433\u043e\u0432\u044b\u043c\u0438 \u043f\u043e\u0448\u043b\u0438\u043d\u0430\u043c\u0438, \u0442\u0430\u043a \u043a\u0430\u043a \u043d\u0430\u043b\u043e\u0433 \u0441 \u043d\u0430\u0441\u043b\u0435\u0434\u0441\u0442\u0432\u0430 \u0434\u043b\u044f \u043d\u0435\u0440\u0435\u0437\u0438\u0434\u0435\u043d\u0442\u043d\u044b\u0445 \u0438\u043c\u0435\u0435\u0442 \u0442\u043e\u043b\u044c\u043a\u043e \u043c\u0430\u043a\u0441\u0438\u043c\u0430\u043b\u044c\u043d\u044b\u0439 \u043d\u0435\u043e\u0431\u043b\u0430\u0433\u0430\u0435\u043c\u044b\u0439 \u043d\u0430\u043b\u043e\u0433\u043e\u043c \u043c\u0438\u043d\u0438\u043c\u0443\u043c \u0432 \u0440\u0430\u0437\u043c\u0435\u0440\u0435 \u043f\u0440\u0438\u043c\u0435\u0440\u043d\u043e 15.000 \u0435\u0432\u0440\u043e \u0438 \u043b\u0435\u0436\u0438\u0442 \u0432 \u0441\u0440\u0435\u0434\u043d\u0435\u043c \u043f\u0440\u0438 33%. \u041c\u043d\u043e\u0433\u043e \u043b\u0435\u0442 \u0433\u043e\u0441\u043f\u043e\u0434\u0438\u043d \u041a\u0440\u0438\u0441\u0442\u0438\u0430\u043d \u0413\u0435\u0440\u0431\u043e\u0442 \u0440\u0430\u0431\u043e\u0442\u0430\u0435\u0442 \u043f\u043e \u043f\u0440\u0430\u0432\u0430\u043c \u043d\u0435\u0434\u0432\u0438\u0436\u0438\u043c\u043e\u0441\u0442\u0438 \u0438 \u043d\u0430\u0441\u043b\u0435\u0434\u0441\u0442\u0432\u0435\u043d\u043d\u043e\u043c \u043f\u0440\u0430\u0432\u0435.<\/p>\n<p>\u0413\u043e\u0441\u043f\u043e\u0434\u0438\u043d \u0413\u0435\u0440\u0431\u043e\u0442 &#8212; Co Autor \u0430\u0432\u0442\u043e\u0440 \u0431\u043e\u043b\u044c\u0448\u0435\u0433\u043e \u044e\u0440\u0438\u0434\u0438\u0447\u0435\u0441\u043a\u043e\u0433\u043e \u0441\u0431\u043e\u0440\u043d\u0438\u043a\u0430 \u0432 Stollfuss \u0438\u0437\u0434\u0430\u0442\u0435\u043b\u044c\u0441\u0442\u0432\u043e \u201e\u0440\u0443\u043a\u043e\u0432\u043e\u0434\u0441\u0442\u0432\u043e \u0434\u043b\u044f \u043b\u0438\u0447\u043d\u043e\u0433\u043e \u0438\u043c\u0443\u0449\u0435\u0441\u0442\u0432\u0430\u201c, \u043f\u0440\u0438\u0447\u0435\u043c \u0433\u043e\u0441\u043f\u043e\u0434\u0438\u043d \u0413\u0435\u0440\u0431\u043e\u0442 \u0441 \u043f\u043e\u043c\u043e\u0449\u044c\u044e \u0433\u043e\u0441\u043f\u043e\u0436\u0438 \u0417\u0430\u0439\u0434\u0435\u043b\u044c \u043f\u0440\u043e\u0438\u0437\u0432\u0435\u043b\u0438 \u0446\u0435\u043b\u0443\u044e \u0447\u0430\u0441\u0442\u044c \u043e\u0431 \u0418\u0441\u043f\u0430\u043d\u0438\u0438, \u0432 \u043a\u043e\u0442\u043e\u0440\u043e\u0439 \u0440\u0430\u0441\u0441\u043a\u0440\u044b\u0432\u0430\u0435\u0442\u0441\u044f, \u043f\u0440\u0435\u0436\u0434\u0435 \u0432\u0441\u0435\u0433\u043e \u043d\u0430\u0441\u043b\u0435\u0434\u043d\u043e-\u043f\u0440\u0430\u0432\u043e\u0432\u044b\u0435 \u0447\u0430\u0441\u0442\u0438 \u0438 \u0438\u043c\u0435\u044e\u0449\u0438\u0435 \u043f\u0440\u0430\u0432\u0430 \u0432 \u043d\u0435\u0434\u0432\u0438\u0436\u0438\u043c\u043e\u0441\u0442\u0438 \u0432\u043e\u043f\u0440\u043e\u0441\u044b.<\/p>\n<p>\u041c\u044b \u043a\u043e\u043d\u0441\u0443\u043b\u044c\u0442\u0438\u0440\u0443\u0435\u043c \u0412\u0430\u0441 \u043f\u0440\u0438 \u043e\u0431\u0448\u0438\u0440\u043d\u043e\u043c \u0441\u043e\u043e\u0440\u0443\u0436\u0435\u043d\u0438\u0438 \u043d\u043e\u0432\u043e\u0433\u043e \u043a\u043e\u043c\u043c\u0435\u0440\u0447\u0435\u0441\u043a\u043e\u0433\u043e \u0441\u0443\u0449\u0435\u0441\u0442\u0432\u043e\u0432\u0430\u043d\u0438\u044f \u043f\u043e \u043f\u043e\u0432\u043e\u0434\u0443 \u0432\u0441\u0435\u0445 \u0437\u0430\u043a\u043e\u043d\u043d\u044b\u0445 \u0438 \u043d\u0430\u043b\u043e\u0433\u043e\u0432\u044b\u0445 \u0430\u0441\u043f\u0435\u043a\u0442\u043e\u0432. \u041c\u044b \u043f\u043e\u043c\u043e\u0433\u0430\u0435\u043c \u0412\u0430\u043c \u0432 \u043e\u0441\u043d\u043e\u0432\u0430\u043d\u0438\u0438 \u043d\u043e\u0432\u043e\u0433\u043e \u043e\u0431\u0449\u0435\u0441\u0442\u0432\u0430, \u0430 \u0442\u0430\u043a\u0436\u0435 \u0438\u0445 \u0440\u0435\u0433\u0438\u0441\u0442\u0440\u0430\u0446\u0438\u044f \u0432 \u0442\u043e\u0440\u0433\u043e\u0432\u043e\u043c \u0440\u0435\u0435\u0441\u0442\u0440\u0435 \u0438 \u043f\u0440\u043e\u043c\u044b\u0448\u043b\u0435\u043d\u043d\u043e\u0439 \u0440\u0435\u0433\u0438\u0441\u0442\u0440\u0430\u0446\u0438\u0438.<\/p>\n<p>\u0413\u043e\u0441\u043f\u043e\u0436\u0430 \u0430\u0434\u0432\u043e\u043a\u0430\u0442 \u0417\u0430\u0439\u0434\u0435\u043b\u044c \u0437\u0430\u043d\u0438\u043c\u0430\u0435\u0442\u0441\u044f \u0442\u0430\u043a\u0436\u0435 \u043f\u043e \u0432\u0441\u0435\u043c \u0432\u043e\u043f\u0440\u043e\u0441\u0430\u043c \u043d\u0435\u0434\u0432\u0438\u0436\u0438\u043c\u043e\u0441\u0442\u0438, \u043e\u0431\u0449\u0435\u0441\u0442\u0432\u0435\u043d\u043d\u043e-\u043f\u0440\u0430\u0432\u043e\u0432\u044b\u0445 \u0438 \u043a\u0430\u0441\u0430\u044e\u0449\u0438\u0445\u0441\u044f \u043d\u0430\u0441\u043b\u0435\u0434\u0441\u0442\u0432\u0435\u043d\u043d\u043e\u0433\u043e \u043f\u0440\u0430\u0432\u0430. \u0413\u043e\u0441\u043f\u043e\u0436\u0430 \u0417\u0430\u0439\u0434\u0435\u043b\u044c \u043f\u043e\u043c\u043e\u0433\u0430\u0435\u0442 \u0412\u0430\u043c \u0432 \u043b\u0435\u0433\u0430\u043b\u0438\u0437\u0430\u0446\u0438[\/vc_column_text][\/vc_column][\/vc_row][vc_row type=&#187;in_container&#187; full_screen_row_position=&#187;middle&#187; column_margin=&#187;default&#187; column_direction=&#187;default&#187; column_direction_tablet=&#187;default&#187; column_direction_phone=&#187;default&#187; scene_position=&#187;center&#187; top_padding=&#187;4%&#187; bottom_padding=&#187;4%&#187; text_color=&#187;dark&#187; text_align=&#187;left&#187; row_border_radius=&#187;none&#187; row_border_radius_applies=&#187;bg&#187; overlay_strength=&#187;0.3&#8243; gradient_direction=&#187;left_to_right&#187; shape_divider_position=&#187;bottom&#187; bg_image_animation=&#187;none&#187; shape_type=&#187;&#187;][vc_column column_padding=&#187;no-extra-padding&#187; column_padding_tablet=&#187;inherit&#187; column_padding_phone=&#187;inherit&#187; column_padding_position=&#187;all&#187; column_element_spacing=&#187;default&#187; background_color_opacity=&#187;1&#8243; background_hover_color_opacity=&#187;1&#8243; column_shadow=&#187;none&#187; column_border_radius=&#187;none&#187; column_link_target=&#187;_self&#187; gradient_direction=&#187;left_to_right&#187; overlay_strength=&#187;0.3&#8243; width=&#187;1\/2&#8243; tablet_width_inherit=&#187;default&#187; tablet_text_alignment=&#187;default&#187; phone_text_alignment=&#187;default&#187; bg_image_animation=&#187;none&#187; border_type=&#187;simple&#187; column_border_width=&#187;none&#187; column_border_style=&#187;solid&#187;][vc_column_text]\n<h2>\u041a\u043e\u043d\u0441\u0443\u043b\u044c\u0442\u0430\u0446\u0438\u043e\u043d\u043d\u044b\u0435 \u0441\u043b\u0443\u0436\u0431\u044b<\/h2>\n<p><strong>\u041d\u0430\u0434\u0435\u0436\u043d\u043e\u0441\u0442\u044c \u0438 \u043a\u043e\u043d\u0442\u0440\u043e\u043b\u044c<\/strong><\/p>\n<p>\u041c\u044b \u0433\u0430\u0440\u0430\u043d\u0442\u0438\u0440\u0443\u0435\u043c \u043d\u0430\u0448\u0438\u043c \u043a\u043b\u0438\u0435\u043d\u0442\u0430\u043c \u0443\u0432\u0435\u0440\u0435\u043d\u043d\u043e\u0435 \u043e\u0431\u0440\u0430\u0449\u0435\u043d\u0438\u0435 \u043e\u0442\u043d\u043e\u0441\u0438\u0442\u0435\u043b\u044c\u043d\u043e \u0438\u0445 \u043b\u0438\u0447\u043d\u044b\u0445 \u0434\u0430\u043d\u043d\u044b\u0445 \u0438 \u043f\u043e\u0441\u0442\u043e\u044f\u043d\u043d\u044b\u0439 \u043a\u043e\u043d\u0442\u0440\u043e\u043b\u044c \u043a\u0430\u0447\u0435\u0441\u0442\u0432\u0430 \u0431\u043b\u0430\u0433\u043e\u0434\u0430\u0440\u044f \u043d\u0430\u0448\u0438\u043c \u043a\u043e\u043b\u043b\u0435\u0433\u0430\u043c \u0438 \u043f\u0430\u0440\u0442\u043d\u0435\u0440\u0430\u043c.<\/p>\n<p><strong>\u041c\u0435\u043d\u0435\u0434\u0436\u043c\u0435\u043d\u0442 \u0438 \u0440\u0430\u0437\u0432\u0438\u0442\u0438\u0435<\/strong><\/p>\n<p>Nuestros abogados se mantienen constantemente informados sobre las reformas legales y la jurisprudencia actual para poder garantizar resultados \u00f3ptimos a nuestros clientes. A trav\u00e9s de una gesti\u00f3n eficiente y trayectos de comunicaci\u00f3n cortos logramos soluciones a todas las cuestiones con eficacia.[\/vc_column_text][\/vc_column][vc_column column_padding=&#187;no-extra-padding&#187; column_padding_tablet=&#187;inherit&#187; column_padding_phone=&#187;inherit&#187; column_padding_position=&#187;all&#187; column_element_spacing=&#187;default&#187; background_color_opacity=&#187;1&#8243; background_hover_color_opacity=&#187;1&#8243; column_shadow=&#187;none&#187; column_border_radius=&#187;none&#187; column_link_target=&#187;_self&#187; gradient_direction=&#187;left_to_right&#187; overlay_strength=&#187;0.3&#8243; width=&#187;1\/2&#8243; tablet_width_inherit=&#187;default&#187; tablet_text_alignment=&#187;default&#187; phone_text_alignment=&#187;default&#187; bg_image_animation=&#187;none&#187; border_type=&#187;simple&#187; column_border_width=&#187;none&#187; column_border_style=&#187;solid&#187;][image_with_animation image_url=&#187;806&#8243; animation=&#187;Fade In&#187; hover_animation=&#187;none&#187; alignment=&#187;&#187; border_radius=&#187;none&#187; box_shadow=&#187;none&#187; image_loading=&#187;default&#187; max_width=&#187;100%&#187; max_width_mobile=&#187;default&#187;][\/vc_column][\/vc_row]\n","protected":false},"excerpt":{"rendered":"<p>[vc_row type=&#187;in_container&#187; full_screen_row_position=&#187;middle&#187; column_margin=&#187;default&#187; column_direction=&#187;default&#187; column_direction_tablet=&#187;default&#187; column_direction_phone=&#187;default&#187; scene_position=&#187;center&#187; top_padding=&#187;4%&#187; bottom_padding=&#187;4%&#187; text_color=&#187;dark&#187; text_align=&#187;left&#187; row_border_radius=&#187;none&#187; row_border_radius_applies=&#187;bg&#187; overlay_strength=&#187;0.3&#8243; gradient_direction=&#187;left_to_right&#187; shape_divider_position=&#187;bottom&#187; bg_image_animation=&#187;none&#187; shape_type=&#187;&#187;][vc_column column_padding=&#187;no-extra-padding&#187; column_padding_tablet=&#187;inherit&#187; column_padding_phone=&#187;inherit&#187; column_padding_position=&#187;all&#187; column_element_spacing=&#187;default&#187; background_color_opacity=&#187;1&#8243; background_hover_color_opacity=&#187;1&#8243; column_shadow=&#187;none&#187; column_border_radius=&#187;none&#187; column_link_target=&#187;_self&#187; gradient_direction=&#187;left_to_right&#187;&#8230;<\/p>\n","protected":false},"author":1,"featured_media":0,"parent":0,"menu_order":0,"comment_status":"closed","ping_status":"closed","template":"","meta":[],"yoast_head":"<!-- This site is optimized with the Yoast SEO plugin v19.4 - https:\/\/yoast.com\/wordpress\/plugins\/seo\/ -->\n<title>\u043a\u043e\u043d\u0441\u0443\u043b\u044c\u0442\u0438\u0440\u043e\u0432\u0430\u043d\u0438\u0435 - Mallorca Anwalt<\/title>\n<meta name=\"robots\" content=\"index, follow, max-snippet:-1, max-image-preview:large, max-video-preview:-1\" \/>\n<link rel=\"canonical\" href=\"https:\/\/mallorca-anwalt.com\/ru\/mn-consultoria\/\" \/>\n<meta property=\"og:locale\" content=\"ru_RU\" \/>\n<meta property=\"og:type\" content=\"article\" \/>\n<meta property=\"og:title\" content=\"\u043a\u043e\u043d\u0441\u0443\u043b\u044c\u0442\u0438\u0440\u043e\u0432\u0430\u043d\u0438\u0435 - Mallorca Anwalt\" \/>\n<meta property=\"og:description\" content=\"[vc_row type=&#187;in_container&#187; full_screen_row_position=&#187;middle&#187; column_margin=&#187;default&#187; column_direction=&#187;default&#187; column_direction_tablet=&#187;default&#187; column_direction_phone=&#187;default&#187; scene_position=&#187;center&#187; top_padding=&#187;4%&#187; bottom_padding=&#187;4%&#187; text_color=&#187;dark&#187; text_align=&#187;left&#187; row_border_radius=&#187;none&#187; row_border_radius_applies=&#187;bg&#187; overlay_strength=&#187;0.3&#8243; gradient_direction=&#187;left_to_right&#187; shape_divider_position=&#187;bottom&#187; bg_image_animation=&#187;none&#187; shape_type=&#187;&#187;][vc_column column_padding=&#187;no-extra-padding&#187; column_padding_tablet=&#187;inherit&#187; column_padding_phone=&#187;inherit&#187; column_padding_position=&#187;all&#187; column_element_spacing=&#187;default&#187; background_color_opacity=&#187;1&#8243; background_hover_color_opacity=&#187;1&#8243; column_shadow=&#187;none&#187; column_border_radius=&#187;none&#187; column_link_target=&#187;_self&#187; gradient_direction=&#187;left_to_right&#187;...\" \/>\n<meta property=\"og:url\" content=\"https:\/\/mallorca-anwalt.com\/ru\/mn-consultoria\/\" \/>\n<meta property=\"og:site_name\" content=\"Mallorca Anwalt\" \/>\n<meta property=\"article:modified_time\" content=\"2021-12-14T11:17:59+00:00\" \/>\n<meta name=\"twitter:card\" content=\"summary_large_image\" \/>\n<meta name=\"twitter:label1\" content=\"\u041f\u0440\u0438\u043c\u0435\u0440\u043d\u043e\u0435 \u0432\u0440\u0435\u043c\u044f \u0434\u043b\u044f \u0447\u0442\u0435\u043d\u0438\u044f\" \/>\n\t<meta name=\"twitter:data1\" content=\"2 \u043c\u0438\u043d\u0443\u0442\u044b\" \/>\n<script type=\"application\/ld+json\" class=\"yoast-schema-graph\">{\"@context\":\"https:\/\/schema.org\",\"@graph\":[{\"@type\":\"WebSite\",\"@id\":\"https:\/\/mallorca-anwalt.com\/#website\",\"url\":\"https:\/\/mallorca-anwalt.com\/\",\"name\":\"Mallorca Anwalt\",\"description\":\"Rechtsanwalt Mallorca &amp; Ibiza , Gerboth &amp; Partner\",\"potentialAction\":[{\"@type\":\"SearchAction\",\"target\":{\"@type\":\"EntryPoint\",\"urlTemplate\":\"https:\/\/mallorca-anwalt.com\/?s={search_term_string}\"},\"query-input\":\"required name=search_term_string\"}],\"inLanguage\":\"ru-RU\"},{\"@type\":\"WebPage\",\"@id\":\"https:\/\/mallorca-anwalt.com\/ru\/mn-consultoria\/\",\"url\":\"https:\/\/mallorca-anwalt.com\/ru\/mn-consultoria\/\",\"name\":\"\u043a\u043e\u043d\u0441\u0443\u043b\u044c\u0442\u0438\u0440\u043e\u0432\u0430\u043d\u0438\u0435 - Mallorca Anwalt\",\"isPartOf\":{\"@id\":\"https:\/\/mallorca-anwalt.com\/#website\"},\"datePublished\":\"2021-11-22T11:48:44+00:00\",\"dateModified\":\"2021-12-14T11:17:59+00:00\",\"breadcrumb\":{\"@id\":\"https:\/\/mallorca-anwalt.com\/ru\/mn-consultoria\/#breadcrumb\"},\"inLanguage\":\"ru-RU\",\"potentialAction\":[{\"@type\":\"ReadAction\",\"target\":[\"https:\/\/mallorca-anwalt.com\/ru\/mn-consultoria\/\"]}]},{\"@type\":\"BreadcrumbList\",\"@id\":\"https:\/\/mallorca-anwalt.com\/ru\/mn-consultoria\/#breadcrumb\",\"itemListElement\":[{\"@type\":\"ListItem\",\"position\":1,\"name\":\"Portada\",\"item\":\"https:\/\/mallorca-anwalt.com\/ru\/\"},{\"@type\":\"ListItem\",\"position\":2,\"name\":\"\u043a\u043e\u043d\u0441\u0443\u043b\u044c\u0442\u0438\u0440\u043e\u0432\u0430\u043d\u0438\u0435\"}]}]}<\/script>\n<!-- \/ Yoast SEO plugin. -->","yoast_head_json":{"title":"\u043a\u043e\u043d\u0441\u0443\u043b\u044c\u0442\u0438\u0440\u043e\u0432\u0430\u043d\u0438\u0435 - Mallorca Anwalt","robots":{"index":"index","follow":"follow","max-snippet":"max-snippet:-1","max-image-preview":"max-image-preview:large","max-video-preview":"max-video-preview:-1"},"canonical":"https:\/\/mallorca-anwalt.com\/ru\/mn-consultoria\/","og_locale":"ru_RU","og_type":"article","og_title":"\u043a\u043e\u043d\u0441\u0443\u043b\u044c\u0442\u0438\u0440\u043e\u0432\u0430\u043d\u0438\u0435 - Mallorca Anwalt","og_description":"[vc_row type=&#187;in_container&#187; full_screen_row_position=&#187;middle&#187; column_margin=&#187;default&#187; column_direction=&#187;default&#187; column_direction_tablet=&#187;default&#187; column_direction_phone=&#187;default&#187; scene_position=&#187;center&#187; top_padding=&#187;4%&#187; bottom_padding=&#187;4%&#187; text_color=&#187;dark&#187; text_align=&#187;left&#187; row_border_radius=&#187;none&#187; row_border_radius_applies=&#187;bg&#187; overlay_strength=&#187;0.3&#8243; gradient_direction=&#187;left_to_right&#187; shape_divider_position=&#187;bottom&#187; bg_image_animation=&#187;none&#187; shape_type=&#187;&#187;][vc_column column_padding=&#187;no-extra-padding&#187; column_padding_tablet=&#187;inherit&#187; column_padding_phone=&#187;inherit&#187; column_padding_position=&#187;all&#187; column_element_spacing=&#187;default&#187; background_color_opacity=&#187;1&#8243; background_hover_color_opacity=&#187;1&#8243; column_shadow=&#187;none&#187; column_border_radius=&#187;none&#187; column_link_target=&#187;_self&#187; gradient_direction=&#187;left_to_right&#187;...","og_url":"https:\/\/mallorca-anwalt.com\/ru\/mn-consultoria\/","og_site_name":"Mallorca Anwalt","article_modified_time":"2021-12-14T11:17:59+00:00","twitter_card":"summary_large_image","twitter_misc":{"\u041f\u0440\u0438\u043c\u0435\u0440\u043d\u043e\u0435 \u0432\u0440\u0435\u043c\u044f \u0434\u043b\u044f \u0447\u0442\u0435\u043d\u0438\u044f":"2 \u043c\u0438\u043d\u0443\u0442\u044b"},"schema":{"@context":"https:\/\/schema.org","@graph":[{"@type":"WebSite","@id":"https:\/\/mallorca-anwalt.com\/#website","url":"https:\/\/mallorca-anwalt.com\/","name":"Mallorca Anwalt","description":"Rechtsanwalt Mallorca &amp; Ibiza , Gerboth &amp; Partner","potentialAction":[{"@type":"SearchAction","target":{"@type":"EntryPoint","urlTemplate":"https:\/\/mallorca-anwalt.com\/?s={search_term_string}"},"query-input":"required name=search_term_string"}],"inLanguage":"ru-RU"},{"@type":"WebPage","@id":"https:\/\/mallorca-anwalt.com\/ru\/mn-consultoria\/","url":"https:\/\/mallorca-anwalt.com\/ru\/mn-consultoria\/","name":"\u043a\u043e\u043d\u0441\u0443\u043b\u044c\u0442\u0438\u0440\u043e\u0432\u0430\u043d\u0438\u0435 - Mallorca Anwalt","isPartOf":{"@id":"https:\/\/mallorca-anwalt.com\/#website"},"datePublished":"2021-11-22T11:48:44+00:00","dateModified":"2021-12-14T11:17:59+00:00","breadcrumb":{"@id":"https:\/\/mallorca-anwalt.com\/ru\/mn-consultoria\/#breadcrumb"},"inLanguage":"ru-RU","potentialAction":[{"@type":"ReadAction","target":["https:\/\/mallorca-anwalt.com\/ru\/mn-consultoria\/"]}]},{"@type":"BreadcrumbList","@id":"https:\/\/mallorca-anwalt.com\/ru\/mn-consultoria\/#breadcrumb","itemListElement":[{"@type":"ListItem","position":1,"name":"Portada","item":"https:\/\/mallorca-anwalt.com\/ru\/"},{"@type":"ListItem","position":2,"name":"\u043a\u043e\u043d\u0441\u0443\u043b\u044c\u0442\u0438\u0440\u043e\u0432\u0430\u043d\u0438\u0435"}]}]}},"_links":{"self":[{"href":"https:\/\/mallorca-anwalt.com\/ru\/wp-json\/wp\/v2\/pages\/1043"}],"collection":[{"href":"https:\/\/mallorca-anwalt.com\/ru\/wp-json\/wp\/v2\/pages"}],"about":[{"href":"https:\/\/mallorca-anwalt.com\/ru\/wp-json\/wp\/v2\/types\/page"}],"author":[{"embeddable":true,"href":"https:\/\/mallorca-anwalt.com\/ru\/wp-json\/wp\/v2\/users\/1"}],"replies":[{"embeddable":true,"href":"https:\/\/mallorca-anwalt.com\/ru\/wp-json\/wp\/v2\/comments?post=1043"}],"version-history":[{"count":1,"href":"https:\/\/mallorca-anwalt.com\/ru\/wp-json\/wp\/v2\/pages\/1043\/revisions"}],"predecessor-version":[{"id":1109,"href":"https:\/\/mallorca-anwalt.com\/ru\/wp-json\/wp\/v2\/pages\/1043\/revisions\/1109"}],"wp:attachment":[{"href":"https:\/\/mallorca-anwalt.com\/ru\/wp-json\/wp\/v2\/media?parent=1043"}],"curies":[{"name":"wp","href":"https:\/\/api.w.org\/{rel}","templated":true}]}}