{"id":1087,"date":"2021-11-22T12:00:47","date_gmt":"2021-11-22T12:00:47","guid":{"rendered":"http:\/\/mallorca-anwalt.com\/resenas\/"},"modified":"2025-04-30T16:31:27","modified_gmt":"2025-04-30T16:31:27","slug":"resenas","status":"publish","type":"page","link":"https:\/\/mallorca-anwalt.com\/ru\/resenas\/","title":{"rendered":"\u041e\u0422\u0417\u042b\u0412\u042b"},"content":{"rendered":"[vc_row type=&#187;in_container&#187; full_screen_row_position=&#187;middle&#187; column_margin=&#187;default&#187; column_direction=&#187;default&#187; column_direction_tablet=&#187;default&#187; column_direction_phone=&#187;default&#187; scene_position=&#187;center&#187; top_padding=&#187;4%&#187; bottom_padding=&#187;4%&#187; text_color=&#187;dark&#187; text_align=&#187;left&#187; row_border_radius=&#187;none&#187; row_border_radius_applies=&#187;bg&#187; overlay_strength=&#187;0.3&#8243; gradient_direction=&#187;left_to_right&#187; shape_divider_position=&#187;bottom&#187; bg_image_animation=&#187;none&#187; shape_type=&#187;&#187;][vc_column column_padding=&#187;no-extra-padding&#187; column_padding_tablet=&#187;inherit&#187; column_padding_phone=&#187;inherit&#187; column_padding_position=&#187;all&#187; column_element_spacing=&#187;default&#187; background_color_opacity=&#187;1&#8243; background_hover_color_opacity=&#187;1&#8243; column_shadow=&#187;none&#187; column_border_radius=&#187;none&#187; column_link_target=&#187;_self&#187; gradient_direction=&#187;left_to_right&#187; overlay_strength=&#187;0.3&#8243; width=&#187;1\/2&#8243; tablet_width_inherit=&#187;default&#187; tablet_text_alignment=&#187;default&#187; phone_text_alignment=&#187;default&#187; bg_image_animation=&#187;none&#187; border_type=&#187;simple&#187; column_border_width=&#187;none&#187; column_border_style=&#187;solid&#187;][image_with_animation image_url=&#187;816&#8243; animation=&#187;Fade In&#187; hover_animation=&#187;none&#187; alignment=&#187;&#187; border_radius=&#187;none&#187; box_shadow=&#187;none&#187; image_loading=&#187;default&#187; max_width=&#187;100%&#187; max_width_mobile=&#187;default&#187;][\/vc_column][vc_column column_padding=&#187;no-extra-padding&#187; column_padding_tablet=&#187;inherit&#187; column_padding_phone=&#187;inherit&#187; column_padding_position=&#187;all&#187; column_element_spacing=&#187;default&#187; background_color_opacity=&#187;1&#8243; background_hover_color_opacity=&#187;1&#8243; column_shadow=&#187;none&#187; column_border_radius=&#187;none&#187; column_link_target=&#187;_self&#187; gradient_direction=&#187;left_to_right&#187; overlay_strength=&#187;0.3&#8243; width=&#187;1\/2&#8243; tablet_width_inherit=&#187;default&#187; tablet_text_alignment=&#187;default&#187; phone_text_alignment=&#187;default&#187; bg_image_animation=&#187;none&#187; border_type=&#187;simple&#187; column_border_width=&#187;none&#187; column_border_style=&#187;solid&#187;][vc_column_text]\n<ul>\n<li><a href=\"http:\/\/mallorca-anwalt.com\/wp-content\/uploads\/2021\/11\/mz-19.08.2010-vertrge.pdf\" target=\"_blank\" rel=\"noopener\">Agosto de 2010<\/a><\/li>\n<li><a href=\"http:\/\/mallorca-anwalt.com\/wp-content\/uploads\/2021\/11\/aeem-300x153-1.jpg\" target=\"_blank\" rel=\"noopener\">Con el Sr. Jos\u00e9 Ram\u00f3n Bauz\u00e1<\/a><\/li>\n<li><a href=\"http:\/\/mallorca-anwalt.com\/wp-content\/uploads\/2021\/11\/elaviso-august-2010-immobilien-vererben3.pdf\" target=\"_blank\" rel=\"noopener\">El aviso \u2013 agosto de 2010<\/a><\/li>\n<li><a href=\"http:\/\/mallorca-anwalt.com\/wp-content\/uploads\/2021\/11\/elaviso_02_2011-jagd-nach-dem-schuldner1.pdf\" target=\"_blank\" rel=\"noopener\">El aviso \u2013 febrero de 2011<\/a><\/li>\n<li><a href=\"http:\/\/mallorca-anwalt.com\/wp-content\/uploads\/2021\/11\/elaviso-juli-2010-immobilienerwerb-wie-erwirbt-man-wohnungseigentum1.pdf\" target=\"_blank\" rel=\"noopener\">El aviso \u2013 julio de 2010<\/a><\/li>\n<li><a href=\"http:\/\/mallorca-anwalt.com\/wp-content\/uploads\/2021\/11\/elaviso-juni-2010-andratx.pdf\" target=\"_blank\" rel=\"noopener\">El aviso \u2013 junio de 2010<\/a><\/li>\n<li><a href=\"http:\/\/mallorca-anwalt.com\/wp-content\/uploads\/2021\/11\/el-aviso.com-mai-2010-1.pdf\" target=\"_blank\" rel=\"noopener\">El aviso \u2013 mayo de 2010<\/a><\/li>\n<li><a href=\"http:\/\/mallorca-anwalt.com\/wp-content\/uploads\/2021\/11\/elaviso09_2010_heike-mehr-rechte-fuer-ledige-papas1.pdf\" target=\"_blank\" rel=\"noopener\">El aviso \u2013 septiembre de 2010<\/a><\/li>\n<li><a href=\"http:\/\/mallorca-anwalt.com\/wp-content\/uploads\/2021\/11\/wenn-das-neue-inselhaus-nicht-fertig-wird-mz-270111.pdf\" target=\"_blank\" rel=\"noopener\">Enero de 2011<\/a><\/li>\n<li><a href=\"http:\/\/mallorca-anwalt.com\/wp-content\/uploads\/2021\/11\/mz-300611.pdf\" target=\"_blank\" rel=\"noopener\">Junio de 2011<\/a><\/li>\n<li><a href=\"http:\/\/mallorca-anwalt.com\/wp-content\/uploads\/2021\/11\/ABOGADO-DIC-14-V3-p1.jpg\" target=\"_blank\" rel=\"noopener\">Top Casa \u2013 12\/2014 \u2013 Su camino hacia la felicidad en la adquisici\u00f3n de su inmueble<\/a><\/li>\n<li><a href=\"http:\/\/mallorca-anwalt.com\/wp-content\/uploads\/2021\/11\/1-300x247-1.jpg\" target=\"_blank\" rel=\"noopener\">peri\u00f3dico<\/a><\/li>\n<li><a href=\"http:\/\/mallorca-anwalt.com\/wp-content\/uploads\/2021\/11\/GERBOTH-ABOGADOS-DIC-16.pdf\" target=\"_blank\" rel=\"noopener\">PATRIMONIO EN ESPA\u00d1A<\/a><\/li>\n<li><a href=\"https:\/\/mallorca-anwalt.com\/wp-content\/uploads\/2025\/04\/Pereezd_Mallorca_Gerboth_RU.pdf\">\u041f\u0435\u0440\u0435\u0435\u0437\u0434 \u043d\u0430 \u041c\u0430\u0439\u043e\u0440\u043a\u0443 \u0441 \u043f\u043e\u043c\u043e\u0449\u044c\u044e \u043a\u043e\u043c\u0430\u043d\u0434\u044b Gerboth &amp; Partner<\/a><\/li>\n<li><a href=\"https:\/\/mallorca-anwalt.com\/wp-content\/uploads\/2025\/04\/\u041b\u0435\u0433\u0430\u043b\u0438\u0437\u0430\u0446\u0438\u044f_\u0411\u0430\u043b\u0435\u0430\u0440\u044b_\u0417\u0430\u043a\u043e\u043d_72024_RU.pdf\">\u0421\u043a\u0430\u0447\u0430\u0442\u044c &#171;\u041b\u0435\u0433\u0430\u043b\u0438\u0437\u0430\u0446\u0438\u044f \u043f\u043e\u0441\u0442\u0440\u043e\u0435\u043a \u043d\u0430 \u0411\u0430\u043b\u0435\u0430\u0440\u0441\u043a\u0438\u0445 \u043e\u0441\u0442\u0440\u043e\u0432\u0430\u0445 \u2014 \u0417\u0430\u043a\u043e\u043d 7\/2024<\/a><\/li>\n<li><a href=\"https:\/\/mallorca-anwalt.com\/wp-content\/uploads\/2025\/04\/\u0420\u0430\u0437\u043b\u0438\u0447\u0438\u044f_\u043d\u0430\u0441\u043b\u0435\u0434\u0441\u0442\u0432\u0435\u043d\u043d\u043e\u0435_\u043f\u0440\u0430\u0432\u043e_RU.pdf\">\u041e\u0441\u043d\u043e\u0432\u043d\u044b\u0435 \u0440\u0430\u0437\u043b\u0438\u0447\u0438\u044f \u043c\u0435\u0436\u0434\u0443 \u0438\u0441\u043f\u0430\u043d\u0441\u043a\u0438\u043c \u0438 \u043d\u0435\u043c\u0435\u0446\u043a\u0438\u043c \u043d\u0430\u0441\u043b\u0435\u0434\u0441\u0442\u0432\u0435\u043d\u043d\u044b\u043c \u043f\u0440\u0430\u0432\u043e\u043c \u2013 \u041e\u0431\u0449\u0438\u0439 \u043e\u0431\u0437\u043e\u0440<\/a><\/li>\n<li><a href=\"https:\/\/mallorca-anwalt.com\/wp-content\/uploads\/2025\/04\/\u0421\u043a\u0432\u043e\u0442\u0442\u0435\u0440\u044b_\u041c\u0430\u0439\u043e\u0440\u043a\u0430_\u041e\u0442\u0447\u0435\u0442_RU.pdf\">\u0421\u043a\u0432\u043e\u0442\u0442\u0435\u0440\u044b \u043d\u0430 \u041c\u0430\u0439\u043e\u0440\u043a\u0435: \u0427\u0442\u043e \u043d\u0443\u0436\u043d\u043e \u0437\u043d\u0430\u0442\u044c \u0438 \u0447\u0442\u043e \u043c\u043e\u0436\u043d\u043e \u043f\u0440\u0435\u0434\u043f\u0440\u0438\u043d\u044f\u0442\u044c<\/a><\/li>\n<\/ul>\n[\/vc_column_text][\/vc_column][\/vc_row]\n","protected":false},"excerpt":{"rendered":"<p>[vc_row type=&#187;in_container&#187; full_screen_row_position=&#187;middle&#187; column_margin=&#187;default&#187; column_direction=&#187;default&#187; column_direction_tablet=&#187;default&#187; column_direction_phone=&#187;default&#187; scene_position=&#187;center&#187; top_padding=&#187;4%&#187; bottom_padding=&#187;4%&#187; text_color=&#187;dark&#187; text_align=&#187;left&#187; row_border_radius=&#187;none&#187; row_border_radius_applies=&#187;bg&#187; overlay_strength=&#187;0.3&#8243; gradient_direction=&#187;left_to_right&#187; shape_divider_position=&#187;bottom&#187; bg_image_animation=&#187;none&#187; shape_type=&#187;&#187;][vc_column column_padding=&#187;no-extra-padding&#187; column_padding_tablet=&#187;inherit&#187; column_padding_phone=&#187;inherit&#187; column_padding_position=&#187;all&#187; column_element_spacing=&#187;default&#187; background_color_opacity=&#187;1&#8243; background_hover_color_opacity=&#187;1&#8243; column_shadow=&#187;none&#187; column_border_radius=&#187;none&#187; column_link_target=&#187;_self&#187; gradient_direction=&#187;left_to_right&#187;&#8230;<\/p>\n","protected":false},"author":1,"featured_media":0,"parent":0,"menu_order":0,"comment_status":"closed","ping_status":"closed","template":"","meta":[],"yoast_head":"<!-- This site is optimized with the Yoast SEO plugin v19.4 - https:\/\/yoast.com\/wordpress\/plugins\/seo\/ -->\n<title>\u041e\u0422\u0417\u042b\u0412\u042b - Mallorca Anwalt<\/title>\n<meta name=\"robots\" content=\"index, follow, max-snippet:-1, max-image-preview:large, max-video-preview:-1\" \/>\n<link rel=\"canonical\" href=\"https:\/\/mallorca-anwalt.com\/ru\/resenas\/\" \/>\n<meta property=\"og:locale\" content=\"ru_RU\" \/>\n<meta property=\"og:type\" content=\"article\" \/>\n<meta property=\"og:title\" content=\"\u041e\u0422\u0417\u042b\u0412\u042b - Mallorca Anwalt\" \/>\n<meta property=\"og:description\" content=\"[vc_row type=&#187;in_container&#187; full_screen_row_position=&#187;middle&#187; column_margin=&#187;default&#187; column_direction=&#187;default&#187; column_direction_tablet=&#187;default&#187; column_direction_phone=&#187;default&#187; scene_position=&#187;center&#187; top_padding=&#187;4%&#187; bottom_padding=&#187;4%&#187; text_color=&#187;dark&#187; text_align=&#187;left&#187; row_border_radius=&#187;none&#187; row_border_radius_applies=&#187;bg&#187; overlay_strength=&#187;0.3&#8243; gradient_direction=&#187;left_to_right&#187; shape_divider_position=&#187;bottom&#187; bg_image_animation=&#187;none&#187; shape_type=&#187;&#187;][vc_column column_padding=&#187;no-extra-padding&#187; column_padding_tablet=&#187;inherit&#187; column_padding_phone=&#187;inherit&#187; column_padding_position=&#187;all&#187; column_element_spacing=&#187;default&#187; background_color_opacity=&#187;1&#8243; background_hover_color_opacity=&#187;1&#8243; column_shadow=&#187;none&#187; column_border_radius=&#187;none&#187; column_link_target=&#187;_self&#187; gradient_direction=&#187;left_to_right&#187;...\" \/>\n<meta property=\"og:url\" content=\"https:\/\/mallorca-anwalt.com\/ru\/resenas\/\" \/>\n<meta property=\"og:site_name\" content=\"Mallorca Anwalt\" \/>\n<meta property=\"article:modified_time\" content=\"2025-04-30T16:31:27+00:00\" \/>\n<meta name=\"twitter:card\" content=\"summary_large_image\" \/>\n<meta name=\"twitter:label1\" content=\"\u041f\u0440\u0438\u043c\u0435\u0440\u043d\u043e\u0435 \u0432\u0440\u0435\u043c\u044f \u0434\u043b\u044f \u0447\u0442\u0435\u043d\u0438\u044f\" \/>\n\t<meta name=\"twitter:data1\" content=\"1 \u043c\u0438\u043d\u0443\u0442\u0430\" \/>\n<script type=\"application\/ld+json\" class=\"yoast-schema-graph\">{\"@context\":\"https:\/\/schema.org\",\"@graph\":[{\"@type\":\"WebSite\",\"@id\":\"https:\/\/mallorca-anwalt.com\/#website\",\"url\":\"https:\/\/mallorca-anwalt.com\/\",\"name\":\"Mallorca Anwalt\",\"description\":\"Rechtsanwalt Mallorca &amp; Ibiza , Gerboth &amp; Partner\",\"potentialAction\":[{\"@type\":\"SearchAction\",\"target\":{\"@type\":\"EntryPoint\",\"urlTemplate\":\"https:\/\/mallorca-anwalt.com\/?s={search_term_string}\"},\"query-input\":\"required name=search_term_string\"}],\"inLanguage\":\"ru-RU\"},{\"@type\":\"WebPage\",\"@id\":\"https:\/\/mallorca-anwalt.com\/ru\/resenas\/\",\"url\":\"https:\/\/mallorca-anwalt.com\/ru\/resenas\/\",\"name\":\"\u041e\u0422\u0417\u042b\u0412\u042b - Mallorca Anwalt\",\"isPartOf\":{\"@id\":\"https:\/\/mallorca-anwalt.com\/#website\"},\"datePublished\":\"2021-11-22T12:00:47+00:00\",\"dateModified\":\"2025-04-30T16:31:27+00:00\",\"breadcrumb\":{\"@id\":\"https:\/\/mallorca-anwalt.com\/ru\/resenas\/#breadcrumb\"},\"inLanguage\":\"ru-RU\",\"potentialAction\":[{\"@type\":\"ReadAction\",\"target\":[\"https:\/\/mallorca-anwalt.com\/ru\/resenas\/\"]}]},{\"@type\":\"BreadcrumbList\",\"@id\":\"https:\/\/mallorca-anwalt.com\/ru\/resenas\/#breadcrumb\",\"itemListElement\":[{\"@type\":\"ListItem\",\"position\":1,\"name\":\"Portada\",\"item\":\"https:\/\/mallorca-anwalt.com\/ru\/\"},{\"@type\":\"ListItem\",\"position\":2,\"name\":\"\u041e\u0422\u0417\u042b\u0412\u042b\"}]}]}<\/script>\n<!-- \/ Yoast SEO plugin. -->","yoast_head_json":{"title":"\u041e\u0422\u0417\u042b\u0412\u042b - Mallorca Anwalt","robots":{"index":"index","follow":"follow","max-snippet":"max-snippet:-1","max-image-preview":"max-image-preview:large","max-video-preview":"max-video-preview:-1"},"canonical":"https:\/\/mallorca-anwalt.com\/ru\/resenas\/","og_locale":"ru_RU","og_type":"article","og_title":"\u041e\u0422\u0417\u042b\u0412\u042b - Mallorca Anwalt","og_description":"[vc_row type=&#187;in_container&#187; full_screen_row_position=&#187;middle&#187; column_margin=&#187;default&#187; column_direction=&#187;default&#187; column_direction_tablet=&#187;default&#187; column_direction_phone=&#187;default&#187; scene_position=&#187;center&#187; top_padding=&#187;4%&#187; bottom_padding=&#187;4%&#187; text_color=&#187;dark&#187; text_align=&#187;left&#187; row_border_radius=&#187;none&#187; row_border_radius_applies=&#187;bg&#187; overlay_strength=&#187;0.3&#8243; gradient_direction=&#187;left_to_right&#187; shape_divider_position=&#187;bottom&#187; bg_image_animation=&#187;none&#187; shape_type=&#187;&#187;][vc_column column_padding=&#187;no-extra-padding&#187; column_padding_tablet=&#187;inherit&#187; column_padding_phone=&#187;inherit&#187; column_padding_position=&#187;all&#187; column_element_spacing=&#187;default&#187; background_color_opacity=&#187;1&#8243; background_hover_color_opacity=&#187;1&#8243; column_shadow=&#187;none&#187; column_border_radius=&#187;none&#187; column_link_target=&#187;_self&#187; gradient_direction=&#187;left_to_right&#187;...","og_url":"https:\/\/mallorca-anwalt.com\/ru\/resenas\/","og_site_name":"Mallorca Anwalt","article_modified_time":"2025-04-30T16:31:27+00:00","twitter_card":"summary_large_image","twitter_misc":{"\u041f\u0440\u0438\u043c\u0435\u0440\u043d\u043e\u0435 \u0432\u0440\u0435\u043c\u044f \u0434\u043b\u044f \u0447\u0442\u0435\u043d\u0438\u044f":"1 \u043c\u0438\u043d\u0443\u0442\u0430"},"schema":{"@context":"https:\/\/schema.org","@graph":[{"@type":"WebSite","@id":"https:\/\/mallorca-anwalt.com\/#website","url":"https:\/\/mallorca-anwalt.com\/","name":"Mallorca Anwalt","description":"Rechtsanwalt Mallorca &amp; Ibiza , Gerboth &amp; Partner","potentialAction":[{"@type":"SearchAction","target":{"@type":"EntryPoint","urlTemplate":"https:\/\/mallorca-anwalt.com\/?s={search_term_string}"},"query-input":"required name=search_term_string"}],"inLanguage":"ru-RU"},{"@type":"WebPage","@id":"https:\/\/mallorca-anwalt.com\/ru\/resenas\/","url":"https:\/\/mallorca-anwalt.com\/ru\/resenas\/","name":"\u041e\u0422\u0417\u042b\u0412\u042b - Mallorca Anwalt","isPartOf":{"@id":"https:\/\/mallorca-anwalt.com\/#website"},"datePublished":"2021-11-22T12:00:47+00:00","dateModified":"2025-04-30T16:31:27+00:00","breadcrumb":{"@id":"https:\/\/mallorca-anwalt.com\/ru\/resenas\/#breadcrumb"},"inLanguage":"ru-RU","potentialAction":[{"@type":"ReadAction","target":["https:\/\/mallorca-anwalt.com\/ru\/resenas\/"]}]},{"@type":"BreadcrumbList","@id":"https:\/\/mallorca-anwalt.com\/ru\/resenas\/#breadcrumb","itemListElement":[{"@type":"ListItem","position":1,"name":"Portada","item":"https:\/\/mallorca-anwalt.com\/ru\/"},{"@type":"ListItem","position":2,"name":"\u041e\u0422\u0417\u042b\u0412\u042b"}]}]}},"_links":{"self":[{"href":"https:\/\/mallorca-anwalt.com\/ru\/wp-json\/wp\/v2\/pages\/1087"}],"collection":[{"href":"https:\/\/mallorca-anwalt.com\/ru\/wp-json\/wp\/v2\/pages"}],"about":[{"href":"https:\/\/mallorca-anwalt.com\/ru\/wp-json\/wp\/v2\/types\/page"}],"author":[{"embeddable":true,"href":"https:\/\/mallorca-anwalt.com\/ru\/wp-json\/wp\/v2\/users\/1"}],"replies":[{"embeddable":true,"href":"https:\/\/mallorca-anwalt.com\/ru\/wp-json\/wp\/v2\/comments?post=1087"}],"version-history":[{"count":7,"href":"https:\/\/mallorca-anwalt.com\/ru\/wp-json\/wp\/v2\/pages\/1087\/revisions"}],"predecessor-version":[{"id":1532,"href":"https:\/\/mallorca-anwalt.com\/ru\/wp-json\/wp\/v2\/pages\/1087\/revisions\/1532"}],"wp:attachment":[{"href":"https:\/\/mallorca-anwalt.com\/ru\/wp-json\/wp\/v2\/media?parent=1087"}],"curies":[{"name":"wp","href":"https:\/\/api.w.org\/{rel}","templated":true}]}}