{"id":969,"date":"2020-06-26T08:51:50","date_gmt":"2020-06-26T08:51:50","guid":{"rendered":"http:\/\/mallorca-anwalt.com\/aviso-legal\/"},"modified":"2022-03-16T12:33:41","modified_gmt":"2022-03-16T12:33:41","slug":"aviso-legal","status":"publish","type":"page","link":"https:\/\/mallorca-anwalt.com\/ru\/aviso-legal\/","title":{"rendered":"Aviso Legal"},"content":{"rendered":"<p><strong><u>AVISO LEGAL<\/u><\/strong><\/p>\n<p>De conformidad con lo dispuesto en los art\u00edculos 10 y 11 de la Ley 34\/ 2002, de 11 de julio, de Servicios de la Sociedad de la Informaci\u00f3n y de Comercio Electr\u00f3nico se pone a disposici\u00f3n de los usuarios y visitantes la informaci\u00f3n legal relativa a la entidad propietaria del sitio web ubicado en la direcci\u00f3n de Internet www.mallorcaanwalt.com<\/p>\n<p>Titular de la p\u00e1gina web.<\/p>\n<p>Denominaci\u00f3n social: EUROPEAN LAWYERS &amp; PARTNER, S.L.<\/p>\n<p>CIF\/NIF: B57776163<\/p>\n<p>Domicilio: AVDA. JAIME III, N\u00ba 3, 4\u00ba 2\u00aa 07012 PALMA DE MALLORCA, BALEARES<\/p>\n<p>Direcci\u00f3n de correo electr\u00f3nico: info@mallorca-anwalt.com<\/p>\n<p>Tel\u00e9fono: 971722494<\/p>\n<p>Actividad: Asesoramiento Jur\u00eddico, Contable, Fiscal y Labora<\/p>\n<p>Condiciones de uso:<\/p>\n<p>Para navegar en esta p\u00e1gina web como visitante o para registrarse y poder acceder a los servicios ofrecidos por EUROPEAN LAWYERS &amp; PARTNER, S.L., se deber\u00e1n aceptar las siguientes condiciones de servicio y uso:<\/p>\n<ol>\n<li>El usuario asume las presentes condiciones generales de uso y servicio de la p\u00e1gina webwww.mallorcaanwalt.com.<\/li>\n<\/ol>\n<p>Si el usuario no acepta las presentes condiciones, no podr\u00e1 hacer uso de los servicios y contenidos de la p\u00e1gina web www.mallorca-anwalt.com.<\/p>\n<ol>\n<li>Las presentes condiciones de uso regulan el acceso y utilizaci\u00f3n de la p\u00e1gina web www.mallorca-anwalt.com La utilizaci\u00f3n de esta web le atribuye la condici\u00f3n de usuario desde el acceso e inicio de la navegaci\u00f3n en la misma. Desde el momento de acceso a cualquiera de sus contenidos, el usuario acepta de manera expresa las presentes condiciones generales. El usuario acepta las condiciones particulares aplicables de los diferentes servicios que oferta la entidad en la web a la que accede.<\/li>\n<li>A trav\u00e9s de la p\u00e1gina web, www.mallorca-anwalt.com se facilita a los usuarios el acceso y la utilizaci\u00f3n de diversa informaci\u00f3n y diversos servicios.<\/li>\n<li>El usuario debe ser mayor de edad para utilizar los servicios de la web www.mallorca-anwalt.com. Los menores de 18 a\u00f1os s\u00f3lo podr\u00e1n utilizar los Servicios de la Web www.mallorca-anwalt.com bajo la supervisi\u00f3n de un progenitor o un tutor legal.<\/li>\n<li>El usuario se compromete a realizar un uso adecuado de los contenidos y servicios de la p\u00e1gina webwww. mallorca-anwalt.com. Este uso debe realizarse de conformidad con la Ley, las buenas costumbres, el orden p\u00fablico y con lo dispuesto en las presentes condiciones generales.<\/li>\n<li>Con car\u00e1cter general, para la prestaci\u00f3n de los servicios y el acceso a la informaci\u00f3n de la p\u00e1gina web no se exige la previa suscripci\u00f3n o registro del usuario. No obstante, EUROPEAN LAWYERS &amp; PARTNER, S.L. condiciona la utilizaci\u00f3n de algunos de los servicios, ofertados en la web a la previa cumplimentaci\u00f3n del correspondiente registro o formulario de recogida de datos de car\u00e1cter personal del usuario. El citado registro se efectuar\u00e1 en la forma expresamente indicada en el propio servicio o en las condiciones particulares que, en su caso, lo regulen.<\/li>\n<li>El usuario asume la obligaci\u00f3n de no realizar ninguna actuaci\u00f3n que pueda da\u00f1ar, inutilizar, hacer inaccesible o deteriorar los contenidos, los servicios y\/o impedir un normal disfrute de la p\u00e1gina web www. mallorca-anwalt.com por otros usuarios. En particular, y a t\u00edtulo meramente enunciativo y no limitativo, el usuario se compromete a:<\/li>\n<\/ol>\n<p>No realizar ninguna acci\u00f3n que pueda afectar, destruir, alterar, inutilizar o da\u00f1ar datos de car\u00e1cter personal, programas o documentos electr\u00f3nicos que se encuentren en la web.<\/p>\n<p>No introducir, almacenar o difundir ning\u00fan programa de ordenador, datos, virus o c\u00f3digo que sea susceptible de causar da\u00f1os en la p\u00e1gina web, en cualquiera de los servicios, o en cualquiera de los equipos, sistemas o redes de la entidad, de cualquier otro usuario y\/o de cualquier proveedor de la entidad.<\/p>\n<p>Modificaciones.<\/p>\n<p>La entidad se reserva el derecho a modificar, unilateralmente, en cualquier momento y sin previo aviso las presentes condiciones. En estos casos se proceder\u00e1 a su publicaci\u00f3n y aviso con la m\u00e1xima antelaci\u00f3n posible. De igual modo, se reserva el derecho a modificar, unilateralmente, en cualquier momento y sin previo aviso, la presentaci\u00f3n y configuraci\u00f3n de la web.<\/p>\n<p>Enlaces con terceros.<\/p>\n<p>El presente Aviso Legal se refiere \u00fanicamente a la p\u00e1gina web, y no se aplica a los enlaces o a las p\u00e1ginas web de terceros accesibles a trav\u00e9s de la p\u00e1gina web. La entidad no es responsable del contenido de ninguna de las p\u00e1ginas web de destino de un enlace, ni de ning\u00fan enlace incluido en una p\u00e1gina web a la que se llegue desde la web de la entidad.<\/p>\n<p>Propiedad Intelectual.<\/p>\n<p>Todos los contenidos de la p\u00e1gina web son titularidad exclusiva de la entidad y, con car\u00e1cter enunciativo, que no limitativo, el dise\u00f1o gr\u00e1fico, c\u00f3digo fuente, logos, textos, gr\u00e1ficos, ilustraciones, fotograf\u00edas, y dem\u00e1s elementos que aparecen en la p\u00e1gina web. As\u00ed mismo los nombres comerciales, marcas o signos distintivos de cualquier clase contenidos en la p\u00e1gina web est\u00e1n protegidos por la Ley de propiedad intelectual e industrial. Corresponde a la entidad el ejercicio exclusivo de los derechos de explotaci\u00f3n de la propiedad intelectual mencionada, en cualquier forma y, en especial, los derechos de reproducci\u00f3n, distribuci\u00f3n y comunicaci\u00f3n p\u00fablica. El usuario tiene prohibido cualquier uso no consentido total o parcial de cualquiera de los contenidos de la p\u00e1gina web que integran los derechos de propiedad intelectual o industrial de la entidad sobre la p\u00e1gina y\/o sus contenidos.<\/p>\n<p>&nbsp;<\/p>\n<p>La entidad se reserva el derecho a realizar cualquier tipo de acci\u00f3n legal contra cualquier usuario que realice una acci\u00f3n que implique reproducci\u00f3n, distribuci\u00f3n, comercializaci\u00f3n, transformaci\u00f3n y, en general, cualquier otra forma de explotaci\u00f3n, por cualquier procedimiento, de todo o parte de los contenidos de la p\u00e1gina web, y que constituya una infracci\u00f3n de los derechos de propiedad intelectual y\/o industrial de la misma.<\/p>\n<p>Notificaciones.<\/p>\n<p>A los efectos de las presentes condiciones generales, y para cualquier comunicaci\u00f3n que sea precisa entre la entidad y el usuario, este \u00faltimo deber\u00e1 hacer uso del correo electr\u00f3nico info@mallorca-anwalt.com. Las comunicaciones de la entidad al usuario se realizar\u00e1n conforme a los datos de car\u00e1cter personal aportados por este \u00faltimo al registrarse en la p\u00e1gina web www.mallorca-anwalt.com El usuario acepta expresamente y para todas las comunicaciones relacionadas con la utilizaci\u00f3n de la p\u00e1gina web y\/o la contrataci\u00f3n de los servicios ofertados en la misma, la utilizaci\u00f3n del correo electr\u00f3nico como procedimiento v\u00e1lido para la remisi\u00f3n de estas comunicaciones.<\/p>\n<p>Legislaci\u00f3n aplicable y sumisi\u00f3n a fuero.<\/p>\n<p>Las presentes condiciones se regir\u00e1n por la legislaci\u00f3n espa\u00f1ola, que ser\u00e1 de aplicaci\u00f3n en lo no dispuesto en este contrato en materia de interpretaci\u00f3n, validez y ejecuci\u00f3n. Las partes renuncian expresamente al fuero que les pudiera corresponder y someten expresamente a los Juzgados y Tribunales de Palma de Mallorca para resolver cualquier controversia que pueda surgir en la interpretaci\u00f3n o ejecuci\u00f3n de las presentes condiciones contractuales.<\/p>\n<p><strong><u>POL\u00cdTICA DE PRIVACIDAD<\/u><\/strong><\/p>\n<p>De conformidad con lo dispuesto en el Reglamento General de Protecci\u00f3n de Datos RGPD UE 679\/2016 y la Ley Org\u00e1nica 3\/2018 de 5 de Diciembre, de Protecci\u00f3n de Datos Personales y Garant\u00eda de los Derechos Digitales, se le facilita la siguiente informaci\u00f3n del tratamiento de sus datos de car\u00e1cter personal:<\/p>\n<p>\u00bfQui\u00e9n es responsable del tratamiento de sus datos personales?<\/p>\n<p>Responsable del tratamiento: EUROPEAN LAWYERS &amp; PARTNER, S.L., NIF\/CIF: B57776163, Direcci\u00f3n: AVDA. JAIME III, N\u00ba 3, 4\u00ba 2\u00aa, CP: 07012, PALMA DE MALLORCA, Tel\u00e9fono 971722494, Email: info@mallorca-anwalt. com. DELEGADO DE PROTECCI\u00d3N DE DATOS: CONTACTO: \/ http:\/\/www.protecmir.com \/ EMAIL: protecmirlegal@protecmir.com.<\/p>\n<p>\u00bfQu\u00e9 datos tratamos?.<\/p>\n<p>En EUROPEAN LAWYERS &amp; PARTNER, S.L. tratamos los datos personales facilitados por usted a trav\u00e9s de la cumplimentaci\u00f3n de los formularios habilitados a tal efecto en esta p\u00e1gina web, los datos personales derivados de la prestaci\u00f3n o contrataci\u00f3n de nuestros servicios o productos y\/o los datos personales derivados de la relaci\u00f3n comercial que usted mantiene con nosotros. Adem\u00e1s, tratamos los datos personales generados en el contexto de su actividad en nuestra p\u00e1gina web, dentro de cuya categor\u00eda se incluyen sus datos de navegaci\u00f3n obtenidos a trav\u00e9s de la p\u00e1gina web.<\/p>\n<p>Es importante para nosotros mantener el registro de sus datos personales actualizado. Usted tiene la obligaci\u00f3n de mantenernos informados de cualquier cambio o error en sus datos personales tan pronto como sea posible poni\u00e9ndose en contacto con nosotros en el correo electr\u00f3nico: info@mallorca-anwalt.com.<\/p>\n<p>\u00bfCon qu\u00e9 finalidad tratamos sus datos de car\u00e1cter personal?.<\/p>\n<p>Finalidad: EUROPEAN LAWYERS &amp; PARTNER, S.L. podr\u00e1 tratar sus datos personales para las siguientes finalidades:<\/p>\n<p>&nbsp;<\/p>\n<p>-Gesti\u00f3n y mantenimiento de los servicios proporcionados a trav\u00e9s de la p\u00e1gina web.<\/p>\n<p>&nbsp;<\/p>\n<p>\u00bfCu\u00e1nto tiempo conservaremos sus datos de car\u00e1cter personal?.<\/p>\n<p>Conservamos sus datos de car\u00e1cter personal en nuestros sistemas y archivos el tiempo necesario para llevar a cabo los fines del tratamiento, y para cumplir con lo dispuesto en la legislaci\u00f3n aplicable. Se conservar\u00e1n sus datos personales mientras exista una relaci\u00f3n contractual y\/o comercial con usted, o mientras usted no ejerza su derecho de supresi\u00f3n y\/o limitaci\u00f3n del tratamiento de sus datos. El periodo de conservaci\u00f3n de los datos personales variar\u00e1 en funci\u00f3n de los fines del tratamiento y con car\u00e1cter general:<\/p>\n<p>-Los datos personales que nos proporciona en los supuestos de contrataci\u00f3n de nuestros servicios o productos ser\u00e1n conservados durante la relaci\u00f3n contractual y, una vez finalizada la misma, durante el plazo de prescripci\u00f3n de las acciones legales que se puedan derivar de la misma.<\/p>\n<p>&nbsp;<\/p>\n<p>Sus datos de car\u00e1cter personal ser\u00e1n conservados mientras sean \u00fatiles para las finalidades indicadas, y, en cualquier caso, durante los plazos legales y el tiempo necesario para atender a posibles responsabilidades nacidas del tratamiento.<\/p>\n<p>Seguridad de los datos.<\/p>\n<p>Disponemos de medidas de seguridad t\u00e9cnicas y organizativas adecuadas para proteger sus datos personales contra el tratamiento no autorizado o il\u00edcito y contra su p\u00e9rdida, destrucci\u00f3n o da\u00f1o accidental, asegurando la integridad y confidencialidad de los mismos. Las medidas de seguridad t\u00e9cnicas y organizativas implantadas permiten: garantizar la confidencialidad, integridad, disponibilidad y resiliencia permanentes de los sistemas y servicios de tratamiento; restaurar la disponibilidad y el acceso a los datos de car\u00e1cter personal de forma r\u00e1pida en caso de incidente f\u00edsico o t\u00e9cnico; y verificar, evaluar y valorar de forma regular la eficacia de las medidas t\u00e9cnicas y organizativas implantadas para garantizar la seguridad del tratamiento.<\/p>\n<p>Estas medidas de seguridad t\u00e9cnicas y organizativas han sido dise\u00f1adas teniendo en cuenta nuestra infraestructura de TI, el estado de la t\u00e9cnica de acuerdo con los est\u00e1ndares y pr\u00e1cticas actuales, el coste de la aplicaci\u00f3n y la naturaleza, \u00e1mbito, contexto y fines del tratamiento, as\u00ed como los riesgos de diversa probabilidad y gravedad que entra\u00f1a el tratamiento para sus datos personales.<\/p>\n<p>\u00bfCu\u00e1l es la legitimaci\u00f3n para el tratamiento de sus datos?.<\/p>\n<p>Legitimaci\u00f3n: La legitimaci\u00f3n para tratar sus datos de car\u00e1cter personal est\u00e1 basada en:<\/p>\n<p>-La ejecuci\u00f3n y mantenimiento de una relaci\u00f3n contractual y comercial con usted, como, por ejemplo la contrataci\u00f3n de productos y servicios de la entidad, gesti\u00f3n y solicitud de presupuestos de los productos y\/o servicios de la entidad, todo ello de conformidad con lo dispuesto en el art\u00edculo 6.1.B del RGPD (UE) 679\/2016 y la Ley Org\u00e1nica 3\/2018, de 5 de diciembre (LOPDPGDD).<\/p>\n<p>-Su consentimiento expreso para una o varias finalidades, como por ejemplo el env\u00edo de comunicaciones publicitarias o boletines informativos propios o de terceros, gesti\u00f3n de env\u00edos de curriculum vitae, participaci\u00f3n en actividades o concursos, todo ello de conformidad con lo dispuesto el art\u00edculo 6.1.A del RGPD (UE) 679\/2016 y la Ley Org\u00e1nica 3\/2018, de 5 de diciembre (LOPDPGDD).<\/p>\n<p>-El cumplimiento de distintas obligaciones legales, todo ello de conformidad con lo dispuesto en el art\u00edculo 6.1.C del RGPD (UE) 679\/2016 y la Ley Org\u00e1nica 3\/2018, de 5 de diciembre (LOPDPGDD).<\/p>\n<p>&#8212; La satisfacci\u00f3n de intereses leg\u00edtimos perseguidos por el responsable del tratamiento o por un tercero, por ejemplo, por motivos de seguridad, para mejorar nuestros servicios y o para gestionar sus solicitudes o consultas.<\/p>\n<p>Durante el proceso de recogida de datos, y en cada lugar de la web en el que se soliciten datos de car\u00e1cter personal, el usuario ser\u00e1 informado, ya sea mediante un hiperv\u00ednculo, ya sea mediante la inclusi\u00f3n de las menciones oportunas en el propio formulario, del car\u00e1cter obligatorio o no de la recogida de sus datos de car\u00e1cter personal.<\/p>\n<p>Los datos personales solicitados en los formularios de la p\u00e1gina web son, con car\u00e1cter general, obligatorios (salvo que en el campo requerido se especifique lo contrario) para cumplir con las finalidades establecidas. Por lo tanto, si no se facilitan los datos personales solicitados, o no se facilitan correctamente, no podr\u00e1n atenderse las mismas.<\/p>\n<p>Existe la obligaci\u00f3n de facilitar sus datos de car\u00e1cter personal en los supuestos de contrataci\u00f3n de un servicio o producto, y\/o en aquellos supuestos de solicitud de presupuestos u ofertas.<\/p>\n<p>El env\u00edo de comunicaciones publicitarias, newsletter o boletines informativos de nuestros productos y servicios est\u00e1 basado en el consentimiento que se le solicita, sin que en ning\u00fan caso la retirada de este consentimiento condicione la relaci\u00f3n contractual o comercial que usted mantiene con nosotros.<\/p>\n<p>Si usted nos ha autorizado a enviar publicidad de nuestros servicios y productos, sus datos de car\u00e1cter personal pueden ser utilizados para gestionar el env\u00edo de ofertas publicitarias y boletines informativos a trav\u00e9s de medios electr\u00f3nicos. En estos casos resulta de aplicaci\u00f3n lo dispuesto en los art. 20 y 21 de la ley 34\/2002, de 11 de julio, de servicios de la sociedad de la informaci\u00f3n y de comercio electr\u00f3nico, respecto al uso y tratamiento de sus datos de car\u00e1cter personal con el fin de gestionar el env\u00edo de publicidad por medios electr\u00f3nicos.<\/p>\n<p>En caso de que haya marcado la opci\u00f3n de recibir publicidad, o si se ha suscrito a nuestro newsletter o bolet\u00edn informativo, usted puede cancelar esta opci\u00f3n en cualquier momento.<\/p>\n<p>\u00bfA qu\u00e9 destinatarios se comunicar\u00e1n sus datos?.<\/p>\n<p>Destinatarios: Con car\u00e1cter general, sus datos de car\u00e1cter personal no se comunicar\u00e1n a ning\u00fan tercero ajeno a la entidad, salvo obligaci\u00f3n legal. No obstante, le informamos de que terceros proveedores pueden tener acceso a sus datos personales en calidad de encargados del tratamiento, en el marco de la prestaci\u00f3n de un servicio para la entidad responsable del tratamiento. Le informamos de que puede solicitar la relaci\u00f3n completa de los destinatarios que podr\u00e1n recibir sus datos personales como encargados de tratamiento o como terceros receptores por transferencia en el correo electr\u00f3nico: info@mallorca-anwalt.com.Adem\u00e1s de lo anterior, la entidad podr\u00e1 realizar cesiones o comunicaciones de datos personales para atender sus obligaciones ante las<\/p>\n<p>Administraciones P\u00fablicas en los casos que as\u00ed se requiera, de acuerdo con la legislaci\u00f3n vigente.<\/p>\n<p>No hay previsi\u00f3n de transferencias internacionales de datos. No se toman decisiones de adecuaci\u00f3n, garant\u00edas, normas corporativas vinculantes o situaciones espec\u00edficas aplicables.<\/p>\n<p>Derechos: Usted tiene derecho a obtener el acceso a sus datos personales, as\u00ed como a solicitar la rectificaci\u00f3n de los datos inexactos o, en su caso, solicitar su supresi\u00f3n cuando, entre otros motivos, los datos que ya no sean necesarios para los fines que fueron recogidos. En determinadas circunstancias, usted puede solicitar la limitaci\u00f3n del tratamiento de sus datos, en cuyo caso \u00fanicamente los conservaremos para el ejercicio o defensa de reclamaciones. Asimismo, y por motivos relacionados con su situaci\u00f3n particular, usted puede oponerse al tratamiento de sus datos, en cuyo caso su informaci\u00f3n personal dejar\u00e1 de tratarse para aquellas finalidades respecto de las que haya manifestado su oposici\u00f3n. Cuando sea t\u00e9cnicamente posible, usted puede solicitar la portabilidad de sus datos a otro responsable del tratamiento. Para ejercitar estos derechos, de conformidad con la legislaci\u00f3n vigente, usted puede dirigirse por correo postal, adjuntando copia de un documento acreditativo de su identidad (DNI), a EUROPEAN LAWYERS &amp; PARTNER, S.L. en AVDA. JAIME III, N\u00ba 3, 4\u00ba 2\u00aa, CP: 07012, PALMA DE MALLORCA o al email info@mallorca-anwalt.com. Usted tiene derecho a presentar una Reclamaci\u00f3n ante la Autoridad de Control: Agencia Espa\u00f1ola de Protecci\u00f3n Datos (www.agpd.es). Procedencia de los Datos de Car\u00e1cter Personal: el propio interesado.<\/p>\n<p>Usted acepta expresamente la inclusi\u00f3n de los datos de car\u00e1cter personal recabados durante la navegaci\u00f3n en la p\u00e1gina web y\/o proporcionados mediante la cumplimentaci\u00f3n de cualquier formulario, as\u00ed como los derivados de una posible relaci\u00f3n comercial, en los ficheros automatizados de datos de car\u00e1cter personal de la entidad.<\/p>\n<p>La entidad garantiza la confidencialidad de los datos de car\u00e1cter personal de los usuarios. No obstante, la entidad revelar\u00e1 a las autoridades p\u00fablicas competentes los datos personales y cualquier otra informaci\u00f3n que est\u00e9 en su poder o sea accesible a trav\u00e9s de sus sistemas y sea requerida, de conformidad con las disposiciones legales y reglamentarias aplicables al caso. Los datos de car\u00e1cter personal pueden ser conservados en los ficheros titularidad de EUROPEAN LAWYERS &amp; PARTNER, S.L. incluso una vez finalizadas las relaciones comerciales formalizadas a trav\u00e9s de la p\u00e1gina web de la entidad, exclusivamente para los fines indicados anteriormente y, en todo caso, durante los plazos legalmente establecidos, a disposici\u00f3n de autoridades administrativas o judiciales.<\/p>\n","protected":false},"excerpt":{"rendered":"<p>AVISO LEGAL De conformidad con lo dispuesto en los art\u00edculos 10 y 11 de la Ley 34\/ 2002, de 11 de julio, de Servicios de la Sociedad de la Informaci\u00f3n&#8230;<\/p>\n","protected":false},"author":1,"featured_media":0,"parent":0,"menu_order":0,"comment_status":"closed","ping_status":"closed","template":"","meta":[],"yoast_head":"<!-- This site is optimized with the Yoast SEO plugin v19.4 - https:\/\/yoast.com\/wordpress\/plugins\/seo\/ -->\n<title>Aviso Legal - Mallorca Anwalt<\/title>\n<meta name=\"robots\" content=\"index, follow, max-snippet:-1, max-image-preview:large, max-video-preview:-1\" \/>\n<link rel=\"canonical\" href=\"https:\/\/mallorca-anwalt.com\/ru\/aviso-legal\/\" \/>\n<meta property=\"og:locale\" content=\"ru_RU\" \/>\n<meta property=\"og:type\" content=\"article\" \/>\n<meta property=\"og:title\" content=\"Aviso Legal - Mallorca Anwalt\" \/>\n<meta property=\"og:description\" content=\"AVISO LEGAL De conformidad con lo dispuesto en los art\u00edculos 10 y 11 de la Ley 34\/ 2002, de 11 de julio, de Servicios de la Sociedad de la Informaci\u00f3n...\" \/>\n<meta property=\"og:url\" content=\"https:\/\/mallorca-anwalt.com\/ru\/aviso-legal\/\" \/>\n<meta property=\"og:site_name\" content=\"Mallorca Anwalt\" \/>\n<meta property=\"article:modified_time\" content=\"2022-03-16T12:33:41+00:00\" \/>\n<meta name=\"twitter:card\" content=\"summary_large_image\" \/>\n<meta name=\"twitter:label1\" content=\"\u041f\u0440\u0438\u043c\u0435\u0440\u043d\u043e\u0435 \u0432\u0440\u0435\u043c\u044f \u0434\u043b\u044f \u0447\u0442\u0435\u043d\u0438\u044f\" \/>\n\t<meta name=\"twitter:data1\" content=\"5 \u043c\u0438\u043d\u0443\u0442\" \/>\n<script type=\"application\/ld+json\" class=\"yoast-schema-graph\">{\"@context\":\"https:\/\/schema.org\",\"@graph\":[{\"@type\":\"WebSite\",\"@id\":\"https:\/\/mallorca-anwalt.com\/#website\",\"url\":\"https:\/\/mallorca-anwalt.com\/\",\"name\":\"Mallorca Anwalt\",\"description\":\"Rechtsanwalt Mallorca &amp; Ibiza , Gerboth &amp; Partner\",\"potentialAction\":[{\"@type\":\"SearchAction\",\"target\":{\"@type\":\"EntryPoint\",\"urlTemplate\":\"https:\/\/mallorca-anwalt.com\/?s={search_term_string}\"},\"query-input\":\"required name=search_term_string\"}],\"inLanguage\":\"ru-RU\"},{\"@type\":\"WebPage\",\"@id\":\"https:\/\/mallorca-anwalt.com\/ru\/aviso-legal\/\",\"url\":\"https:\/\/mallorca-anwalt.com\/ru\/aviso-legal\/\",\"name\":\"Aviso Legal - Mallorca Anwalt\",\"isPartOf\":{\"@id\":\"https:\/\/mallorca-anwalt.com\/#website\"},\"datePublished\":\"2020-06-26T08:51:50+00:00\",\"dateModified\":\"2022-03-16T12:33:41+00:00\",\"breadcrumb\":{\"@id\":\"https:\/\/mallorca-anwalt.com\/ru\/aviso-legal\/#breadcrumb\"},\"inLanguage\":\"ru-RU\",\"potentialAction\":[{\"@type\":\"ReadAction\",\"target\":[\"https:\/\/mallorca-anwalt.com\/ru\/aviso-legal\/\"]}]},{\"@type\":\"BreadcrumbList\",\"@id\":\"https:\/\/mallorca-anwalt.com\/ru\/aviso-legal\/#breadcrumb\",\"itemListElement\":[{\"@type\":\"ListItem\",\"position\":1,\"name\":\"Portada\",\"item\":\"https:\/\/mallorca-anwalt.com\/ru\/\"},{\"@type\":\"ListItem\",\"position\":2,\"name\":\"Aviso Legal\"}]}]}<\/script>\n<!-- \/ Yoast SEO plugin. -->","yoast_head_json":{"title":"Aviso Legal - Mallorca Anwalt","robots":{"index":"index","follow":"follow","max-snippet":"max-snippet:-1","max-image-preview":"max-image-preview:large","max-video-preview":"max-video-preview:-1"},"canonical":"https:\/\/mallorca-anwalt.com\/ru\/aviso-legal\/","og_locale":"ru_RU","og_type":"article","og_title":"Aviso Legal - Mallorca Anwalt","og_description":"AVISO LEGAL De conformidad con lo dispuesto en los art\u00edculos 10 y 11 de la Ley 34\/ 2002, de 11 de julio, de Servicios de la Sociedad de la Informaci\u00f3n...","og_url":"https:\/\/mallorca-anwalt.com\/ru\/aviso-legal\/","og_site_name":"Mallorca Anwalt","article_modified_time":"2022-03-16T12:33:41+00:00","twitter_card":"summary_large_image","twitter_misc":{"\u041f\u0440\u0438\u043c\u0435\u0440\u043d\u043e\u0435 \u0432\u0440\u0435\u043c\u044f \u0434\u043b\u044f \u0447\u0442\u0435\u043d\u0438\u044f":"5 \u043c\u0438\u043d\u0443\u0442"},"schema":{"@context":"https:\/\/schema.org","@graph":[{"@type":"WebSite","@id":"https:\/\/mallorca-anwalt.com\/#website","url":"https:\/\/mallorca-anwalt.com\/","name":"Mallorca Anwalt","description":"Rechtsanwalt Mallorca &amp; Ibiza , Gerboth &amp; Partner","potentialAction":[{"@type":"SearchAction","target":{"@type":"EntryPoint","urlTemplate":"https:\/\/mallorca-anwalt.com\/?s={search_term_string}"},"query-input":"required name=search_term_string"}],"inLanguage":"ru-RU"},{"@type":"WebPage","@id":"https:\/\/mallorca-anwalt.com\/ru\/aviso-legal\/","url":"https:\/\/mallorca-anwalt.com\/ru\/aviso-legal\/","name":"Aviso Legal - Mallorca Anwalt","isPartOf":{"@id":"https:\/\/mallorca-anwalt.com\/#website"},"datePublished":"2020-06-26T08:51:50+00:00","dateModified":"2022-03-16T12:33:41+00:00","breadcrumb":{"@id":"https:\/\/mallorca-anwalt.com\/ru\/aviso-legal\/#breadcrumb"},"inLanguage":"ru-RU","potentialAction":[{"@type":"ReadAction","target":["https:\/\/mallorca-anwalt.com\/ru\/aviso-legal\/"]}]},{"@type":"BreadcrumbList","@id":"https:\/\/mallorca-anwalt.com\/ru\/aviso-legal\/#breadcrumb","itemListElement":[{"@type":"ListItem","position":1,"name":"Portada","item":"https:\/\/mallorca-anwalt.com\/ru\/"},{"@type":"ListItem","position":2,"name":"Aviso Legal"}]}]}},"_links":{"self":[{"href":"https:\/\/mallorca-anwalt.com\/ru\/wp-json\/wp\/v2\/pages\/969"}],"collection":[{"href":"https:\/\/mallorca-anwalt.com\/ru\/wp-json\/wp\/v2\/pages"}],"about":[{"href":"https:\/\/mallorca-anwalt.com\/ru\/wp-json\/wp\/v2\/types\/page"}],"author":[{"embeddable":true,"href":"https:\/\/mallorca-anwalt.com\/ru\/wp-json\/wp\/v2\/users\/1"}],"replies":[{"embeddable":true,"href":"https:\/\/mallorca-anwalt.com\/ru\/wp-json\/wp\/v2\/comments?post=969"}],"version-history":[{"count":1,"href":"https:\/\/mallorca-anwalt.com\/ru\/wp-json\/wp\/v2\/pages\/969\/revisions"}],"predecessor-version":[{"id":1343,"href":"https:\/\/mallorca-anwalt.com\/ru\/wp-json\/wp\/v2\/pages\/969\/revisions\/1343"}],"wp:attachment":[{"href":"https:\/\/mallorca-anwalt.com\/ru\/wp-json\/wp\/v2\/media?parent=969"}],"curies":[{"name":"wp","href":"https:\/\/api.w.org\/{rel}","templated":true}]}}